{"id":68435,"date":"2026-04-14T17:42:56","date_gmt":"2026-04-14T21:42:56","guid":{"rendered":"https:\/\/monicavarela.com\/?post_type=product&#038;p=68435"},"modified":"2026-04-14T17:42:57","modified_gmt":"2026-04-14T21:42:57","slug":"stellar-cross-larimar-necklace","status":"publish","type":"product","link":"https:\/\/monicavarela.com\/es\/product\/stellar-cross-larimar-necklace\/","title":{"rendered":"Stellar Cross Larimar Necklace"},"content":{"rendered":"<p><a class=\"confirm_avail\" href=\"https:\/\/wa.me\/18495203113??text=Hi,%20I%20am%20interested%20in%20the%20Stellar%20Cross%20Larimar%20Necklace\u2026https:\/\/monicavarela.com\/product\/stellar-cross-larimar-necklace\" target=\"_blank\" rel=\"noopener\">CONTACTA UNA MVAJADORA<\/a><\/p>","protected":false},"excerpt":{"rendered":"<p>Una forma de cruz reinterpretada a trav\u00e9s del larimar y l\u00edneas fluidas de oro. \u00cdntima y luminosa, encierra un sutil sentido. <\/p>\n<p>Larimar engastado en oro de 18k.<\/p>","protected":false},"featured_media":68504,"template":"","meta":{"wds_primary_product_brand":0,"wds_primary_product_cat":0,"wds_primary_giftcard-category":0,"footnotes":"","_links_to":"","_links_to_target":""},"product_brand":[],"product_cat":[1068,766],"product_tag":[991,749],"giftcard-category":[],"class_list":{"0":"post-68435","1":"product","2":"type-product","3":"status-publish","4":"has-post-thumbnail","6":"product_cat-fauli","7":"product_cat-fine-jewelry","8":"product_tag-for-her","9":"product_tag-preorder","10":"pa_by-type-neckpieces","11":"pa_collection-fauli","12":"pa_material-18k-gold","13":"pa_short-material-18k-gold","14":"pa_stone-larimar","16":"first","17":"outofstock","18":"shipping-taxable","19":"product-type-simple","20":"add-to-wishlist-before_image"},"_links":{"self":[{"href":"https:\/\/monicavarela.com\/es\/wp-json\/wp\/v2\/product\/68435","targetHints":{"allow":["GET"]}}],"collection":[{"href":"https:\/\/monicavarela.com\/es\/wp-json\/wp\/v2\/product"}],"about":[{"href":"https:\/\/monicavarela.com\/es\/wp-json\/wp\/v2\/types\/product"}],"version-history":[{"count":2,"href":"https:\/\/monicavarela.com\/es\/wp-json\/wp\/v2\/product\/68435\/revisions"}],"predecessor-version":[{"id":68487,"href":"https:\/\/monicavarela.com\/es\/wp-json\/wp\/v2\/product\/68435\/revisions\/68487"}],"wp:featuredmedia":[{"embeddable":true,"href":"https:\/\/monicavarela.com\/es\/wp-json\/wp\/v2\/media\/68504"}],"wp:attachment":[{"href":"https:\/\/monicavarela.com\/es\/wp-json\/wp\/v2\/media?parent=68435"}],"wp:term":[{"taxonomy":"product_brand","embeddable":true,"href":"https:\/\/monicavarela.com\/es\/wp-json\/wp\/v2\/product_brand?post=68435"},{"taxonomy":"product_cat","embeddable":true,"href":"https:\/\/monicavarela.com\/es\/wp-json\/wp\/v2\/product_cat?post=68435"},{"taxonomy":"product_tag","embeddable":true,"href":"https:\/\/monicavarela.com\/es\/wp-json\/wp\/v2\/product_tag?post=68435"},{"taxonomy":"giftcard-category","embeddable":true,"href":"https:\/\/monicavarela.com\/es\/wp-json\/wp\/v2\/giftcard-category?post=68435"}],"curies":[{"name":"wp","href":"https:\/\/api.w.org\/{rel}","templated":true}]}}