{"id":68434,"date":"2026-04-14T17:42:55","date_gmt":"2026-04-14T21:42:55","guid":{"rendered":"https:\/\/monicavarela.com\/?post_type=product&#038;p=68434"},"modified":"2026-04-14T17:42:56","modified_gmt":"2026-04-14T21:42:56","slug":"radiance-larimar-pendant","status":"publish","type":"product","link":"https:\/\/monicavarela.com\/es\/product\/radiance-larimar-pendant\/","title":{"rendered":"Radiance Larimar Pendant"},"content":{"rendered":"<p><a class=\"confirm_avail\" href=\"https:\/\/wa.me\/18495203113??text=Hi,%20I%20am%20interested%20in%20the%20Radiance%20Larimar%20Pendant\u2026https:\/\/monicavarela.com\/product\/radiance-larimar-pendant\" target=\"_blank\" rel=\"noopener\">CONTACTA UNA MVAJADORA<\/a><\/p>","protected":false},"excerpt":{"rendered":"<p>El larimar en su expresi\u00f3n m\u00e1s pura, sostenido en oro con contornos naturales. Luminoso con gracia innata se convierte en una extensi\u00f3n de quien lo lleva. <\/p>\n<p>Elaborados larimar y oro de 18k.<\/p>","protected":false},"featured_media":68502,"template":"","meta":{"wds_primary_product_brand":0,"wds_primary_product_cat":0,"wds_primary_giftcard-category":0,"footnotes":"","_links_to":"","_links_to_target":""},"product_brand":[],"product_cat":[1068,766],"product_tag":[991,749],"giftcard-category":[],"class_list":{"0":"post-68434","1":"product","2":"type-product","3":"status-publish","4":"has-post-thumbnail","6":"product_cat-fauli","7":"product_cat-fine-jewelry","8":"product_tag-for-her","9":"product_tag-preorder","10":"pa_by-type-rings","11":"pa_collection-fauli","12":"pa_material-18k-gold","13":"pa_short-material-18k-gold","14":"pa_stone-larimar","16":"first","17":"outofstock","18":"shipping-taxable","19":"product-type-simple","20":"add-to-wishlist-before_image"},"_links":{"self":[{"href":"https:\/\/monicavarela.com\/es\/wp-json\/wp\/v2\/product\/68434","targetHints":{"allow":["GET"]}}],"collection":[{"href":"https:\/\/monicavarela.com\/es\/wp-json\/wp\/v2\/product"}],"about":[{"href":"https:\/\/monicavarela.com\/es\/wp-json\/wp\/v2\/types\/product"}],"version-history":[{"count":2,"href":"https:\/\/monicavarela.com\/es\/wp-json\/wp\/v2\/product\/68434\/revisions"}],"predecessor-version":[{"id":68486,"href":"https:\/\/monicavarela.com\/es\/wp-json\/wp\/v2\/product\/68434\/revisions\/68486"}],"wp:featuredmedia":[{"embeddable":true,"href":"https:\/\/monicavarela.com\/es\/wp-json\/wp\/v2\/media\/68502"}],"wp:attachment":[{"href":"https:\/\/monicavarela.com\/es\/wp-json\/wp\/v2\/media?parent=68434"}],"wp:term":[{"taxonomy":"product_brand","embeddable":true,"href":"https:\/\/monicavarela.com\/es\/wp-json\/wp\/v2\/product_brand?post=68434"},{"taxonomy":"product_cat","embeddable":true,"href":"https:\/\/monicavarela.com\/es\/wp-json\/wp\/v2\/product_cat?post=68434"},{"taxonomy":"product_tag","embeddable":true,"href":"https:\/\/monicavarela.com\/es\/wp-json\/wp\/v2\/product_tag?post=68434"},{"taxonomy":"giftcard-category","embeddable":true,"href":"https:\/\/monicavarela.com\/es\/wp-json\/wp\/v2\/giftcard-category?post=68434"}],"curies":[{"name":"wp","href":"https:\/\/api.w.org\/{rel}","templated":true}]}}