{"id":68431,"date":"2026-04-14T17:42:52","date_gmt":"2026-04-14T21:42:52","guid":{"rendered":"https:\/\/monicavarela.com\/?post_type=product&#038;p=68431"},"modified":"2026-05-03T17:39:15","modified_gmt":"2026-05-03T21:39:15","slug":"radiance-cloud-pave-larimar-ring","status":"publish","type":"product","link":"https:\/\/monicavarela.com\/es\/product\/radiance-cloud-pave-larimar-ring\/","title":{"rendered":"Radiance Cloud Pav\u00e9 Larimar Ring"},"content":{"rendered":"<\/p>","protected":false},"excerpt":{"rendered":"<p>Larimar se inscribe en una silueta suave, de inspiraci\u00f3n et\u00e9rea, acentuada por delicados diamantes naturales engastados en pav\u00e9. Un delicado entrelazado de luz y forma. <\/p>\n<p>Elaborado en larimar, diamantes naturales y oro de 18k.<\/p>","protected":false},"featured_media":68493,"template":"","meta":{"wds_primary_product_brand":0,"wds_primary_product_cat":0,"wds_primary_giftcard-category":0,"footnotes":"","_links_to":"","_links_to_target":""},"product_brand":[],"product_cat":[1068,766],"product_tag":[991,749],"giftcard-category":[],"class_list":{"0":"post-68431","1":"product","2":"type-product","3":"status-publish","4":"has-post-thumbnail","6":"product_cat-fauli","7":"product_cat-fine-jewelry","8":"product_tag-for-her","9":"product_tag-preorder","10":"pa_by-type-rings","11":"pa_collection-fauli","12":"pa_material-18k-gold","13":"pa_short-material-18k-gold","14":"pa_stone-larimar","16":"first","17":"outofstock","18":"shipping-taxable","19":"product-type-simple","20":"add-to-wishlist-before_image"},"_links":{"self":[{"href":"https:\/\/monicavarela.com\/es\/wp-json\/wp\/v2\/product\/68431","targetHints":{"allow":["GET"]}}],"collection":[{"href":"https:\/\/monicavarela.com\/es\/wp-json\/wp\/v2\/product"}],"about":[{"href":"https:\/\/monicavarela.com\/es\/wp-json\/wp\/v2\/types\/product"}],"version-history":[{"count":2,"href":"https:\/\/monicavarela.com\/es\/wp-json\/wp\/v2\/product\/68431\/revisions"}],"predecessor-version":[{"id":69176,"href":"https:\/\/monicavarela.com\/es\/wp-json\/wp\/v2\/product\/68431\/revisions\/69176"}],"wp:featuredmedia":[{"embeddable":true,"href":"https:\/\/monicavarela.com\/es\/wp-json\/wp\/v2\/media\/68493"}],"wp:attachment":[{"href":"https:\/\/monicavarela.com\/es\/wp-json\/wp\/v2\/media?parent=68431"}],"wp:term":[{"taxonomy":"product_brand","embeddable":true,"href":"https:\/\/monicavarela.com\/es\/wp-json\/wp\/v2\/product_brand?post=68431"},{"taxonomy":"product_cat","embeddable":true,"href":"https:\/\/monicavarela.com\/es\/wp-json\/wp\/v2\/product_cat?post=68431"},{"taxonomy":"product_tag","embeddable":true,"href":"https:\/\/monicavarela.com\/es\/wp-json\/wp\/v2\/product_tag?post=68431"},{"taxonomy":"giftcard-category","embeddable":true,"href":"https:\/\/monicavarela.com\/es\/wp-json\/wp\/v2\/giftcard-category?post=68431"}],"curies":[{"name":"wp","href":"https:\/\/api.w.org\/{rel}","templated":true}]}}