{"id":68428,"date":"2026-04-14T17:42:57","date_gmt":"2026-04-14T21:42:57","guid":{"rendered":"https:\/\/monicavarela.com\/?post_type=product&#038;p=68428"},"modified":"2026-04-14T17:42:58","modified_gmt":"2026-04-14T21:42:58","slug":"stellar-elongated-cosmic-purple-amethyst-necklace","status":"publish","type":"product","link":"https:\/\/monicavarela.com\/es\/product\/stellar-elongated-cosmic-purple-amethyst-necklace\/","title":{"rendered":"Stellar Elongated Cosmic Purple Amethyst Necklace"},"content":{"rendered":"<p><a class=\"confirm_avail\" href=\"https:\/\/wa.me\/18495203113??text=Hi,%20I%20am%20interested%20in%20the%20Stellar%20Elongated%20Cosmic%20Purple%20Amethyst%20Necklace\u2026https:\/\/monicavarela.com\/product\/stellar-elongated-cosmic-purple-amethyst-necklace\" target=\"_blank\" rel=\"noopener\">CONTACTA UNA MVAJADORA<\/a><\/p>","protected":false},"excerpt":{"rendered":"<p>Una forma alargada de amatista desciende con gracia serena revelando profundos matices violetas de inspiraci\u00f3n c\u00f3smica. Sobre una estructura org\u00e1nica de titanio en tonos monocrom\u00e1ticos, se define como una expresi\u00f3n singular de luz y movimiento. <\/p>\n<p>Amatista engastada en titanio anodizado y oro de 18k.<\/p>","protected":false},"featured_media":68511,"template":"","meta":{"wds_primary_product_brand":0,"wds_primary_product_cat":0,"wds_primary_giftcard-category":0,"footnotes":"","_links_to":"","_links_to_target":""},"product_brand":[],"product_cat":[1068,766],"product_tag":[991,749],"giftcard-category":[],"class_list":{"0":"post-68428","1":"product","2":"type-product","3":"status-publish","4":"has-post-thumbnail","6":"product_cat-fauli","7":"product_cat-fine-jewelry","8":"product_tag-for-her","9":"product_tag-preorder","10":"pa_by-type-neckpieces","11":"pa_collection-fauli","12":"pa_material-titanium","13":"pa_short-material-titanium","14":"pa_stone-amethyst","16":"first","17":"outofstock","18":"shipping-taxable","19":"product-type-simple","20":"add-to-wishlist-before_image"},"_links":{"self":[{"href":"https:\/\/monicavarela.com\/es\/wp-json\/wp\/v2\/product\/68428","targetHints":{"allow":["GET"]}}],"collection":[{"href":"https:\/\/monicavarela.com\/es\/wp-json\/wp\/v2\/product"}],"about":[{"href":"https:\/\/monicavarela.com\/es\/wp-json\/wp\/v2\/types\/product"}],"version-history":[{"count":2,"href":"https:\/\/monicavarela.com\/es\/wp-json\/wp\/v2\/product\/68428\/revisions"}],"predecessor-version":[{"id":68480,"href":"https:\/\/monicavarela.com\/es\/wp-json\/wp\/v2\/product\/68428\/revisions\/68480"}],"wp:featuredmedia":[{"embeddable":true,"href":"https:\/\/monicavarela.com\/es\/wp-json\/wp\/v2\/media\/68511"}],"wp:attachment":[{"href":"https:\/\/monicavarela.com\/es\/wp-json\/wp\/v2\/media?parent=68428"}],"wp:term":[{"taxonomy":"product_brand","embeddable":true,"href":"https:\/\/monicavarela.com\/es\/wp-json\/wp\/v2\/product_brand?post=68428"},{"taxonomy":"product_cat","embeddable":true,"href":"https:\/\/monicavarela.com\/es\/wp-json\/wp\/v2\/product_cat?post=68428"},{"taxonomy":"product_tag","embeddable":true,"href":"https:\/\/monicavarela.com\/es\/wp-json\/wp\/v2\/product_tag?post=68428"},{"taxonomy":"giftcard-category","embeddable":true,"href":"https:\/\/monicavarela.com\/es\/wp-json\/wp\/v2\/giftcard-category?post=68428"}],"curies":[{"name":"wp","href":"https:\/\/api.w.org\/{rel}","templated":true}]}}