{"id":68427,"date":"2026-04-14T17:43:07","date_gmt":"2026-04-14T21:43:07","guid":{"rendered":"https:\/\/monicavarela.com\/?post_type=product&#038;p=68427"},"modified":"2026-04-14T17:43:08","modified_gmt":"2026-04-14T21:43:08","slug":"radiance-cross-amethtyst-larimar-necklace","status":"publish","type":"product","link":"https:\/\/monicavarela.com\/es\/product\/radiance-cross-amethtyst-larimar-necklace\/","title":{"rendered":"Radiance Cross Amethtyst &#038; Larimar Necklace"},"content":{"rendered":"<p><a class=\"confirm_avail\" href=\"https:\/\/wa.me\/18495203113??text=Hi,%20I%20am%20interested%20in%20the%20Radiance%20Cross%20Amethtyst%20&#038;%20Larimar%20Necklace\u2026https:\/\/monicavarela.com\/product\/radiance-cross-amethtyst-larimar-necklace\" target=\"_blank\" rel=\"noopener\">CONTACTA UNA MVAJADORA<\/a><\/p>","protected":false},"excerpt":{"rendered":"<p>La amatista y el larimar convergen en una forma de cruz, cargada de simbolismo e intenci\u00f3n, en la que energ\u00edas terrenales y et\u00e9reas se encuentran en perfecto equilibrio. <\/p>\n<p>Amatista y larimar engastados en titanio anodizado y oro de 18k.<\/p>","protected":false},"featured_media":68509,"template":"","meta":{"wds_primary_product_brand":0,"wds_primary_product_cat":0,"wds_primary_giftcard-category":0,"footnotes":"","_links_to":"","_links_to_target":""},"product_brand":[],"product_cat":[1068,766],"product_tag":[991,749],"giftcard-category":[],"class_list":{"0":"post-68427","1":"product","2":"type-product","3":"status-publish","4":"has-post-thumbnail","6":"product_cat-fauli","7":"product_cat-fine-jewelry","8":"product_tag-for-her","9":"product_tag-preorder","10":"pa_by-type-neckpieces","11":"pa_collection-fauli","12":"pa_material-titanium","13":"pa_short-material-titanium","14":"pa_stone-amethyst","15":"pa_stone-larimar","17":"first","18":"outofstock","19":"shipping-taxable","20":"product-type-simple","21":"add-to-wishlist-before_image"},"_links":{"self":[{"href":"https:\/\/monicavarela.com\/es\/wp-json\/wp\/v2\/product\/68427","targetHints":{"allow":["GET"]}}],"collection":[{"href":"https:\/\/monicavarela.com\/es\/wp-json\/wp\/v2\/product"}],"about":[{"href":"https:\/\/monicavarela.com\/es\/wp-json\/wp\/v2\/types\/product"}],"version-history":[{"count":2,"href":"https:\/\/monicavarela.com\/es\/wp-json\/wp\/v2\/product\/68427\/revisions"}],"predecessor-version":[{"id":68479,"href":"https:\/\/monicavarela.com\/es\/wp-json\/wp\/v2\/product\/68427\/revisions\/68479"}],"wp:featuredmedia":[{"embeddable":true,"href":"https:\/\/monicavarela.com\/es\/wp-json\/wp\/v2\/media\/68509"}],"wp:attachment":[{"href":"https:\/\/monicavarela.com\/es\/wp-json\/wp\/v2\/media?parent=68427"}],"wp:term":[{"taxonomy":"product_brand","embeddable":true,"href":"https:\/\/monicavarela.com\/es\/wp-json\/wp\/v2\/product_brand?post=68427"},{"taxonomy":"product_cat","embeddable":true,"href":"https:\/\/monicavarela.com\/es\/wp-json\/wp\/v2\/product_cat?post=68427"},{"taxonomy":"product_tag","embeddable":true,"href":"https:\/\/monicavarela.com\/es\/wp-json\/wp\/v2\/product_tag?post=68427"},{"taxonomy":"giftcard-category","embeddable":true,"href":"https:\/\/monicavarela.com\/es\/wp-json\/wp\/v2\/giftcard-category?post=68427"}],"curies":[{"name":"wp","href":"https:\/\/api.w.org\/{rel}","templated":true}]}}