{"id":68425,"date":"2026-04-14T17:43:06","date_gmt":"2026-04-14T21:43:06","guid":{"rendered":"https:\/\/monicavarela.com\/?post_type=product&#038;p=68425"},"modified":"2026-04-14T17:43:07","modified_gmt":"2026-04-14T21:43:07","slug":"radiance-biolume-cosmic-purple-larimar-amethyst-necklace","status":"publish","type":"product","link":"https:\/\/monicavarela.com\/es\/product\/radiance-biolume-cosmic-purple-larimar-amethyst-necklace\/","title":{"rendered":"Radiance Biolume Cosmic Purple Larimar &#038; Amethyst Necklace"},"content":{"rendered":"<p><a class=\"confirm_avail\" href=\"https:\/\/wa.me\/18495203113??text=Hi,%20I%20am%20interested%20in%20the%20Radiance%20Biolume%20Cosmic%20Purple%20Larimar%20&#038;%20Amethyst%20Necklace\u2026https:\/\/monicavarela.com\/product\/radiance-biolume-cosmic-purple-larimar-amethyst-necklace\" target=\"_blank\" rel=\"noopener\">CONTACTA UNA MVAJADORA<\/a><\/p>","protected":false},"excerpt":{"rendered":"<p>Una composici\u00f3n imponente de larimar y amatista, con una luminosidad c\u00f3smica. La luz y el color colisionan en una estructura viva, fluida y enigm\u00e1tica. <\/p>\n<p>Larimar and amethysts set in anodized titanium and 18k gold.<\/p>","protected":false},"featured_media":68512,"template":"","meta":{"wds_primary_product_brand":0,"wds_primary_product_cat":0,"wds_primary_giftcard-category":0,"footnotes":"","_links_to":"","_links_to_target":""},"product_brand":[],"product_cat":[1068,766],"product_tag":[991,749],"giftcard-category":[],"class_list":{"0":"post-68425","1":"product","2":"type-product","3":"status-publish","4":"has-post-thumbnail","6":"product_cat-fauli","7":"product_cat-fine-jewelry","8":"product_tag-for-her","9":"product_tag-preorder","10":"pa_by-type-neckpieces","11":"pa_collection-fauli","12":"pa_material-titanium","13":"pa_short-material-titanium","14":"pa_stone-amethyst","15":"pa_stone-larimar","17":"first","18":"outofstock","19":"shipping-taxable","20":"product-type-simple","21":"add-to-wishlist-before_image"},"_links":{"self":[{"href":"https:\/\/monicavarela.com\/es\/wp-json\/wp\/v2\/product\/68425","targetHints":{"allow":["GET"]}}],"collection":[{"href":"https:\/\/monicavarela.com\/es\/wp-json\/wp\/v2\/product"}],"about":[{"href":"https:\/\/monicavarela.com\/es\/wp-json\/wp\/v2\/types\/product"}],"version-history":[{"count":2,"href":"https:\/\/monicavarela.com\/es\/wp-json\/wp\/v2\/product\/68425\/revisions"}],"predecessor-version":[{"id":68477,"href":"https:\/\/monicavarela.com\/es\/wp-json\/wp\/v2\/product\/68425\/revisions\/68477"}],"wp:featuredmedia":[{"embeddable":true,"href":"https:\/\/monicavarela.com\/es\/wp-json\/wp\/v2\/media\/68512"}],"wp:attachment":[{"href":"https:\/\/monicavarela.com\/es\/wp-json\/wp\/v2\/media?parent=68425"}],"wp:term":[{"taxonomy":"product_brand","embeddable":true,"href":"https:\/\/monicavarela.com\/es\/wp-json\/wp\/v2\/product_brand?post=68425"},{"taxonomy":"product_cat","embeddable":true,"href":"https:\/\/monicavarela.com\/es\/wp-json\/wp\/v2\/product_cat?post=68425"},{"taxonomy":"product_tag","embeddable":true,"href":"https:\/\/monicavarela.com\/es\/wp-json\/wp\/v2\/product_tag?post=68425"},{"taxonomy":"giftcard-category","embeddable":true,"href":"https:\/\/monicavarela.com\/es\/wp-json\/wp\/v2\/giftcard-category?post=68425"}],"curies":[{"name":"wp","href":"https:\/\/api.w.org\/{rel}","templated":true}]}}