{"id":68421,"date":"2026-04-14T17:43:02","date_gmt":"2026-04-14T21:43:02","guid":{"rendered":"https:\/\/monicavarela.com\/?post_type=product&#038;p=68421"},"modified":"2026-04-14T17:43:03","modified_gmt":"2026-04-14T21:43:03","slug":"radiance-cosmic-purple-amethyst-pendant","status":"publish","type":"product","link":"https:\/\/monicavarela.com\/es\/product\/radiance-cosmic-purple-amethyst-pendant\/","title":{"rendered":"Radiance Cosmic Purple Amethyst Pendant"},"content":{"rendered":"<p><a class=\"confirm_avail\" href=\"https:\/\/wa.me\/18495203113??text=Hi,%20I%20am%20interested%20in%20the%20Radiance%20Cosmic%20Purple%20Amethyst%20Pendant\u2026https:\/\/monicavarela.com\/product\/radiance-cosmic-purple-amethyst-pendant\" target=\"_blank\" rel=\"noopener\">CONTACTA UNA MVAJADORA<\/a><\/p>","protected":false},"excerpt":{"rendered":"<p>Una amatista en tonos violeta c\u00f3smico, suspendida en una forma escult\u00f3rica de titanio monocrom\u00e1tico. Su presencia es \u00edntima, profunda y expansiva. <\/p>\n<p>Amatista engastada en titanio anodizado y oro de 18k.<\/p>","protected":false},"featured_media":68508,"template":"","meta":{"wds_primary_product_brand":0,"wds_primary_product_cat":0,"wds_primary_giftcard-category":0,"footnotes":"","_links_to":"","_links_to_target":""},"product_brand":[],"product_cat":[1068,766],"product_tag":[991,749],"giftcard-category":[],"class_list":{"0":"post-68421","1":"product","2":"type-product","3":"status-publish","4":"has-post-thumbnail","6":"product_cat-fauli","7":"product_cat-fine-jewelry","8":"product_tag-for-her","9":"product_tag-preorder","10":"pa_by-type-neckpieces","11":"pa_collection-fauli","12":"pa_material-titanium","13":"pa_short-material-titanium","14":"pa_stone-amethyst","16":"first","17":"outofstock","18":"shipping-taxable","19":"product-type-simple","20":"add-to-wishlist-before_image"},"_links":{"self":[{"href":"https:\/\/monicavarela.com\/es\/wp-json\/wp\/v2\/product\/68421","targetHints":{"allow":["GET"]}}],"collection":[{"href":"https:\/\/monicavarela.com\/es\/wp-json\/wp\/v2\/product"}],"about":[{"href":"https:\/\/monicavarela.com\/es\/wp-json\/wp\/v2\/types\/product"}],"version-history":[{"count":2,"href":"https:\/\/monicavarela.com\/es\/wp-json\/wp\/v2\/product\/68421\/revisions"}],"predecessor-version":[{"id":68473,"href":"https:\/\/monicavarela.com\/es\/wp-json\/wp\/v2\/product\/68421\/revisions\/68473"}],"wp:featuredmedia":[{"embeddable":true,"href":"https:\/\/monicavarela.com\/es\/wp-json\/wp\/v2\/media\/68508"}],"wp:attachment":[{"href":"https:\/\/monicavarela.com\/es\/wp-json\/wp\/v2\/media?parent=68421"}],"wp:term":[{"taxonomy":"product_brand","embeddable":true,"href":"https:\/\/monicavarela.com\/es\/wp-json\/wp\/v2\/product_brand?post=68421"},{"taxonomy":"product_cat","embeddable":true,"href":"https:\/\/monicavarela.com\/es\/wp-json\/wp\/v2\/product_cat?post=68421"},{"taxonomy":"product_tag","embeddable":true,"href":"https:\/\/monicavarela.com\/es\/wp-json\/wp\/v2\/product_tag?post=68421"},{"taxonomy":"giftcard-category","embeddable":true,"href":"https:\/\/monicavarela.com\/es\/wp-json\/wp\/v2\/giftcard-category?post=68421"}],"curies":[{"name":"wp","href":"https:\/\/api.w.org\/{rel}","templated":true}]}}