{"id":68391,"date":"2026-04-14T17:43:08","date_gmt":"2026-04-14T21:43:08","guid":{"rendered":"https:\/\/monicavarela.com\/?post_type=product&#038;p=68391"},"modified":"2026-04-14T22:20:12","modified_gmt":"2026-04-15T02:20:12","slug":"radiance-cosmic-purple-amethyst-earrings","status":"publish","type":"product","link":"https:\/\/monicavarela.com\/es\/product\/radiance-cosmic-purple-amethyst-earrings\/","title":{"rendered":"Radiance Cosmic Purple Amethyst Earrings"},"content":{"rendered":"<p><a class=\"confirm_avail\" href=\"https:\/\/wa.me\/18495203113??text=Hi,%20I%20am%20interested%20in%20the%20Radiance%20Cosmic%20Purple%20Amethyst%20Earrings\u2026https:\/\/monicavarela.com\/product\/radiance-cosmic-purple-amethyst-earrings\/\" target=\"_blank\" rel=\"noopener\">CONTACTA UNA MVAJADORA<\/a><\/p>","protected":false},"excerpt":{"rendered":"<p>Amatista en complejos tonos nocturnos, irradia luz con t\u00e1cita intensidad desde un org\u00e1nico centro monocrom\u00e1tico. Una pieza que habita entre mar y cielo, terrenal y celestial a la vez.<\/p>\n<p>Engastados en titanio anodizado y oro de 18k.<\/p>","protected":false},"featured_media":68500,"template":"","meta":{"wds_primary_product_brand":0,"wds_primary_product_cat":0,"wds_primary_giftcard-category":0,"footnotes":"","_links_to":"","_links_to_target":""},"product_brand":[],"product_cat":[1068,766],"product_tag":[991,749],"giftcard-category":[],"class_list":{"0":"post-68391","1":"product","2":"type-product","3":"status-publish","4":"has-post-thumbnail","6":"product_cat-fauli","7":"product_cat-fine-jewelry","8":"product_tag-for-her","9":"product_tag-preorder","10":"pa_by-type-earrings","11":"pa_collection-fauli","12":"pa_material-titanium","13":"pa_short-material-titanium","14":"pa_stone-amethyst","16":"first","17":"outofstock","18":"shipping-taxable","19":"product-type-simple","20":"add-to-wishlist-before_image"},"_links":{"self":[{"href":"https:\/\/monicavarela.com\/es\/wp-json\/wp\/v2\/product\/68391","targetHints":{"allow":["GET"]}}],"collection":[{"href":"https:\/\/monicavarela.com\/es\/wp-json\/wp\/v2\/product"}],"about":[{"href":"https:\/\/monicavarela.com\/es\/wp-json\/wp\/v2\/types\/product"}],"version-history":[{"count":4,"href":"https:\/\/monicavarela.com\/es\/wp-json\/wp\/v2\/product\/68391\/revisions"}],"predecessor-version":[{"id":68581,"href":"https:\/\/monicavarela.com\/es\/wp-json\/wp\/v2\/product\/68391\/revisions\/68581"}],"wp:featuredmedia":[{"embeddable":true,"href":"https:\/\/monicavarela.com\/es\/wp-json\/wp\/v2\/media\/68500"}],"wp:attachment":[{"href":"https:\/\/monicavarela.com\/es\/wp-json\/wp\/v2\/media?parent=68391"}],"wp:term":[{"taxonomy":"product_brand","embeddable":true,"href":"https:\/\/monicavarela.com\/es\/wp-json\/wp\/v2\/product_brand?post=68391"},{"taxonomy":"product_cat","embeddable":true,"href":"https:\/\/monicavarela.com\/es\/wp-json\/wp\/v2\/product_cat?post=68391"},{"taxonomy":"product_tag","embeddable":true,"href":"https:\/\/monicavarela.com\/es\/wp-json\/wp\/v2\/product_tag?post=68391"},{"taxonomy":"giftcard-category","embeddable":true,"href":"https:\/\/monicavarela.com\/es\/wp-json\/wp\/v2\/giftcard-category?post=68391"}],"curies":[{"name":"wp","href":"https:\/\/api.w.org\/{rel}","templated":true}]}}