{"id":68218,"date":"2026-03-18T18:24:51","date_gmt":"2026-03-18T22:24:51","guid":{"rendered":"https:\/\/monicavarela.com\/?post_type=product&#038;p=68218"},"modified":"2026-03-18T19:06:29","modified_gmt":"2026-03-18T23:06:29","slug":"union-midi-stud-earrings-silver","status":"publish","type":"product","link":"https:\/\/monicavarela.com\/es\/product\/union-midi-stud-earrings-silver\/","title":{"rendered":"Union Midi Stud Earrings"},"content":{"rendered":"","protected":false},"excerpt":{"rendered":"<p>Union Midi Stud Earrings exploran la conexi\u00f3n a trav\u00e9s de una forma contenida y precisa. Su silueta escult\u00f3rica refleja el encuentro entre elementos en equilibrio, donde cada curva aporta tensi\u00f3n y armon\u00eda a la vez. Estos aretes tipo stud en acabado dorado se integran con naturalidad, creando un acento sutil que acompa\u00f1a sin imponerse.<\/p>","protected":false},"featured_media":68213,"template":"","meta":{"wds_primary_product_brand":0,"wds_primary_product_cat":0,"wds_primary_giftcard-category":0,"footnotes":"","_links_to":"","_links_to_target":""},"product_brand":[],"product_cat":[1032,1007,735,1041,1058],"product_tag":[],"giftcard-category":[],"class_list":{"0":"post-68218","1":"product","2":"type-product","3":"status-publish","4":"has-post-thumbnail","6":"product_cat-inspire","7":"product_cat-shop","8":"product_cat-forma-y-vacio","9":"product_cat-the-mv-edit","10":"product_cat-the-valentines-edit","11":"pa_by-type-earrings","12":"pa_collection-forma-y-vacio","13":"pa_material-925-sterling-silver","14":"pa_short-material-platinum-micron-plating","16":"first","17":"outofstock","18":"featured","19":"shipping-taxable","20":"purchasable","21":"product-type-simple","22":"add-to-wishlist-before_image"},"_links":{"self":[{"href":"https:\/\/monicavarela.com\/es\/wp-json\/wp\/v2\/product\/68218","targetHints":{"allow":["GET"]}}],"collection":[{"href":"https:\/\/monicavarela.com\/es\/wp-json\/wp\/v2\/product"}],"about":[{"href":"https:\/\/monicavarela.com\/es\/wp-json\/wp\/v2\/types\/product"}],"version-history":[{"count":1,"href":"https:\/\/monicavarela.com\/es\/wp-json\/wp\/v2\/product\/68218\/revisions"}],"predecessor-version":[{"id":68219,"href":"https:\/\/monicavarela.com\/es\/wp-json\/wp\/v2\/product\/68218\/revisions\/68219"}],"wp:featuredmedia":[{"embeddable":true,"href":"https:\/\/monicavarela.com\/es\/wp-json\/wp\/v2\/media\/68213"}],"wp:attachment":[{"href":"https:\/\/monicavarela.com\/es\/wp-json\/wp\/v2\/media?parent=68218"}],"wp:term":[{"taxonomy":"product_brand","embeddable":true,"href":"https:\/\/monicavarela.com\/es\/wp-json\/wp\/v2\/product_brand?post=68218"},{"taxonomy":"product_cat","embeddable":true,"href":"https:\/\/monicavarela.com\/es\/wp-json\/wp\/v2\/product_cat?post=68218"},{"taxonomy":"product_tag","embeddable":true,"href":"https:\/\/monicavarela.com\/es\/wp-json\/wp\/v2\/product_tag?post=68218"},{"taxonomy":"giftcard-category","embeddable":true,"href":"https:\/\/monicavarela.com\/es\/wp-json\/wp\/v2\/giftcard-category?post=68218"}],"curies":[{"name":"wp","href":"https:\/\/api.w.org\/{rel}","templated":true}]}}