{"id":68202,"date":"2026-03-13T13:48:15","date_gmt":"2026-03-13T17:48:15","guid":{"rendered":"https:\/\/monicavarela.com\/?post_type=product&#038;p=68202"},"modified":"2026-03-18T19:06:31","modified_gmt":"2026-03-18T23:06:31","slug":"union-midi-necklace-gold","status":"publish","type":"product","link":"https:\/\/monicavarela.com\/es\/product\/union-midi-necklace-gold\/","title":{"rendered":"Union Midi Necklace"},"content":{"rendered":"","protected":false},"excerpt":{"rendered":"<p>Union Midi Necklace explora la belleza de la conexi\u00f3n a trav\u00e9s de la forma. Su composici\u00f3n alargada crea un ritmo sutil sobre el escote, donde elementos escult\u00f3ricos se encuentran en un equilibrio sereno.La pieza refleja la idea de que la fuerza suele encontrarse en la uni\u00f3n: en el encuentro de formas, energ\u00edas e historias. Una presencia refinada que se mueve con naturalidad con quien la lleva.<\/p>","protected":false},"featured_media":68203,"template":"","meta":{"wds_primary_product_brand":0,"wds_primary_product_cat":0,"wds_primary_giftcard-category":0,"footnotes":"","_links_to":"","_links_to_target":""},"product_brand":[],"product_cat":[1032,1007,735,1041],"product_tag":[1053,1010,991,1055],"giftcard-category":[],"class_list":{"0":"post-68202","1":"product","2":"type-product","3":"status-publish","4":"has-post-thumbnail","6":"product_cat-inspire","7":"product_cat-shop","8":"product_cat-forma-y-vacio","9":"product_cat-the-mv-edit","10":"product_tag-18k-micron-plating","11":"product_tag-catalogo","12":"product_tag-for-her","13":"product_tag-gold","14":"pa_by-type-neckpieces","15":"pa_collection-forma-y-vacio","16":"pa_material-18k-gold-micron-plating","17":"pa_short-material-18k-micron-plating","19":"first","20":"instock","21":"featured","22":"shipping-taxable","23":"purchasable","24":"product-type-simple","25":"add-to-wishlist-before_image"},"_links":{"self":[{"href":"https:\/\/monicavarela.com\/es\/wp-json\/wp\/v2\/product\/68202","targetHints":{"allow":["GET"]}}],"collection":[{"href":"https:\/\/monicavarela.com\/es\/wp-json\/wp\/v2\/product"}],"about":[{"href":"https:\/\/monicavarela.com\/es\/wp-json\/wp\/v2\/types\/product"}],"version-history":[{"count":1,"href":"https:\/\/monicavarela.com\/es\/wp-json\/wp\/v2\/product\/68202\/revisions"}],"predecessor-version":[{"id":68204,"href":"https:\/\/monicavarela.com\/es\/wp-json\/wp\/v2\/product\/68202\/revisions\/68204"}],"wp:featuredmedia":[{"embeddable":true,"href":"https:\/\/monicavarela.com\/es\/wp-json\/wp\/v2\/media\/68203"}],"wp:attachment":[{"href":"https:\/\/monicavarela.com\/es\/wp-json\/wp\/v2\/media?parent=68202"}],"wp:term":[{"taxonomy":"product_brand","embeddable":true,"href":"https:\/\/monicavarela.com\/es\/wp-json\/wp\/v2\/product_brand?post=68202"},{"taxonomy":"product_cat","embeddable":true,"href":"https:\/\/monicavarela.com\/es\/wp-json\/wp\/v2\/product_cat?post=68202"},{"taxonomy":"product_tag","embeddable":true,"href":"https:\/\/monicavarela.com\/es\/wp-json\/wp\/v2\/product_tag?post=68202"},{"taxonomy":"giftcard-category","embeddable":true,"href":"https:\/\/monicavarela.com\/es\/wp-json\/wp\/v2\/giftcard-category?post=68202"}],"curies":[{"name":"wp","href":"https:\/\/api.w.org\/{rel}","templated":true}]}}