{"id":68191,"date":"2026-03-13T13:48:11","date_gmt":"2026-03-13T17:48:11","guid":{"rendered":"https:\/\/monicavarela.com\/?post_type=product&#038;p=68191"},"modified":"2026-03-18T19:06:34","modified_gmt":"2026-03-18T23:06:34","slug":"union-pendant","status":"publish","type":"product","link":"https:\/\/monicavarela.com\/es\/product\/union-pendant\/","title":{"rendered":"Union Pendant"},"content":{"rendered":"","protected":false},"excerpt":{"rendered":"<p>Union Pendant celebra la fuerza silenciosa que surge cuando dos formas se encuentran. Su silueta escult\u00f3rica refleja la armon\u00eda que nace de la conexi\u00f3n: un equilibrio donde cada elemento realza al otro.Inspirado en el di\u00e1logo entre presencia y espacio, la pieza explora la belleza de la coexistencia. Llevado cerca del coraz\u00f3n, se convierte en un recordatorio sutil de c\u00f3mo los v\u00ednculos significativos nos transforman.<\/p>","protected":false},"featured_media":68194,"template":"","meta":{"wds_primary_product_brand":0,"wds_primary_product_cat":0,"wds_primary_giftcard-category":0,"footnotes":"","_links_to":"","_links_to_target":""},"product_brand":[],"product_cat":[1032,1007,735,1041],"product_tag":[1053,1010,991,1055],"giftcard-category":[],"class_list":{"0":"post-68191","1":"product","2":"type-product","3":"status-publish","4":"has-post-thumbnail","6":"product_cat-inspire","7":"product_cat-shop","8":"product_cat-forma-y-vacio","9":"product_cat-the-mv-edit","10":"product_tag-18k-micron-plating","11":"product_tag-catalogo","12":"product_tag-for-her","13":"product_tag-gold","14":"pa_by-type-neckpieces","15":"pa_collection-forma-y-vacio","16":"pa_material-18k-gold-micron-plating","17":"pa_short-material-18k-micron-plating","19":"first","20":"instock","21":"featured","22":"shipping-taxable","23":"purchasable","24":"product-type-simple","25":"add-to-wishlist-before_image"},"_links":{"self":[{"href":"https:\/\/monicavarela.com\/es\/wp-json\/wp\/v2\/product\/68191","targetHints":{"allow":["GET"]}}],"collection":[{"href":"https:\/\/monicavarela.com\/es\/wp-json\/wp\/v2\/product"}],"about":[{"href":"https:\/\/monicavarela.com\/es\/wp-json\/wp\/v2\/types\/product"}],"version-history":[{"count":1,"href":"https:\/\/monicavarela.com\/es\/wp-json\/wp\/v2\/product\/68191\/revisions"}],"predecessor-version":[{"id":68195,"href":"https:\/\/monicavarela.com\/es\/wp-json\/wp\/v2\/product\/68191\/revisions\/68195"}],"wp:featuredmedia":[{"embeddable":true,"href":"https:\/\/monicavarela.com\/es\/wp-json\/wp\/v2\/media\/68194"}],"wp:attachment":[{"href":"https:\/\/monicavarela.com\/es\/wp-json\/wp\/v2\/media?parent=68191"}],"wp:term":[{"taxonomy":"product_brand","embeddable":true,"href":"https:\/\/monicavarela.com\/es\/wp-json\/wp\/v2\/product_brand?post=68191"},{"taxonomy":"product_cat","embeddable":true,"href":"https:\/\/monicavarela.com\/es\/wp-json\/wp\/v2\/product_cat?post=68191"},{"taxonomy":"product_tag","embeddable":true,"href":"https:\/\/monicavarela.com\/es\/wp-json\/wp\/v2\/product_tag?post=68191"},{"taxonomy":"giftcard-category","embeddable":true,"href":"https:\/\/monicavarela.com\/es\/wp-json\/wp\/v2\/giftcard-category?post=68191"}],"curies":[{"name":"wp","href":"https:\/\/api.w.org\/{rel}","templated":true}]}}