{"id":66853,"date":"2026-01-20T20:04:21","date_gmt":"2026-01-21T00:04:21","guid":{"rendered":"https:\/\/monicavarela.com\/?post_type=product&#038;p=66853"},"modified":"2026-05-03T17:40:57","modified_gmt":"2026-05-03T21:40:57","slug":"caurel-triad-ring-silver","status":"publish","type":"product","link":"https:\/\/monicavarela.com\/es\/product\/caurel-triad-ring-silver\/","title":{"rendered":"Caurel Triad Ring"},"content":{"rendered":"<\/p>","protected":false},"excerpt":{"rendered":"<p>Tres esferas Hurit\u00e1 se alinean en un gesto de equilibrio y continuidad. El Caurel Triad Ring traduce el lenguaje de la colecci\u00f3n en una composici\u00f3n serena, donde cada forma dialoga con la siguiente, acompa\u00f1ando el movimiento natural de la mano. Una pieza que evoca armon\u00eda y permanencia.<\/p>","protected":false},"featured_media":66944,"template":"","meta":{"wds_primary_product_brand":0,"wds_primary_product_cat":0,"wds_primary_giftcard-category":0,"footnotes":"","_links_to":"","_links_to_target":""},"product_brand":[],"product_cat":[1007,1035,1042,1041,1058],"product_tag":[1059],"giftcard-category":[],"class_list":{"0":"post-66853","1":"product","2":"type-product","3":"status-publish","4":"has-post-thumbnail","6":"product_cat-shop","7":"product_cat-caurel","8":"product_cat-for-her","9":"product_cat-the-mv-edit","10":"product_cat-the-valentines-edit","11":"product_tag-valentines","12":"pa_by-type-rings","13":"pa_collection-caurel","14":"pa_color-blazing-burgundy-dote-red","15":"pa_color-jazzy-green-electric-blue","16":"pa_material-925-sterling-silver","17":"pa_ring-size-221","18":"pa_ring-size-223","19":"pa_ring-size-225","20":"pa_ring-size-227","21":"pa_ring-size-229","22":"pa_ring-size-231","23":"pa_shop-for-babes","24":"pa_short-material-platinum-micron-plating","26":"first","27":"instock","28":"shipping-taxable","29":"purchasable","30":"product-type-variable","31":"has-default-attributes","32":"add-to-wishlist-before_image"},"_links":{"self":[{"href":"https:\/\/monicavarela.com\/es\/wp-json\/wp\/v2\/product\/66853","targetHints":{"allow":["GET"]}}],"collection":[{"href":"https:\/\/monicavarela.com\/es\/wp-json\/wp\/v2\/product"}],"about":[{"href":"https:\/\/monicavarela.com\/es\/wp-json\/wp\/v2\/types\/product"}],"version-history":[{"count":2,"href":"https:\/\/monicavarela.com\/es\/wp-json\/wp\/v2\/product\/66853\/revisions"}],"predecessor-version":[{"id":69263,"href":"https:\/\/monicavarela.com\/es\/wp-json\/wp\/v2\/product\/66853\/revisions\/69263"}],"wp:featuredmedia":[{"embeddable":true,"href":"https:\/\/monicavarela.com\/es\/wp-json\/wp\/v2\/media\/66944"}],"wp:attachment":[{"href":"https:\/\/monicavarela.com\/es\/wp-json\/wp\/v2\/media?parent=66853"}],"wp:term":[{"taxonomy":"product_brand","embeddable":true,"href":"https:\/\/monicavarela.com\/es\/wp-json\/wp\/v2\/product_brand?post=66853"},{"taxonomy":"product_cat","embeddable":true,"href":"https:\/\/monicavarela.com\/es\/wp-json\/wp\/v2\/product_cat?post=66853"},{"taxonomy":"product_tag","embeddable":true,"href":"https:\/\/monicavarela.com\/es\/wp-json\/wp\/v2\/product_tag?post=66853"},{"taxonomy":"giftcard-category","embeddable":true,"href":"https:\/\/monicavarela.com\/es\/wp-json\/wp\/v2\/giftcard-category?post=66853"}],"curies":[{"name":"wp","href":"https:\/\/api.w.org\/{rel}","templated":true}]}}