{"id":64842,"date":"2025-10-07T22:30:23","date_gmt":"2025-10-08T02:30:23","guid":{"rendered":"https:\/\/monicavarela.com\/?post_type=product&#038;p=64842"},"modified":"2026-04-14T17:09:35","modified_gmt":"2026-04-14T21:09:35","slug":"petite-minute-larimar-amber-necklace-copy","status":"publish","type":"product","link":"https:\/\/monicavarela.com\/es\/product\/petite-minute-larimar-amber-necklace-copy\/","title":{"rendered":"Collar de \u00e1mbar y larimar de Petite Minute"},"content":{"rendered":"<p><a class=\"confirm_avail\" href=\"https:\/\/wa.me\/18093505622?text=Hi,I%20am%20interested%20in%20the%20Petite%20Larimar%20&amp;%20Amber%20Dangle\u2026https:\/\/monicavarela.com\/product\/petite-larimar-amber-dangle\/\" rel=\"noopener\" target=\"_blank\">CONTACTA UNA MVAJADORA<\/a><\/p>","protected":false},"excerpt":{"rendered":"<p>Elaborada con artesan\u00eda distinguida, cada pieza de la joyer\u00eda fina de Monica Varela se convierte en una sinfon\u00eda de elegancia, invitando a llevar la esencia del amor duradero y la sofisticaci\u00f3n caribe\u00f1a.\u2028<\/p>\n<p>Embellece tus looks de d\u00eda y noche con destellos de elegancia, mientras que estos pares de aretes se convierten en un reflejo luminoso de tu propio encanto atemporal.<\/p>\n<p class=\"\u2018stone_vary\u2019\">La piedra puede variar en forma y tama\u00f1o.<\/p>","protected":false},"featured_media":44545,"template":"","meta":{"wds_primary_product_brand":0,"wds_primary_product_cat":0,"wds_primary_giftcard-category":0,"footnotes":"","_links_to":"","_links_to_target":""},"product_brand":[],"product_cat":[766],"product_tag":[991,749],"giftcard-category":[],"class_list":{"0":"post-64842","1":"product","2":"type-product","3":"status-publish","4":"has-post-thumbnail","6":"product_cat-fine-jewelry","7":"product_tag-for-her","8":"product_tag-preorder","9":"pa_by-type-neckpieces","10":"pa_collection-cauni","11":"pa_material-18k-gold","12":"pa_short-material-18k-gold","14":"first","15":"outofstock","16":"shipping-taxable","17":"product-type-simple","18":"add-to-wishlist-before_image"},"_links":{"self":[{"href":"https:\/\/monicavarela.com\/es\/wp-json\/wp\/v2\/product\/64842","targetHints":{"allow":["GET"]}}],"collection":[{"href":"https:\/\/monicavarela.com\/es\/wp-json\/wp\/v2\/product"}],"about":[{"href":"https:\/\/monicavarela.com\/es\/wp-json\/wp\/v2\/types\/product"}],"version-history":[{"count":4,"href":"https:\/\/monicavarela.com\/es\/wp-json\/wp\/v2\/product\/64842\/revisions"}],"predecessor-version":[{"id":68465,"href":"https:\/\/monicavarela.com\/es\/wp-json\/wp\/v2\/product\/64842\/revisions\/68465"}],"wp:featuredmedia":[{"embeddable":true,"href":"https:\/\/monicavarela.com\/es\/wp-json\/wp\/v2\/media\/44545"}],"wp:attachment":[{"href":"https:\/\/monicavarela.com\/es\/wp-json\/wp\/v2\/media?parent=64842"}],"wp:term":[{"taxonomy":"product_brand","embeddable":true,"href":"https:\/\/monicavarela.com\/es\/wp-json\/wp\/v2\/product_brand?post=64842"},{"taxonomy":"product_cat","embeddable":true,"href":"https:\/\/monicavarela.com\/es\/wp-json\/wp\/v2\/product_cat?post=64842"},{"taxonomy":"product_tag","embeddable":true,"href":"https:\/\/monicavarela.com\/es\/wp-json\/wp\/v2\/product_tag?post=64842"},{"taxonomy":"giftcard-category","embeddable":true,"href":"https:\/\/monicavarela.com\/es\/wp-json\/wp\/v2\/giftcard-category?post=64842"}],"curies":[{"name":"wp","href":"https:\/\/api.w.org\/{rel}","templated":true}]}}