{"id":64205,"date":"2025-09-16T13:47:18","date_gmt":"2025-09-16T17:47:18","guid":{"rendered":"https:\/\/monicavarela.com\/?post_type=product&#038;p=64205"},"modified":"2026-03-09T15:24:42","modified_gmt":"2026-03-09T19:24:42","slug":"saria-teeny-larimar-fancy-oval-chain","status":"publish","type":"product","link":"https:\/\/monicavarela.com\/es\/product\/saria-teeny-larimar-fancy-oval-chain\/","title":{"rendered":"Saria Teeny Larimar Fancy Oval Necklace"},"content":{"rendered":"<p><a class=\"confirm_avail2\" href=\"https:\/\/wa.me\/18093508629?text=Hi,I%20would%20like%20to%20confirm%20availability%20of%20the%20Saria%20Teeny%20Larimar%20Fancy%20Oval%20Chain\u2026https:\/\/monicavarela.com\/product\/saria-teeny-larimar-fancy-oval-chain\" rel=\"noopener\" target=\"_blank\">Confirma Disponibilidad<\/a><\/p>","protected":false},"excerpt":{"rendered":"<p>El larimar se posa con delicadeza sobre tu piel, un faro de calma y presencia. Este collar celebra el v\u00ednculo entre lo que sentimos y lo que mostramos, recordando que cada gesto peque\u00f1o tiene su propia fuerza. Ll\u00e9valo solo para un detalle sutil, o combina varias piezas para crear una historia \u00fanica que acompa\u00f1e cada movimiento.<\/p>","protected":false},"featured_media":64258,"template":"","meta":{"wds_primary_product_brand":0,"wds_primary_product_cat":0,"wds_primary_giftcard-category":0,"footnotes":"","_links_to":"","_links_to_target":""},"product_brand":[],"product_cat":[1007,659,1058],"product_tag":[1059],"giftcard-category":[],"class_list":{"0":"post-64205","1":"product","2":"type-product","3":"status-publish","4":"has-post-thumbnail","6":"product_cat-shop","7":"product_cat-saria","8":"product_cat-the-valentines-edit","9":"product_tag-valentines","10":"pa_by-type-neckpieces","11":"pa_collection-saria","12":"pa_color-blazing-burgundy","13":"pa_color-jazzy-green","14":"pa_color-electric-blue","15":"pa_color-dote-red","16":"pa_color-thorne-black","17":"pa_material-18k-gold-micron-plating","18":"pa_shop-for-babes","19":"pa_short-material-18k-micron-plating","20":"pa_stone-larimar","22":"first","23":"instock","24":"featured","25":"shipping-taxable","26":"purchasable","27":"product-type-variable","28":"has-default-attributes","29":"add-to-wishlist-before_image"},"_links":{"self":[{"href":"https:\/\/monicavarela.com\/es\/wp-json\/wp\/v2\/product\/64205","targetHints":{"allow":["GET"]}}],"collection":[{"href":"https:\/\/monicavarela.com\/es\/wp-json\/wp\/v2\/product"}],"about":[{"href":"https:\/\/monicavarela.com\/es\/wp-json\/wp\/v2\/types\/product"}],"version-history":[{"count":5,"href":"https:\/\/monicavarela.com\/es\/wp-json\/wp\/v2\/product\/64205\/revisions"}],"predecessor-version":[{"id":67737,"href":"https:\/\/monicavarela.com\/es\/wp-json\/wp\/v2\/product\/64205\/revisions\/67737"}],"wp:featuredmedia":[{"embeddable":true,"href":"https:\/\/monicavarela.com\/es\/wp-json\/wp\/v2\/media\/64258"}],"wp:attachment":[{"href":"https:\/\/monicavarela.com\/es\/wp-json\/wp\/v2\/media?parent=64205"}],"wp:term":[{"taxonomy":"product_brand","embeddable":true,"href":"https:\/\/monicavarela.com\/es\/wp-json\/wp\/v2\/product_brand?post=64205"},{"taxonomy":"product_cat","embeddable":true,"href":"https:\/\/monicavarela.com\/es\/wp-json\/wp\/v2\/product_cat?post=64205"},{"taxonomy":"product_tag","embeddable":true,"href":"https:\/\/monicavarela.com\/es\/wp-json\/wp\/v2\/product_tag?post=64205"},{"taxonomy":"giftcard-category","embeddable":true,"href":"https:\/\/monicavarela.com\/es\/wp-json\/wp\/v2\/giftcard-category?post=64205"}],"curies":[{"name":"wp","href":"https:\/\/api.w.org\/{rel}","templated":true}]}}