{"id":64182,"date":"2025-09-16T13:19:58","date_gmt":"2025-09-16T17:19:58","guid":{"rendered":"https:\/\/monicavarela.com\/?post_type=product&#038;p=64182"},"modified":"2026-04-01T12:08:55","modified_gmt":"2026-04-01T16:08:55","slug":"saria-teeny-larimar-pendant","status":"publish","type":"product","link":"https:\/\/monicavarela.com\/es\/product\/saria-teeny-larimar-pendant\/","title":{"rendered":"Saria Teeny Larimar Pendant"},"content":{"rendered":"<p><a class=\"confirm_avail2\" href=\"https:\/\/wa.me\/18093508629?text=Hi,I%20would%20like%20to%20confirm%20availability%20of%20the%20Saria%20Teeny%20Larimar%20Necklace\u2026https:\/\/monicavarela.com\/product\/saria-teeny-larimar-pendant\" rel=\"noopener\" target=\"_blank\">Confirma Disponibilidad<\/a><\/p>","protected":false},"excerpt":{"rendered":"<p>Este delicado colgante acoge el brillo puro del Larimar, descansando suavemente sobre tu pecho. Su forma refleja el silencioso encuentro entre lo interno y lo externo, un recordatorio de que incluso los detalles m\u00e1s peque\u00f1os albergan la fuerza del origen. Ll\u00e9valo solo o combinado con otras piezas, dejando que su sutil resplandor transmita significado y elegancia serena en cada movimiento.<\/p>","protected":false},"featured_media":64253,"template":"","meta":{"wds_primary_product_brand":0,"wds_primary_product_cat":0,"wds_primary_giftcard-category":0,"footnotes":"","_links_to":"","_links_to_target":""},"product_brand":[],"product_cat":[1007,659],"product_tag":[1053,1010,991,1055,633],"giftcard-category":[],"class_list":{"0":"post-64182","1":"product","2":"type-product","3":"status-publish","4":"has-post-thumbnail","6":"product_cat-shop","7":"product_cat-saria","8":"product_tag-18k-micron-plating","9":"product_tag-catalogo","10":"product_tag-for-her","11":"product_tag-gold","12":"product_tag-hot","13":"pa_by-type-neckpieces","14":"pa_collection-saria","15":"pa_color-blazing-burgundy","16":"pa_color-jazzy-green","17":"pa_color-electric-blue","18":"pa_color-dote-red","19":"pa_color-thorne-black","20":"pa_material-18k-gold-micron-plating","21":"pa_shop-for-babes","22":"pa_short-material-18k-micron-plating","23":"pa_stone-larimar","25":"first","26":"instock","27":"featured","28":"shipping-taxable","29":"purchasable","30":"product-type-variable","31":"has-default-attributes","32":"add-to-wishlist-before_image"},"_links":{"self":[{"href":"https:\/\/monicavarela.com\/es\/wp-json\/wp\/v2\/product\/64182","targetHints":{"allow":["GET"]}}],"collection":[{"href":"https:\/\/monicavarela.com\/es\/wp-json\/wp\/v2\/product"}],"about":[{"href":"https:\/\/monicavarela.com\/es\/wp-json\/wp\/v2\/types\/product"}],"version-history":[{"count":5,"href":"https:\/\/monicavarela.com\/es\/wp-json\/wp\/v2\/product\/64182\/revisions"}],"predecessor-version":[{"id":67735,"href":"https:\/\/monicavarela.com\/es\/wp-json\/wp\/v2\/product\/64182\/revisions\/67735"}],"wp:featuredmedia":[{"embeddable":true,"href":"https:\/\/monicavarela.com\/es\/wp-json\/wp\/v2\/media\/64253"}],"wp:attachment":[{"href":"https:\/\/monicavarela.com\/es\/wp-json\/wp\/v2\/media?parent=64182"}],"wp:term":[{"taxonomy":"product_brand","embeddable":true,"href":"https:\/\/monicavarela.com\/es\/wp-json\/wp\/v2\/product_brand?post=64182"},{"taxonomy":"product_cat","embeddable":true,"href":"https:\/\/monicavarela.com\/es\/wp-json\/wp\/v2\/product_cat?post=64182"},{"taxonomy":"product_tag","embeddable":true,"href":"https:\/\/monicavarela.com\/es\/wp-json\/wp\/v2\/product_tag?post=64182"},{"taxonomy":"giftcard-category","embeddable":true,"href":"https:\/\/monicavarela.com\/es\/wp-json\/wp\/v2\/giftcard-category?post=64182"}],"curies":[{"name":"wp","href":"https:\/\/api.w.org\/{rel}","templated":true}]}}