{"id":59411,"date":"2025-05-06T19:40:21","date_gmt":"2025-05-06T23:40:21","guid":{"rendered":"https:\/\/monicavarela.com\/?post_type=product&#038;p=59411"},"modified":"2026-03-09T17:53:48","modified_gmt":"2026-03-09T21:53:48","slug":"duet-larimar-bracelet","status":"publish","type":"product","link":"https:\/\/monicavarela.com\/es\/product\/duet-larimar-bracelet\/","title":{"rendered":"Duet Larimar Bracelet"},"content":{"rendered":"<p><a class=\"confirm_avail2\" href=\"https:\/\/wa.me\/18093508629?text=Hi,I%20am%20interested%20in%20the%20Duet%20Larimar%20Bracelet...https:\/\/monicavarela.com\/product\/duet-larimar-bracelet\" rel=\"noopener\" target=\"_blank\">CONTACTA UNA MVAJADORA<\/a><\/p>","protected":false},"excerpt":{"rendered":"<p>La Serie Duet es una celebraci\u00f3n de la transformaci\u00f3n femenina \u2014 donde su crecimiento personal y la inspiraci\u00f3n que despierta en otros se reflejan mutuamente.<\/p>\n<p>Este brazalete envuelve la mu\u00f1eca en un lazo continuo, representando la conexi\u00f3n perdurable y la gracia estructurada que acompa\u00f1a cada momento, de d\u00eda o de noche.<\/p>","protected":false},"featured_media":60469,"template":"","meta":{"wds_primary_product_brand":0,"wds_primary_product_cat":0,"wds_primary_giftcard-category":0,"footnotes":"","_links_to":"","_links_to_target":""},"product_brand":[],"product_cat":[1007,983],"product_tag":[1053,1010,991,1055,1022],"giftcard-category":[],"class_list":{"0":"post-59411","1":"product","2":"type-product","3":"status-publish","4":"has-post-thumbnail","6":"product_cat-shop","7":"product_cat-duet","8":"product_tag-18k-micron-plating","9":"product_tag-catalogo","10":"product_tag-for-her","11":"product_tag-gold","12":"product_tag-fall-edit","13":"pa_by-type-bracelets","14":"pa_collection-duet","15":"pa_color-blazing-burgundy","16":"pa_color-jazzy-green","17":"pa_color-electric-blue","18":"pa_material-18k-gold-micron-plating","19":"pa_shop-for-babes","20":"pa_short-material-18k-micron-plating","21":"pa_stone-larimar","23":"first","24":"instock","25":"shipping-taxable","26":"purchasable","27":"product-type-variable","28":"has-default-attributes","29":"add-to-wishlist-before_image"},"_links":{"self":[{"href":"https:\/\/monicavarela.com\/es\/wp-json\/wp\/v2\/product\/59411","targetHints":{"allow":["GET"]}}],"collection":[{"href":"https:\/\/monicavarela.com\/es\/wp-json\/wp\/v2\/product"}],"about":[{"href":"https:\/\/monicavarela.com\/es\/wp-json\/wp\/v2\/types\/product"}],"version-history":[{"count":5,"href":"https:\/\/monicavarela.com\/es\/wp-json\/wp\/v2\/product\/59411\/revisions"}],"predecessor-version":[{"id":67722,"href":"https:\/\/monicavarela.com\/es\/wp-json\/wp\/v2\/product\/59411\/revisions\/67722"}],"wp:featuredmedia":[{"embeddable":true,"href":"https:\/\/monicavarela.com\/es\/wp-json\/wp\/v2\/media\/60469"}],"wp:attachment":[{"href":"https:\/\/monicavarela.com\/es\/wp-json\/wp\/v2\/media?parent=59411"}],"wp:term":[{"taxonomy":"product_brand","embeddable":true,"href":"https:\/\/monicavarela.com\/es\/wp-json\/wp\/v2\/product_brand?post=59411"},{"taxonomy":"product_cat","embeddable":true,"href":"https:\/\/monicavarela.com\/es\/wp-json\/wp\/v2\/product_cat?post=59411"},{"taxonomy":"product_tag","embeddable":true,"href":"https:\/\/monicavarela.com\/es\/wp-json\/wp\/v2\/product_tag?post=59411"},{"taxonomy":"giftcard-category","embeddable":true,"href":"https:\/\/monicavarela.com\/es\/wp-json\/wp\/v2\/giftcard-category?post=59411"}],"curies":[{"name":"wp","href":"https:\/\/api.w.org\/{rel}","templated":true}]}}