{"id":59409,"date":"2025-05-06T19:39:57","date_gmt":"2025-05-06T23:39:57","guid":{"rendered":"https:\/\/monicavarela.com\/?post_type=product&#038;p=59409"},"modified":"2026-03-13T03:04:10","modified_gmt":"2026-03-13T07:04:10","slug":"duet-amber-choker","status":"publish","type":"product","link":"https:\/\/monicavarela.com\/es\/product\/duet-amber-choker\/","title":{"rendered":"Duet Amber Choker"},"content":{"rendered":"<p><a class=\"confirm_avail2\" href=\"https:\/\/wa.me\/18093508629?text=Hi,I%20am%20interested%20in%20the%20Duet%20Amber%20Choker...https:\/\/monicavarela.com\/product\/duet-amber-choker\" rel=\"noopener\" target=\"_blank\">CONTACTA UNA MVAJADORA<\/a><\/p>","protected":false},"excerpt":{"rendered":"<p>La Serie Duet es una celebraci\u00f3n de la transformaci\u00f3n femenina \u2014 donde su crecimiento personal y la inspiraci\u00f3n que despierta en otros se reflejan mutuamente.<\/p>\n<p>Esta gargantilla realza con sutileza el cuello, encarnando fortaleza y distinci\u00f3n en un dise\u00f1o armonioso, ideal para acompa\u00f1arte con un toque especial tanto de d\u00eda como de noche.<\/p>","protected":false},"featured_media":59608,"template":"","meta":{"wds_primary_product_brand":0,"wds_primary_product_cat":0,"wds_primary_giftcard-category":0,"footnotes":"","_links_to":"","_links_to_target":""},"product_brand":[],"product_cat":[1007,983,1043],"product_tag":[1053,1010,991,1055,1040,1022],"giftcard-category":[],"class_list":{"0":"post-59409","1":"product","2":"type-product","3":"status-publish","4":"has-post-thumbnail","6":"product_cat-shop","7":"product_cat-duet","8":"product_cat-iconics","9":"product_tag-18k-micron-plating","10":"product_tag-catalogo","11":"product_tag-for-her","12":"product_tag-gold","13":"product_tag-iconic","14":"product_tag-fall-edit","15":"pa_by-type-neckpieces","16":"pa_collection-duet","17":"pa_color-blazing-burgundy","18":"pa_color-jazzy-green","19":"pa_color-electric-blue","20":"pa_material-18k-gold-micron-plating","21":"pa_shop-for-babes","22":"pa_short-material-18k-micron-plating","23":"pa_stone-ambar","25":"first","26":"instock","27":"shipping-taxable","28":"purchasable","29":"product-type-variable","30":"has-default-attributes","31":"add-to-wishlist-before_image"},"_links":{"self":[{"href":"https:\/\/monicavarela.com\/es\/wp-json\/wp\/v2\/product\/59409","targetHints":{"allow":["GET"]}}],"collection":[{"href":"https:\/\/monicavarela.com\/es\/wp-json\/wp\/v2\/product"}],"about":[{"href":"https:\/\/monicavarela.com\/es\/wp-json\/wp\/v2\/types\/product"}],"version-history":[{"count":5,"href":"https:\/\/monicavarela.com\/es\/wp-json\/wp\/v2\/product\/59409\/revisions"}],"predecessor-version":[{"id":67709,"href":"https:\/\/monicavarela.com\/es\/wp-json\/wp\/v2\/product\/59409\/revisions\/67709"}],"wp:featuredmedia":[{"embeddable":true,"href":"https:\/\/monicavarela.com\/es\/wp-json\/wp\/v2\/media\/59608"}],"wp:attachment":[{"href":"https:\/\/monicavarela.com\/es\/wp-json\/wp\/v2\/media?parent=59409"}],"wp:term":[{"taxonomy":"product_brand","embeddable":true,"href":"https:\/\/monicavarela.com\/es\/wp-json\/wp\/v2\/product_brand?post=59409"},{"taxonomy":"product_cat","embeddable":true,"href":"https:\/\/monicavarela.com\/es\/wp-json\/wp\/v2\/product_cat?post=59409"},{"taxonomy":"product_tag","embeddable":true,"href":"https:\/\/monicavarela.com\/es\/wp-json\/wp\/v2\/product_tag?post=59409"},{"taxonomy":"giftcard-category","embeddable":true,"href":"https:\/\/monicavarela.com\/es\/wp-json\/wp\/v2\/giftcard-category?post=59409"}],"curies":[{"name":"wp","href":"https:\/\/api.w.org\/{rel}","templated":true}]}}