{"id":57020,"date":"2025-03-21T10:15:55","date_gmt":"2025-03-21T14:15:55","guid":{"rendered":"https:\/\/monicavarela.com\/product\/golden-hour-drop-amber-pendant\/"},"modified":"2026-04-14T15:00:11","modified_gmt":"2026-04-14T19:00:11","slug":"golden-hour-drop-amber-pendant","status":"publish","type":"product","link":"https:\/\/monicavarela.com\/es\/product\/golden-hour-drop-amber-pendant\/","title":{"rendered":"Golden Hour Drop Pendant Ambar Gold"},"content":{"rendered":"<p><a class=\"confirm_avail2\" href=\"https:\/\/wa.me\/18093508629?text=Hi,I%20am%20interested%20in%20the%20Golden%20Hour%20Drop%20Amber%20%20Pendant...https:\/\/monicavarela.com\/product\/golden-hour-drop-amber-pendant\" rel=\"noopener\" target=\"_blank\">CONTACTA UNA MVAJADORA<\/a><\/p>","protected":false},"excerpt":{"rendered":"<p>Este colgante de \u00e1mbar captura la calidez y la intensidad de la hora dorada. Con su dise\u00f1o audaz y el resplandor c\u00e1lido del \u00e1mbar, refleja la energ\u00eda vibrante del atardecer, creando una pieza \u00fanica que atrae todas las miradas<\/p>","protected":false},"featured_media":59155,"template":"","meta":{"wds_primary_product_brand":0,"wds_primary_product_cat":0,"wds_primary_giftcard-category":0,"footnotes":"","_links_to":"","_links_to_target":""},"product_brand":[],"product_cat":[982,1007,93],"product_tag":[1053,979,991,1055],"giftcard-category":[],"class_list":{"0":"post-57020","1":"product","2":"type-product","3":"status-publish","4":"has-post-thumbnail","6":"product_cat-nuevos","7":"product_cat-shop","8":"product_cat-falie","9":"product_tag-18k-micron-plating","10":"product_tag-fix","11":"product_tag-for-her","12":"product_tag-gold","13":"pa_by-type-neckpieces","14":"pa_collection-falie","15":"pa_material-18k-gold-micron-plating","16":"pa_shop-for-babes","17":"pa_short-material-18k-micron-plating","18":"pa_stone-ambar","20":"first","21":"instock","22":"shipping-taxable","23":"purchasable","24":"product-type-simple","25":"add-to-wishlist-before_image"},"_links":{"self":[{"href":"https:\/\/monicavarela.com\/es\/wp-json\/wp\/v2\/product\/57020","targetHints":{"allow":["GET"]}}],"collection":[{"href":"https:\/\/monicavarela.com\/es\/wp-json\/wp\/v2\/product"}],"about":[{"href":"https:\/\/monicavarela.com\/es\/wp-json\/wp\/v2\/types\/product"}],"version-history":[{"count":6,"href":"https:\/\/monicavarela.com\/es\/wp-json\/wp\/v2\/product\/57020\/revisions"}],"predecessor-version":[{"id":68125,"href":"https:\/\/monicavarela.com\/es\/wp-json\/wp\/v2\/product\/57020\/revisions\/68125"}],"wp:featuredmedia":[{"embeddable":true,"href":"https:\/\/monicavarela.com\/es\/wp-json\/wp\/v2\/media\/59155"}],"wp:attachment":[{"href":"https:\/\/monicavarela.com\/es\/wp-json\/wp\/v2\/media?parent=57020"}],"wp:term":[{"taxonomy":"product_brand","embeddable":true,"href":"https:\/\/monicavarela.com\/es\/wp-json\/wp\/v2\/product_brand?post=57020"},{"taxonomy":"product_cat","embeddable":true,"href":"https:\/\/monicavarela.com\/es\/wp-json\/wp\/v2\/product_cat?post=57020"},{"taxonomy":"product_tag","embeddable":true,"href":"https:\/\/monicavarela.com\/es\/wp-json\/wp\/v2\/product_tag?post=57020"},{"taxonomy":"giftcard-category","embeddable":true,"href":"https:\/\/monicavarela.com\/es\/wp-json\/wp\/v2\/giftcard-category?post=57020"}],"curies":[{"name":"wp","href":"https:\/\/api.w.org\/{rel}","templated":true}]}}