{"id":57006,"date":"2025-03-21T10:02:45","date_gmt":"2025-03-21T14:02:45","guid":{"rendered":"https:\/\/monicavarela.com\/product\/rise-larimar-cufflinks\/"},"modified":"2026-03-02T02:43:43","modified_gmt":"2026-03-02T06:43:43","slug":"rise-larimar-cufflinks","status":"publish","type":"product","link":"https:\/\/monicavarela.com\/es\/product\/rise-larimar-cufflinks\/","title":{"rendered":"Rise Larimar Cufflinks"},"content":{"rendered":"<p><a class=\"confirm_avail2\" href=\"https:\/\/wa.me\/18093508629?text=Hi,I%20am%20interested%20in%20the%20Rise%20Larimar%20Cufflinks...https:\/\/monicavarela.com\/product\/rise-larimar-cufflinks\" rel=\"noopener\" target=\"_blank\">CONTACTA UNA MVAJADORA<\/a><\/p>","protected":false},"excerpt":{"rendered":"<p>Con su azul profundo, la piedra larimar evoca la serenidad del mar, transmitiendo la calma y la fuerza de las olas. Estos gemelos capturan esa esencia, creando un dise\u00f1o \u00fanico que combina tranquilidad y distinci\u00f3n<\/p>","protected":false},"featured_media":57582,"template":"","meta":{"wds_primary_product_brand":0,"wds_primary_product_cat":0,"wds_primary_giftcard-category":0,"footnotes":"","_links_to":"","_links_to_target":""},"product_brand":[],"product_cat":[982,1007,236,1044],"product_tag":[1053,1010,979,993,1055],"giftcard-category":[],"class_list":{"0":"post-57006","1":"product","2":"type-product","3":"status-publish","4":"has-post-thumbnail","6":"product_cat-nuevos","7":"product_cat-shop","8":"product_cat-minute","9":"product_cat-for-him","10":"product_tag-18k-micron-plating","11":"product_tag-catalogo","12":"product_tag-fix","13":"product_tag-for-him","14":"product_tag-gold","15":"pa_by-type-cufflinks","16":"pa_collection-minute-capsule","17":"pa_color-blazing-burgundy","18":"pa_color-jazzy-green","19":"pa_color-electric-blue","20":"pa_color-dote-red","21":"pa_color-thorne-black","22":"pa_material-18k-gold-micron-plating","23":"pa_shop-for-gents","24":"pa_short-material-18k-micron-plating","25":"pa_stone-larimar","27":"first","28":"instock","29":"shipping-taxable","30":"purchasable","31":"product-type-variable","32":"has-default-attributes","33":"add-to-wishlist-before_image"},"_links":{"self":[{"href":"https:\/\/monicavarela.com\/es\/wp-json\/wp\/v2\/product\/57006","targetHints":{"allow":["GET"]}}],"collection":[{"href":"https:\/\/monicavarela.com\/es\/wp-json\/wp\/v2\/product"}],"about":[{"href":"https:\/\/monicavarela.com\/es\/wp-json\/wp\/v2\/types\/product"}],"version-history":[{"count":5,"href":"https:\/\/monicavarela.com\/es\/wp-json\/wp\/v2\/product\/57006\/revisions"}],"predecessor-version":[{"id":67702,"href":"https:\/\/monicavarela.com\/es\/wp-json\/wp\/v2\/product\/57006\/revisions\/67702"}],"wp:featuredmedia":[{"embeddable":true,"href":"https:\/\/monicavarela.com\/es\/wp-json\/wp\/v2\/media\/57582"}],"wp:attachment":[{"href":"https:\/\/monicavarela.com\/es\/wp-json\/wp\/v2\/media?parent=57006"}],"wp:term":[{"taxonomy":"product_brand","embeddable":true,"href":"https:\/\/monicavarela.com\/es\/wp-json\/wp\/v2\/product_brand?post=57006"},{"taxonomy":"product_cat","embeddable":true,"href":"https:\/\/monicavarela.com\/es\/wp-json\/wp\/v2\/product_cat?post=57006"},{"taxonomy":"product_tag","embeddable":true,"href":"https:\/\/monicavarela.com\/es\/wp-json\/wp\/v2\/product_tag?post=57006"},{"taxonomy":"giftcard-category","embeddable":true,"href":"https:\/\/monicavarela.com\/es\/wp-json\/wp\/v2\/giftcard-category?post=57006"}],"curies":[{"name":"wp","href":"https:\/\/api.w.org\/{rel}","templated":true}]}}