{"id":57003,"date":"2025-10-07T23:41:23","date_gmt":"2025-10-08T03:41:23","guid":{"rendered":"https:\/\/monicavarela.com\/product\/rise-seaglass-pin-2\/"},"modified":"2026-03-20T10:36:12","modified_gmt":"2026-03-20T14:36:12","slug":"rise-seaglass-pin-2","status":"publish","type":"product","link":"https:\/\/monicavarela.com\/es\/product\/rise-seaglass-pin-2\/","title":{"rendered":"Rise Seaglass Pin"},"content":{"rendered":"<p><a class=\"confirm_avail2\" href=\"https:\/\/wa.me\/18093508629?text=Hi,I%20am%20interested%20in%20the%20Rise%20Seaglass%20Pin...https:\/\/monicavarela.com\/product\/rise-seaglass-pin-2\" rel=\"noopener\" target=\"_blank\">CONTACTA UNA MVAJADORA<\/a><\/p>","protected":false},"excerpt":{"rendered":"<p>Fragmentos de vidrio marino, pulidos por el mar, se transforman en un dise\u00f1o \u00fanico. Este pin captura la simplicidad y la fuerza de la naturaleza, un tributo al poder silencioso del oc\u00e9ano.<\/p>","protected":false},"featured_media":57612,"template":"","meta":{"wds_primary_product_brand":0,"wds_primary_product_cat":0,"wds_primary_giftcard-category":0,"footnotes":"","_links_to":"","_links_to_target":""},"product_brand":[],"product_cat":[982,1007,904,1044],"product_tag":[979,991,993,987,1067,1054,1056],"giftcard-category":[],"class_list":{"0":"post-57003","1":"product","2":"type-product","3":"status-publish","4":"has-post-thumbnail","6":"product_cat-nuevos","7":"product_cat-shop","8":"product_cat-seaglass","9":"product_cat-for-him","10":"product_tag-fix","11":"product_tag-for-her","12":"product_tag-for-him","13":"product_tag-under-300","14":"product_tag-under-400","15":"product_tag-platinum-micron-plating","16":"product_tag-silver","17":"pa_by-type-pins","18":"pa_collection-seaglass","19":"pa_color-blazing-burgundy","20":"pa_color-jazzy-green","21":"pa_color-electric-blue","22":"pa_color-dote-red","23":"pa_color-thorne-black","24":"pa_material-925-sterling-silver","25":"pa_shop-for-babes","26":"pa_shop-for-gents","27":"pa_short-material-platinum-micron-plating","28":"pa_stone-seaglass","30":"first","31":"instock","32":"shipping-taxable","33":"purchasable","34":"product-type-variable","35":"has-default-attributes","36":"add-to-wishlist-before_image"},"_links":{"self":[{"href":"https:\/\/monicavarela.com\/es\/wp-json\/wp\/v2\/product\/57003","targetHints":{"allow":["GET"]}}],"collection":[{"href":"https:\/\/monicavarela.com\/es\/wp-json\/wp\/v2\/product"}],"about":[{"href":"https:\/\/monicavarela.com\/es\/wp-json\/wp\/v2\/types\/product"}],"version-history":[{"count":5,"href":"https:\/\/monicavarela.com\/es\/wp-json\/wp\/v2\/product\/57003\/revisions"}],"predecessor-version":[{"id":67748,"href":"https:\/\/monicavarela.com\/es\/wp-json\/wp\/v2\/product\/57003\/revisions\/67748"}],"wp:featuredmedia":[{"embeddable":true,"href":"https:\/\/monicavarela.com\/es\/wp-json\/wp\/v2\/media\/57612"}],"wp:attachment":[{"href":"https:\/\/monicavarela.com\/es\/wp-json\/wp\/v2\/media?parent=57003"}],"wp:term":[{"taxonomy":"product_brand","embeddable":true,"href":"https:\/\/monicavarela.com\/es\/wp-json\/wp\/v2\/product_brand?post=57003"},{"taxonomy":"product_cat","embeddable":true,"href":"https:\/\/monicavarela.com\/es\/wp-json\/wp\/v2\/product_cat?post=57003"},{"taxonomy":"product_tag","embeddable":true,"href":"https:\/\/monicavarela.com\/es\/wp-json\/wp\/v2\/product_tag?post=57003"},{"taxonomy":"giftcard-category","embeddable":true,"href":"https:\/\/monicavarela.com\/es\/wp-json\/wp\/v2\/giftcard-category?post=57003"}],"curies":[{"name":"wp","href":"https:\/\/api.w.org\/{rel}","templated":true}]}}