{"id":54403,"date":"2025-01-22T14:27:57","date_gmt":"2025-01-22T18:27:57","guid":{"rendered":"https:\/\/monicavarela.com\/product\/infinito-necklace\/"},"modified":"2026-03-02T01:09:39","modified_gmt":"2026-03-02T05:09:39","slug":"infinito-necklace","status":"publish","type":"product","link":"https:\/\/monicavarela.com\/es\/product\/infinito-necklace\/","title":{"rendered":"Infinito Necklace"},"content":{"rendered":"<p><a class=\"confirm_avail2\" href=\"https:\/\/wa.me\/18093505622?text=Hi,I%20am%20interested%20in%20the%20Seaglass%20Shore%20Earrings\u2026https:\/\/monicavarela.com\/product\/seaglass-shore-earrings\/\" rel=\"noopener\" target=\"_blank\">CONTACTA UNA MVAJADORA<\/a><\/p>","protected":false},"excerpt":{"rendered":"<p>La colecci\u00f3n Infinito est\u00e1 inspirada en la simple y infinita existencia del amor, siempre presente en innumerables formas.<\/p>\n<p>El Infinito Necklace presenta tres s\u00edmbolos de infinito medianos, cada uno enmarcado por una secuencia repetida de nuestra ic\u00f3nica esfera Hurit\u00e1 y distribuidos uniformemente a lo largo de una cadena m\u00e1s larga, personificando el continuo viaje del amor y el descubrimiento.<\/p>","protected":false},"featured_media":55298,"template":"","meta":{"wds_primary_product_brand":0,"wds_primary_product_cat":0,"wds_primary_giftcard-category":0,"footnotes":"","_links_to":"","_links_to_target":""},"product_brand":[],"product_cat":[1032,1007,961,1058],"product_tag":[1059],"giftcard-category":[],"class_list":{"0":"post-54403","1":"product","2":"type-product","3":"status-publish","4":"has-post-thumbnail","6":"product_cat-inspire","7":"product_cat-shop","8":"product_cat-infinito","9":"product_cat-the-valentines-edit","10":"product_tag-valentines","11":"pa_by-type-neckpieces","12":"pa_collection-infinito","13":"pa_color-blazing-burgundy","14":"pa_color-jazzy-green","15":"pa_color-electric-blue","16":"pa_color-dote-red","17":"pa_color-thorne-black","18":"pa_material-18k-gold-micron-plating","19":"pa_short-material-18k-micron-plating","21":"first","22":"outofstock","23":"shipping-taxable","24":"purchasable","25":"product-type-variable","26":"has-default-attributes","27":"add-to-wishlist-before_image"},"_links":{"self":[{"href":"https:\/\/monicavarela.com\/es\/wp-json\/wp\/v2\/product\/54403","targetHints":{"allow":["GET"]}}],"collection":[{"href":"https:\/\/monicavarela.com\/es\/wp-json\/wp\/v2\/product"}],"about":[{"href":"https:\/\/monicavarela.com\/es\/wp-json\/wp\/v2\/types\/product"}],"version-history":[{"count":6,"href":"https:\/\/monicavarela.com\/es\/wp-json\/wp\/v2\/product\/54403\/revisions"}],"predecessor-version":[{"id":67697,"href":"https:\/\/monicavarela.com\/es\/wp-json\/wp\/v2\/product\/54403\/revisions\/67697"}],"wp:featuredmedia":[{"embeddable":true,"href":"https:\/\/monicavarela.com\/es\/wp-json\/wp\/v2\/media\/55298"}],"wp:attachment":[{"href":"https:\/\/monicavarela.com\/es\/wp-json\/wp\/v2\/media?parent=54403"}],"wp:term":[{"taxonomy":"product_brand","embeddable":true,"href":"https:\/\/monicavarela.com\/es\/wp-json\/wp\/v2\/product_brand?post=54403"},{"taxonomy":"product_cat","embeddable":true,"href":"https:\/\/monicavarela.com\/es\/wp-json\/wp\/v2\/product_cat?post=54403"},{"taxonomy":"product_tag","embeddable":true,"href":"https:\/\/monicavarela.com\/es\/wp-json\/wp\/v2\/product_tag?post=54403"},{"taxonomy":"giftcard-category","embeddable":true,"href":"https:\/\/monicavarela.com\/es\/wp-json\/wp\/v2\/giftcard-category?post=54403"}],"curies":[{"name":"wp","href":"https:\/\/api.w.org\/{rel}","templated":true}]}}