{"id":54401,"date":"2025-01-22T14:27:56","date_gmt":"2025-01-22T18:27:56","guid":{"rendered":"https:\/\/monicavarela.com\/product\/infinito-pendant\/"},"modified":"2026-03-30T11:02:05","modified_gmt":"2026-03-30T15:02:05","slug":"infinito-pendant","status":"publish","type":"product","link":"https:\/\/monicavarela.com\/es\/product\/infinito-pendant\/","title":{"rendered":"Colgante infinito"},"content":{"rendered":"<p><a class=\"confirm_avail2\" href=\"https:\/\/wa.me\/18093505622?text=Hi,I%20am%20interested%20in%20the%20Seaglass%20Shore%20Earrings\u2026https:\/\/monicavarela.com\/product\/seaglass-shore-earrings\/\" rel=\"noopener\" target=\"_blank\">CONTACTA UNA MVAJADORA<\/a><\/p>","protected":false},"excerpt":{"rendered":"<p>La colecci\u00f3n Infinito est\u00e1 inspirada en la simple y infinita existencia del amor, siempre presente en innumerables formas.<br \/>\nEl Infinito Pendant presenta un delicado s\u00edmbolo de infinito, sostenido suavemente por una secuencia repetida de nuestra ic\u00f3nica esfera Hurit\u00e1, colocado en el centro de una fina cadena, ofreciendo una declaraci\u00f3n sutil pero profunda de amor eterno.<\/p>","protected":false},"featured_media":55284,"template":"","meta":{"wds_primary_product_brand":0,"wds_primary_product_cat":0,"wds_primary_giftcard-category":0,"footnotes":"","_links_to":"","_links_to_target":""},"product_brand":[],"product_cat":[1032,1007,961,1041],"product_tag":[1053,1010,991,1055,985,1038],"giftcard-category":[],"class_list":{"0":"post-54401","1":"product","2":"type-product","3":"status-publish","4":"has-post-thumbnail","6":"product_cat-inspire","7":"product_cat-shop","8":"product_cat-infinito","9":"product_cat-the-mv-edit","10":"product_tag-18k-micron-plating","11":"product_tag-catalogo","12":"product_tag-for-her","13":"product_tag-gold","14":"product_tag-match-mom","15":"product_tag-holiday-edit","16":"pa_by-type-neckpieces","17":"pa_collection-infinito","18":"pa_color-blazing-burgundy","19":"pa_color-jazzy-green","20":"pa_color-electric-blue","21":"pa_color-dote-red","22":"pa_color-thorne-black","23":"pa_material-18k-gold-micron-plating","24":"pa_short-material-18k-micron-plating","26":"first","27":"instock","28":"shipping-taxable","29":"purchasable","30":"product-type-variable","31":"has-default-attributes","32":"add-to-wishlist-before_image"},"_links":{"self":[{"href":"https:\/\/monicavarela.com\/es\/wp-json\/wp\/v2\/product\/54401","targetHints":{"allow":["GET"]}}],"collection":[{"href":"https:\/\/monicavarela.com\/es\/wp-json\/wp\/v2\/product"}],"about":[{"href":"https:\/\/monicavarela.com\/es\/wp-json\/wp\/v2\/types\/product"}],"version-history":[{"count":5,"href":"https:\/\/monicavarela.com\/es\/wp-json\/wp\/v2\/product\/54401\/revisions"}],"predecessor-version":[{"id":67694,"href":"https:\/\/monicavarela.com\/es\/wp-json\/wp\/v2\/product\/54401\/revisions\/67694"}],"wp:featuredmedia":[{"embeddable":true,"href":"https:\/\/monicavarela.com\/es\/wp-json\/wp\/v2\/media\/55284"}],"wp:attachment":[{"href":"https:\/\/monicavarela.com\/es\/wp-json\/wp\/v2\/media?parent=54401"}],"wp:term":[{"taxonomy":"product_brand","embeddable":true,"href":"https:\/\/monicavarela.com\/es\/wp-json\/wp\/v2\/product_brand?post=54401"},{"taxonomy":"product_cat","embeddable":true,"href":"https:\/\/monicavarela.com\/es\/wp-json\/wp\/v2\/product_cat?post=54401"},{"taxonomy":"product_tag","embeddable":true,"href":"https:\/\/monicavarela.com\/es\/wp-json\/wp\/v2\/product_tag?post=54401"},{"taxonomy":"giftcard-category","embeddable":true,"href":"https:\/\/monicavarela.com\/es\/wp-json\/wp\/v2\/giftcard-category?post=54401"}],"curies":[{"name":"wp","href":"https:\/\/api.w.org\/{rel}","templated":true}]}}