{"id":54400,"date":"2025-01-22T14:27:56","date_gmt":"2025-01-22T18:27:56","guid":{"rendered":"https:\/\/monicavarela.com\/product\/infinito-teeny-pendant-2\/"},"modified":"2026-03-02T01:43:23","modified_gmt":"2026-03-02T05:43:23","slug":"infinito-teeny-pendant-2","status":"publish","type":"product","link":"https:\/\/monicavarela.com\/es\/product\/infinito-teeny-pendant-2\/","title":{"rendered":"Colgante Infinito Teeny"},"content":{"rendered":"<p><a class=\"confirm_avail2\" href=\"https:\/\/wa.me\/18093505622?text=Hi,I%20am%20interested%20in%20the%20Seaglass%20Shore%20Earrings\u2026https:\/\/monicavarela.com\/product\/seaglass-shore-earrings\/\" rel=\"noopener\" target=\"_blank\">CONTACTA UNA MVAJADORA<\/a><\/p>","protected":false},"excerpt":{"rendered":"<p>La colecci\u00f3n Infinito est\u00e1 inspirada en la simple y infinita existencia del amor, siempre presente en innumerables formas.<\/p>\n<p>El Infinito Teeny Pendant presenta un delicado y peque\u00f1o s\u00edmbolo de infinito, sostenido suavemente por una secuencia repetida de nuestra ic\u00f3nica esfera Hurit\u00e1, colocado en el centro de una fina cadena, ofreciendo una declaraci\u00f3n sutil pero profunda de amor eterno.<\/p>","protected":false},"featured_media":55293,"template":"","meta":{"wds_primary_product_brand":0,"wds_primary_product_cat":0,"wds_primary_giftcard-category":0,"footnotes":"","_links_to":"","_links_to_target":""},"product_brand":[],"product_cat":[1032,1007,961],"product_tag":[1053,991,992,1055],"giftcard-category":[],"class_list":{"0":"post-54400","1":"product","2":"type-product","3":"status-publish","4":"has-post-thumbnail","6":"product_cat-inspire","7":"product_cat-shop","8":"product_cat-infinito","9":"product_tag-18k-micron-plating","10":"product_tag-for-her","11":"product_tag-gifts-for-her","12":"product_tag-gold","13":"pa_by-type-neckpieces","14":"pa_collection-infinito","15":"pa_color-blazing-burgundy","16":"pa_color-jazzy-green","17":"pa_color-electric-blue","18":"pa_color-dote-red","19":"pa_color-thorne-black","20":"pa_material-18k-gold-micron-plating","21":"pa_short-material-platinum-micron-plating","23":"first","24":"instock","25":"shipping-taxable","26":"purchasable","27":"product-type-variable","28":"has-default-attributes","29":"add-to-wishlist-before_image"},"_links":{"self":[{"href":"https:\/\/monicavarela.com\/es\/wp-json\/wp\/v2\/product\/54400","targetHints":{"allow":["GET"]}}],"collection":[{"href":"https:\/\/monicavarela.com\/es\/wp-json\/wp\/v2\/product"}],"about":[{"href":"https:\/\/monicavarela.com\/es\/wp-json\/wp\/v2\/types\/product"}],"version-history":[{"count":5,"href":"https:\/\/monicavarela.com\/es\/wp-json\/wp\/v2\/product\/54400\/revisions"}],"predecessor-version":[{"id":67695,"href":"https:\/\/monicavarela.com\/es\/wp-json\/wp\/v2\/product\/54400\/revisions\/67695"}],"wp:featuredmedia":[{"embeddable":true,"href":"https:\/\/monicavarela.com\/es\/wp-json\/wp\/v2\/media\/55293"}],"wp:attachment":[{"href":"https:\/\/monicavarela.com\/es\/wp-json\/wp\/v2\/media?parent=54400"}],"wp:term":[{"taxonomy":"product_brand","embeddable":true,"href":"https:\/\/monicavarela.com\/es\/wp-json\/wp\/v2\/product_brand?post=54400"},{"taxonomy":"product_cat","embeddable":true,"href":"https:\/\/monicavarela.com\/es\/wp-json\/wp\/v2\/product_cat?post=54400"},{"taxonomy":"product_tag","embeddable":true,"href":"https:\/\/monicavarela.com\/es\/wp-json\/wp\/v2\/product_tag?post=54400"},{"taxonomy":"giftcard-category","embeddable":true,"href":"https:\/\/monicavarela.com\/es\/wp-json\/wp\/v2\/giftcard-category?post=54400"}],"curies":[{"name":"wp","href":"https:\/\/api.w.org\/{rel}","templated":true}]}}