{"id":54393,"date":"2025-01-22T14:27:54","date_gmt":"2025-01-22T18:27:54","guid":{"rendered":"https:\/\/monicavarela.com\/product\/infinito-large-earrings\/"},"modified":"2026-03-02T01:09:57","modified_gmt":"2026-03-02T05:09:57","slug":"infinito-large-earrings","status":"publish","type":"product","link":"https:\/\/monicavarela.com\/es\/product\/infinito-large-earrings\/","title":{"rendered":"Infinito Large Earrings"},"content":{"rendered":"<p><a class=\"confirm_avail2\" href=\"https:\/\/wa.me\/18093505622?text=Hi,I%20am%20interested%20in%20the%20Seaglass%20Shore%20Earrings\u2026https:\/\/monicavarela.com\/product\/seaglass-shore-earrings\/\" rel=\"noopener\" target=\"_blank\">CONTACTA UNA MVAJADORA<\/a><\/p>","protected":false},"excerpt":{"rendered":"<p>La colecci\u00f3n Infinito est\u00e1 inspirada en la simple y infinita existencia del amor, siempre presente en innumerables formas.<\/p>\n<p>Los Infinito Earrings, disponibles en grande, presentan el s\u00edmbolo de infinito con nuestra ic\u00f3nica esfera Hurit\u00e1, ofreciendo una expresi\u00f3n vers\u00e1til de la naturaleza infinita del amor.<\/p>","protected":false},"featured_media":55295,"template":"","meta":{"wds_primary_product_brand":0,"wds_primary_product_cat":0,"wds_primary_giftcard-category":0,"footnotes":"","_links_to":"","_links_to_target":""},"product_brand":[],"product_cat":[1032,1007,961,1041],"product_tag":[1053,1010,991,1055,1038],"giftcard-category":[],"class_list":{"0":"post-54393","1":"product","2":"type-product","3":"status-publish","4":"has-post-thumbnail","6":"product_cat-inspire","7":"product_cat-shop","8":"product_cat-infinito","9":"product_cat-the-mv-edit","10":"product_tag-18k-micron-plating","11":"product_tag-catalogo","12":"product_tag-for-her","13":"product_tag-gold","14":"product_tag-holiday-edit","15":"pa_by-type-earrings","16":"pa_collection-infinito","17":"pa_color-blazing-burgundy","18":"pa_color-jazzy-green","19":"pa_color-electric-blue","20":"pa_color-dote-red","21":"pa_color-thorne-black","22":"pa_material-18k-gold-micron-plating","23":"pa_short-material-18k-micron-plating","25":"first","26":"outofstock","27":"shipping-taxable","28":"purchasable","29":"product-type-variable","30":"has-default-attributes","31":"add-to-wishlist-before_image"},"_links":{"self":[{"href":"https:\/\/monicavarela.com\/es\/wp-json\/wp\/v2\/product\/54393","targetHints":{"allow":["GET"]}}],"collection":[{"href":"https:\/\/monicavarela.com\/es\/wp-json\/wp\/v2\/product"}],"about":[{"href":"https:\/\/monicavarela.com\/es\/wp-json\/wp\/v2\/types\/product"}],"version-history":[{"count":5,"href":"https:\/\/monicavarela.com\/es\/wp-json\/wp\/v2\/product\/54393\/revisions"}],"predecessor-version":[{"id":67687,"href":"https:\/\/monicavarela.com\/es\/wp-json\/wp\/v2\/product\/54393\/revisions\/67687"}],"wp:featuredmedia":[{"embeddable":true,"href":"https:\/\/monicavarela.com\/es\/wp-json\/wp\/v2\/media\/55295"}],"wp:attachment":[{"href":"https:\/\/monicavarela.com\/es\/wp-json\/wp\/v2\/media?parent=54393"}],"wp:term":[{"taxonomy":"product_brand","embeddable":true,"href":"https:\/\/monicavarela.com\/es\/wp-json\/wp\/v2\/product_brand?post=54393"},{"taxonomy":"product_cat","embeddable":true,"href":"https:\/\/monicavarela.com\/es\/wp-json\/wp\/v2\/product_cat?post=54393"},{"taxonomy":"product_tag","embeddable":true,"href":"https:\/\/monicavarela.com\/es\/wp-json\/wp\/v2\/product_tag?post=54393"},{"taxonomy":"giftcard-category","embeddable":true,"href":"https:\/\/monicavarela.com\/es\/wp-json\/wp\/v2\/giftcard-category?post=54393"}],"curies":[{"name":"wp","href":"https:\/\/api.w.org\/{rel}","templated":true}]}}