{"id":54366,"date":"2025-01-22T13:56:33","date_gmt":"2025-01-22T17:56:33","guid":{"rendered":"https:\/\/monicavarela.com\/?post_type=product&#038;p=54366"},"modified":"2026-04-11T11:05:29","modified_gmt":"2026-04-11T15:05:29","slug":"infinito-small-earrings","status":"publish","type":"product","link":"https:\/\/monicavarela.com\/es\/product\/infinito-small-earrings\/","title":{"rendered":"Pendientes Peque\u00f1os Infinito"},"content":{"rendered":"<p><a class=\"confirm_avail2\" href=\"https:\/\/wa.me\/18093508629?text=Hi,I%20would%20like%20to%20confirm%20availability%20of%20the%20Infinito%20Small%20Earrings...https:\/\/monicavarela.com\/product\/infinito-small-earrings\" rel=\"noopener\" target=\"_blank\">Confirma Disponibilidad<\/a><\/p>","protected":false},"excerpt":{"rendered":"<p>La colecci\u00f3n Infinito est\u00e1 inspirada en la simple y infinita existencia del amor, siempre presente en innumerables formas.<\/p>\n<p>Los Infinito Earrings, disponibles en peque\u00f1o, presentan el s\u00edmbolo de infinito con nuestra ic\u00f3nica esfera Hurit\u00e1, ofreciendo una expresi\u00f3n vers\u00e1til de la naturaleza infinita del amor.<\/p>","protected":false},"featured_media":55296,"template":"","meta":{"wds_primary_product_brand":0,"wds_primary_product_cat":0,"wds_primary_giftcard-category":0,"footnotes":"","_links_to":"","_links_to_target":""},"product_brand":[],"product_cat":[1032,1007,961,1058],"product_tag":[1059],"giftcard-category":[],"class_list":{"0":"post-54366","1":"product","2":"type-product","3":"status-publish","4":"has-post-thumbnail","6":"product_cat-inspire","7":"product_cat-shop","8":"product_cat-infinito","9":"product_cat-the-valentines-edit","10":"product_tag-valentines","11":"pa_by-type-earrings","12":"pa_collection-infinito","13":"pa_color-blazing-burgundy","14":"pa_color-jazzy-green","15":"pa_color-electric-blue","16":"pa_color-dote-red","17":"pa_color-thorne-black","18":"pa_material-18k-gold-micron-plating","19":"pa_short-material-18k-micron-plating","21":"first","22":"instock","23":"shipping-taxable","24":"purchasable","25":"product-type-variable","26":"has-default-attributes","27":"add-to-wishlist-before_image"},"_links":{"self":[{"href":"https:\/\/monicavarela.com\/es\/wp-json\/wp\/v2\/product\/54366","targetHints":{"allow":["GET"]}}],"collection":[{"href":"https:\/\/monicavarela.com\/es\/wp-json\/wp\/v2\/product"}],"about":[{"href":"https:\/\/monicavarela.com\/es\/wp-json\/wp\/v2\/types\/product"}],"version-history":[{"count":6,"href":"https:\/\/monicavarela.com\/es\/wp-json\/wp\/v2\/product\/54366\/revisions"}],"predecessor-version":[{"id":67686,"href":"https:\/\/monicavarela.com\/es\/wp-json\/wp\/v2\/product\/54366\/revisions\/67686"}],"wp:featuredmedia":[{"embeddable":true,"href":"https:\/\/monicavarela.com\/es\/wp-json\/wp\/v2\/media\/55296"}],"wp:attachment":[{"href":"https:\/\/monicavarela.com\/es\/wp-json\/wp\/v2\/media?parent=54366"}],"wp:term":[{"taxonomy":"product_brand","embeddable":true,"href":"https:\/\/monicavarela.com\/es\/wp-json\/wp\/v2\/product_brand?post=54366"},{"taxonomy":"product_cat","embeddable":true,"href":"https:\/\/monicavarela.com\/es\/wp-json\/wp\/v2\/product_cat?post=54366"},{"taxonomy":"product_tag","embeddable":true,"href":"https:\/\/monicavarela.com\/es\/wp-json\/wp\/v2\/product_tag?post=54366"},{"taxonomy":"giftcard-category","embeddable":true,"href":"https:\/\/monicavarela.com\/es\/wp-json\/wp\/v2\/giftcard-category?post=54366"}],"curies":[{"name":"wp","href":"https:\/\/api.w.org\/{rel}","templated":true}]}}