{"id":50050,"date":"2024-11-11T22:18:35","date_gmt":"2024-11-12T02:18:35","guid":{"rendered":"https:\/\/monicavarela.com\/?post_type=product&#038;p=50050"},"modified":"2026-03-13T03:05:42","modified_gmt":"2026-03-13T07:05:42","slug":"beuo-mini-margin-pendant","status":"publish","type":"product","link":"https:\/\/monicavarela.com\/es\/product\/beuo-mini-margin-pendant\/","title":{"rendered":"Mini Margin Pendant"},"content":{"rendered":"<\/p>","protected":false},"excerpt":{"rendered":"<p><span data-sheets-root=\"1\">Monica Varela Jewelry empodera al opulento en busca de piezas de arte, dise\u00f1adas con detalles vanguardistas e infundidos por una imaginaci\u00f3n evolutiva y lo abstracto. Hecho a mano con \u00e9tica por artesanos de la Rep\u00fablica Dominicana con una mezcla elevada de t\u00e9cnicas de joyer\u00eda tradicionales y materiales de origen sostenible. Un toque refinado pero audaz que captura la esencia de la belleza discreta, el NUEVO pendiente Beuo Mini Margin agrega un toque sofisticado a cualquier conjunto.<\/span><\/p>","protected":false},"featured_media":50072,"template":"","meta":{"wds_primary_product_brand":0,"wds_primary_product_cat":0,"wds_primary_giftcard-category":0,"footnotes":"","_links_to":"","_links_to_target":""},"product_brand":[],"product_cat":[1007,458],"product_tag":[1053,1010,979,991,1055,943],"giftcard-category":[],"class_list":{"0":"post-50050","1":"product","2":"type-product","3":"status-publish","4":"has-post-thumbnail","6":"product_cat-shop","7":"product_cat-beuo","8":"product_tag-18k-micron-plating","9":"product_tag-catalogo","10":"product_tag-fix","11":"product_tag-for-her","12":"product_tag-gold","13":"product_tag-designeredit","14":"pa_by-type-neckpieces","15":"pa_collection-nova","16":"pa_color-blazing-burgundy","17":"pa_color-jazzy-green","18":"pa_color-electric-blue","19":"pa_color-dote-red","20":"pa_color-thorne-black","21":"pa_material-18k-gold-micron-plating","22":"pa_shop-for-babes","23":"pa_short-material-18k-micron-plating","25":"first","26":"instock","27":"featured","28":"shipping-taxable","29":"purchasable","30":"product-type-variable","31":"has-default-attributes","32":"add-to-wishlist-before_image"},"_links":{"self":[{"href":"https:\/\/monicavarela.com\/es\/wp-json\/wp\/v2\/product\/50050","targetHints":{"allow":["GET"]}}],"collection":[{"href":"https:\/\/monicavarela.com\/es\/wp-json\/wp\/v2\/product"}],"about":[{"href":"https:\/\/monicavarela.com\/es\/wp-json\/wp\/v2\/types\/product"}],"version-history":[{"count":6,"href":"https:\/\/monicavarela.com\/es\/wp-json\/wp\/v2\/product\/50050\/revisions"}],"predecessor-version":[{"id":67996,"href":"https:\/\/monicavarela.com\/es\/wp-json\/wp\/v2\/product\/50050\/revisions\/67996"}],"wp:featuredmedia":[{"embeddable":true,"href":"https:\/\/monicavarela.com\/es\/wp-json\/wp\/v2\/media\/50072"}],"wp:attachment":[{"href":"https:\/\/monicavarela.com\/es\/wp-json\/wp\/v2\/media?parent=50050"}],"wp:term":[{"taxonomy":"product_brand","embeddable":true,"href":"https:\/\/monicavarela.com\/es\/wp-json\/wp\/v2\/product_brand?post=50050"},{"taxonomy":"product_cat","embeddable":true,"href":"https:\/\/monicavarela.com\/es\/wp-json\/wp\/v2\/product_cat?post=50050"},{"taxonomy":"product_tag","embeddable":true,"href":"https:\/\/monicavarela.com\/es\/wp-json\/wp\/v2\/product_tag?post=50050"},{"taxonomy":"giftcard-category","embeddable":true,"href":"https:\/\/monicavarela.com\/es\/wp-json\/wp\/v2\/giftcard-category?post=50050"}],"curies":[{"name":"wp","href":"https:\/\/api.w.org\/{rel}","templated":true}]}}