{"id":49965,"date":"2024-11-11T21:49:47","date_gmt":"2024-11-12T01:49:47","guid":{"rendered":"https:\/\/monicavarela.com\/?post_type=product&#038;p=49965"},"modified":"2026-03-30T11:00:18","modified_gmt":"2026-03-30T15:00:18","slug":"nova-whimsical-necklace-silver","status":"publish","type":"product","link":"https:\/\/monicavarela.com\/es\/product\/nova-whimsical-necklace-silver\/","title":{"rendered":"Collar caprichoso de Nova"},"content":{"rendered":"<p><a class=\"confirm_avail2\" href=\"https:\/\/wa.me\/18093508629?text=Hi,I%20would%20like%20to%20confirm%20availability%20of%20the%20Nova%20Whimsical%20Necklace...https:\/\/monicavarela.com\/product\/nova-whimsical-necklace-silver\" rel=\"noopener\" target=\"_blank\">Confirma Disponibilidad<\/a><\/p>","protected":false},"excerpt":{"rendered":"<p><span data-sheets-root=\"1\">El collar Nova Whimsical fusiona detalles atrevidos con la inspiraci\u00f3n caribe\u00f1a, ofreciendo un toque inolvidable para aquellos que no persiguen, sino que atraen la atenci\u00f3n.<\/span><\/p>","protected":false},"featured_media":50176,"template":"","meta":{"wds_primary_product_brand":0,"wds_primary_product_cat":0,"wds_primary_giftcard-category":0,"footnotes":"","_links_to":"","_links_to_target":""},"product_brand":[],"product_cat":[1032,1007,937],"product_tag":[991,633,1054,1056],"giftcard-category":[],"class_list":{"0":"post-49965","1":"product","2":"type-product","3":"status-publish","4":"has-post-thumbnail","6":"product_cat-inspire","7":"product_cat-shop","8":"product_cat-nova","9":"product_tag-for-her","10":"product_tag-hot","11":"product_tag-platinum-micron-plating","12":"product_tag-silver","13":"pa_by-type-neckpieces","14":"pa_collection-nova","15":"pa_color-blazing-burgundy","16":"pa_color-jazzy-green","17":"pa_color-electric-blue","18":"pa_color-dote-red","19":"pa_color-thorne-black","20":"pa_material-925-sterling-silver","21":"pa_shop-for-babes","22":"pa_short-material-platinum-micron-plating","24":"first","25":"outofstock","26":"featured","27":"shipping-taxable","28":"purchasable","29":"product-type-variable","30":"has-default-attributes","31":"add-to-wishlist-before_image"},"_links":{"self":[{"href":"https:\/\/monicavarela.com\/es\/wp-json\/wp\/v2\/product\/49965","targetHints":{"allow":["GET"]}}],"collection":[{"href":"https:\/\/monicavarela.com\/es\/wp-json\/wp\/v2\/product"}],"about":[{"href":"https:\/\/monicavarela.com\/es\/wp-json\/wp\/v2\/types\/product"}],"version-history":[{"count":5,"href":"https:\/\/monicavarela.com\/es\/wp-json\/wp\/v2\/product\/49965\/revisions"}],"predecessor-version":[{"id":67670,"href":"https:\/\/monicavarela.com\/es\/wp-json\/wp\/v2\/product\/49965\/revisions\/67670"}],"wp:featuredmedia":[{"embeddable":true,"href":"https:\/\/monicavarela.com\/es\/wp-json\/wp\/v2\/media\/50176"}],"wp:attachment":[{"href":"https:\/\/monicavarela.com\/es\/wp-json\/wp\/v2\/media?parent=49965"}],"wp:term":[{"taxonomy":"product_brand","embeddable":true,"href":"https:\/\/monicavarela.com\/es\/wp-json\/wp\/v2\/product_brand?post=49965"},{"taxonomy":"product_cat","embeddable":true,"href":"https:\/\/monicavarela.com\/es\/wp-json\/wp\/v2\/product_cat?post=49965"},{"taxonomy":"product_tag","embeddable":true,"href":"https:\/\/monicavarela.com\/es\/wp-json\/wp\/v2\/product_tag?post=49965"},{"taxonomy":"giftcard-category","embeddable":true,"href":"https:\/\/monicavarela.com\/es\/wp-json\/wp\/v2\/giftcard-category?post=49965"}],"curies":[{"name":"wp","href":"https:\/\/api.w.org\/{rel}","templated":true}]}}