{"id":49958,"date":"2024-11-11T21:47:41","date_gmt":"2024-11-12T01:47:41","guid":{"rendered":"https:\/\/monicavarela.com\/?post_type=product&#038;p=49958"},"modified":"2026-04-23T10:49:47","modified_gmt":"2026-04-23T14:49:47","slug":"nova-whimsical-necklace","status":"publish","type":"product","link":"https:\/\/monicavarela.com\/es\/product\/nova-whimsical-necklace\/","title":{"rendered":"Collar caprichoso de Nova"},"content":{"rendered":"<p><a class=\"confirm_avail2\" href=\"https:\/\/wa.me\/18093508629?text=Hi,I%20would%20like%20to%20confirm%20availability%20of%20the%20Nova%20Whimsical%20Necklace...https:\/\/monicavarela.com\/product\/nova-whimsical-necklace\" rel=\"noopener\" target=\"_blank\">Confirma Disponibilidad<\/a><\/p>","protected":false},"excerpt":{"rendered":"<p><span data-sheets-root=\"1\">El collar Nova Whimsical fusiona detalles atrevidos con la inspiraci\u00f3n caribe\u00f1a, ofreciendo un toque inolvidable para aquellos que no persiguen, sino que atraen la atenci\u00f3n.<\/span><\/p>","protected":false},"featured_media":50170,"template":"","meta":{"wds_primary_product_brand":0,"wds_primary_product_cat":0,"wds_primary_giftcard-category":0,"footnotes":"","_links_to":"","_links_to_target":""},"product_brand":[],"product_cat":[1032,1007,937],"product_tag":[1053,1010,979,991,1055,977],"giftcard-category":[],"class_list":{"0":"post-49958","1":"product","2":"type-product","3":"status-publish","4":"has-post-thumbnail","6":"product_cat-inspire","7":"product_cat-shop","8":"product_cat-nova","9":"product_tag-18k-micron-plating","10":"product_tag-catalogo","11":"product_tag-fix","12":"product_tag-for-her","13":"product_tag-gold","14":"product_tag-the-golden-legacy-set","15":"pa_by-type-neckpieces","16":"pa_collection-nova","17":"pa_color-blazing-burgundy","18":"pa_color-jazzy-green","19":"pa_color-electric-blue","20":"pa_color-dote-red","21":"pa_color-thorne-black","22":"pa_material-18k-gold-micron-plating","23":"pa_shop-for-babes","24":"pa_short-material-18k-micron-plating","26":"first","27":"instock","28":"featured","29":"shipping-taxable","30":"purchasable","31":"product-type-variable","32":"has-default-attributes","33":"add-to-wishlist-before_image"},"_links":{"self":[{"href":"https:\/\/monicavarela.com\/es\/wp-json\/wp\/v2\/product\/49958","targetHints":{"allow":["GET"]}}],"collection":[{"href":"https:\/\/monicavarela.com\/es\/wp-json\/wp\/v2\/product"}],"about":[{"href":"https:\/\/monicavarela.com\/es\/wp-json\/wp\/v2\/types\/product"}],"version-history":[{"count":0,"href":"https:\/\/monicavarela.com\/es\/wp-json\/wp\/v2\/product\/49958\/revisions"}],"wp:featuredmedia":[{"embeddable":true,"href":"https:\/\/monicavarela.com\/es\/wp-json\/wp\/v2\/media\/50170"}],"wp:attachment":[{"href":"https:\/\/monicavarela.com\/es\/wp-json\/wp\/v2\/media?parent=49958"}],"wp:term":[{"taxonomy":"product_brand","embeddable":true,"href":"https:\/\/monicavarela.com\/es\/wp-json\/wp\/v2\/product_brand?post=49958"},{"taxonomy":"product_cat","embeddable":true,"href":"https:\/\/monicavarela.com\/es\/wp-json\/wp\/v2\/product_cat?post=49958"},{"taxonomy":"product_tag","embeddable":true,"href":"https:\/\/monicavarela.com\/es\/wp-json\/wp\/v2\/product_tag?post=49958"},{"taxonomy":"giftcard-category","embeddable":true,"href":"https:\/\/monicavarela.com\/es\/wp-json\/wp\/v2\/giftcard-category?post=49958"}],"curies":[{"name":"wp","href":"https:\/\/api.w.org\/{rel}","templated":true}]}}