{"id":47604,"date":"2024-06-07T22:12:33","date_gmt":"2024-06-08T02:12:33","guid":{"rendered":"https:\/\/monicavarela.com\/?post_type=product&#038;p=47604"},"modified":"2026-03-24T12:30:52","modified_gmt":"2026-03-24T16:30:52","slug":"medalla-de-la-altagracia-pendant-silver","status":"publish","type":"product","link":"https:\/\/monicavarela.com\/es\/product\/medalla-de-la-altagracia-pendant-silver\/","title":{"rendered":"Medalla de la Altagracia Pendant 18&#8243; Small"},"content":{"rendered":"<p><a class=\"confirm_avail2\" href=\"https:\/\/wa.me\/18093508629?text=Hi,I%20would%20like%20to%20confirm%20availability%20of%20the%20Minute%20Teeny%20Cuff\u2026https:\/\/monicavarela.com\/product\/hurita-minute-teeny-cuff-gold-vermeil\" rel=\"noopener\" target=\"_blank\">Confirma Disponibilidad<\/a><\/p>","protected":false},"excerpt":{"rendered":"<p>Una colecci\u00f3n de medallas creadas en admiraci\u00f3n y reverencia que rinde homenaje a Nuestra Se\u00f1ora De La Altagracia, son s\u00edmbolos de fe en celebraci\u00f3n de la Gracia de la virgen, presentados con sutileza.\nCada medalla, con su elegancia atemporal, evoca serenidad Celestial y es una experiencia sublime que inspira a quienes la portan para celebrar su fortaleza espiritual con estilo y distinci\u00f3n.<\/p>","protected":false},"featured_media":54582,"template":"","meta":{"wds_primary_product_brand":0,"wds_primary_product_cat":0,"wds_primary_giftcard-category":0,"footnotes":"","_links_to":"","_links_to_target":""},"product_brand":[],"product_cat":[1007,916,1042,1043],"product_tag":[953,738,991,987,1067,1040,657,1039,1054,1056,976],"giftcard-category":[],"class_list":{"0":"post-47604","1":"product","2":"type-product","3":"status-publish","4":"has-post-thumbnail","6":"product_cat-shop","7":"product_cat-divine-reflections","8":"product_cat-for-her","9":"product_cat-iconics","10":"product_tag-bestsellers","11":"product_tag-classic-belle","12":"product_tag-for-her","13":"product_tag-under-300","14":"product_tag-under-400","15":"product_tag-iconic","16":"product_tag-treasure","17":"product_tag-mvbabes","18":"product_tag-platinum-micron-plating","19":"product_tag-silver","20":"product_tag-the-silver-riviere-set","21":"pa_by-type-neckpieces","22":"pa_collection-reflejos-divinos","23":"pa_color-n-a","24":"pa_material-925-sterling-silver","25":"pa_shop-for-babes","26":"pa_short-material-platinum-micron-plating","27":"pa_size-s","28":"pa_size-m","29":"pa_size-l","31":"first","32":"instock","33":"featured","34":"shipping-taxable","35":"purchasable","36":"product-type-variable","37":"has-default-attributes","38":"add-to-wishlist-before_image"},"_links":{"self":[{"href":"https:\/\/monicavarela.com\/es\/wp-json\/wp\/v2\/product\/47604","targetHints":{"allow":["GET"]}}],"collection":[{"href":"https:\/\/monicavarela.com\/es\/wp-json\/wp\/v2\/product"}],"about":[{"href":"https:\/\/monicavarela.com\/es\/wp-json\/wp\/v2\/types\/product"}],"version-history":[{"count":6,"href":"https:\/\/monicavarela.com\/es\/wp-json\/wp\/v2\/product\/47604\/revisions"}],"predecessor-version":[{"id":67992,"href":"https:\/\/monicavarela.com\/es\/wp-json\/wp\/v2\/product\/47604\/revisions\/67992"}],"wp:featuredmedia":[{"embeddable":true,"href":"https:\/\/monicavarela.com\/es\/wp-json\/wp\/v2\/media\/54582"}],"wp:attachment":[{"href":"https:\/\/monicavarela.com\/es\/wp-json\/wp\/v2\/media?parent=47604"}],"wp:term":[{"taxonomy":"product_brand","embeddable":true,"href":"https:\/\/monicavarela.com\/es\/wp-json\/wp\/v2\/product_brand?post=47604"},{"taxonomy":"product_cat","embeddable":true,"href":"https:\/\/monicavarela.com\/es\/wp-json\/wp\/v2\/product_cat?post=47604"},{"taxonomy":"product_tag","embeddable":true,"href":"https:\/\/monicavarela.com\/es\/wp-json\/wp\/v2\/product_tag?post=47604"},{"taxonomy":"giftcard-category","embeddable":true,"href":"https:\/\/monicavarela.com\/es\/wp-json\/wp\/v2\/giftcard-category?post=47604"}],"curies":[{"name":"wp","href":"https:\/\/api.w.org\/{rel}","templated":true}]}}