{"id":47586,"date":"2024-06-07T21:48:07","date_gmt":"2024-06-08T01:48:07","guid":{"rendered":"https:\/\/monicavarela.com\/?post_type=product&#038;p=47586"},"modified":"2026-04-10T12:08:27","modified_gmt":"2026-04-10T16:08:27","slug":"medalla-de-la-altagracia-pendant","status":"publish","type":"product","link":"https:\/\/monicavarela.com\/es\/product\/medalla-de-la-altagracia-pendant\/","title":{"rendered":"Colgante Medalla de La Altagracia"},"content":{"rendered":"<p><a class=\"confirm_avail2\" href=\"https:\/\/wa.me\/18093508629?text=Hi,I%20would%20like%20to%20confirm%20availability%20of%20the%20Minute%20Teeny%20Cuff\u2026https:\/\/monicavarela.com\/product\/hurita-minute-teeny-cuff-gold-vermeil\" rel=\"noopener\" target=\"_blank\">Confirma Disponibilidad<\/a><\/p>","protected":false},"excerpt":{"rendered":"<p>Una colecci\u00f3n de medallas creadas en admiraci\u00f3n y reverencia que rinde homenaje a Nuestra Se\u00f1ora De La Altagracia, son s\u00edmbolos de fe en celebraci\u00f3n de la Gracia de la virgen, presentados con sutileza.\nCada medalla, con su elegancia atemporal, evoca serenidad Celestial y es una experiencia sublime que inspira a quienes la portan para celebrar su fortaleza espiritual con estilo y distinci\u00f3n.<\/p>","protected":false},"featured_media":54577,"template":"","meta":{"wds_primary_product_brand":0,"wds_primary_product_cat":0,"wds_primary_giftcard-category":0,"footnotes":"","_links_to":"","_links_to_target":""},"product_brand":[],"product_cat":[1007,916,1042,1043],"product_tag":[1053,1010,991,987,1067,1055,1040,1039],"giftcard-category":[],"class_list":{"0":"post-47586","1":"product","2":"type-product","3":"status-publish","4":"has-post-thumbnail","6":"product_cat-shop","7":"product_cat-divine-reflections","8":"product_cat-for-her","9":"product_cat-iconics","10":"product_tag-18k-micron-plating","11":"product_tag-catalogo","12":"product_tag-for-her","13":"product_tag-under-300","14":"product_tag-under-400","15":"product_tag-gold","16":"product_tag-iconic","17":"product_tag-mvbabes","18":"pa_by-type-neckpieces","19":"pa_collection-reflejos-divinos","20":"pa_color-n-a","21":"pa_material-18k-gold-micron-plating","22":"pa_shop-for-babes","23":"pa_short-material-18k-micron-plating","24":"pa_size-s","25":"pa_size-m","26":"pa_size-l","28":"first","29":"instock","30":"featured","31":"shipping-taxable","32":"purchasable","33":"product-type-variable","34":"has-default-attributes","35":"add-to-wishlist-before_image"},"_links":{"self":[{"href":"https:\/\/monicavarela.com\/es\/wp-json\/wp\/v2\/product\/47586","targetHints":{"allow":["GET"]}}],"collection":[{"href":"https:\/\/monicavarela.com\/es\/wp-json\/wp\/v2\/product"}],"about":[{"href":"https:\/\/monicavarela.com\/es\/wp-json\/wp\/v2\/types\/product"}],"version-history":[{"count":5,"href":"https:\/\/monicavarela.com\/es\/wp-json\/wp\/v2\/product\/47586\/revisions"}],"predecessor-version":[{"id":67662,"href":"https:\/\/monicavarela.com\/es\/wp-json\/wp\/v2\/product\/47586\/revisions\/67662"}],"wp:featuredmedia":[{"embeddable":true,"href":"https:\/\/monicavarela.com\/es\/wp-json\/wp\/v2\/media\/54577"}],"wp:attachment":[{"href":"https:\/\/monicavarela.com\/es\/wp-json\/wp\/v2\/media?parent=47586"}],"wp:term":[{"taxonomy":"product_brand","embeddable":true,"href":"https:\/\/monicavarela.com\/es\/wp-json\/wp\/v2\/product_brand?post=47586"},{"taxonomy":"product_cat","embeddable":true,"href":"https:\/\/monicavarela.com\/es\/wp-json\/wp\/v2\/product_cat?post=47586"},{"taxonomy":"product_tag","embeddable":true,"href":"https:\/\/monicavarela.com\/es\/wp-json\/wp\/v2\/product_tag?post=47586"},{"taxonomy":"giftcard-category","embeddable":true,"href":"https:\/\/monicavarela.com\/es\/wp-json\/wp\/v2\/giftcard-category?post=47586"}],"curies":[{"name":"wp","href":"https:\/\/api.w.org\/{rel}","templated":true}]}}