{"id":46915,"date":"2024-04-30T17:33:40","date_gmt":"2024-04-30T21:33:40","guid":{"rendered":"https:\/\/monicavarela.com\/?post_type=product&#038;p=46915"},"modified":"2026-03-08T21:27:29","modified_gmt":"2026-03-09T01:27:29","slug":"seaglass-shore-earrings-silver","status":"publish","type":"product","link":"https:\/\/monicavarela.com\/es\/product\/seaglass-shore-earrings-silver\/","title":{"rendered":"Pendientes de vidrio marino Shore"},"content":{"rendered":"<p><a class=\"confirm_avail2\" href=\"https:\/\/wa.me\/18093505622?text=Hi,I%20am%20interested%20in%20the%20Seaglass%20Shore%20Earrings\u2026https:\/\/monicavarela.com\/product\/seaglass-shore-earrings-silver\/\" rel=\"noopener\" target=\"_blank\">CONTACTA UNA MVAJADORA<\/a><\/p>","protected":false},"excerpt":{"rendered":"<p>Sum\u00e9rgete en la delicada danza de los tonos del oc\u00e9ano con nuestros peque\u00f1os pendientes colgantes, donde cada una susurra historias de olas serenas y elegancia consciente.<\/p>\n<p>&nbsp;<\/p>\n<p class=\"second\"><em>Descubre la magia en esta pieza seleccionada por la energ\u00eda divina para conectarse con tu individualidad; ofreciendo una variedad de colores y formas limitadas del vidrio marino, asegurando que cada pieza sea tan \u00fanica como t\u00fa.<\/em><\/p>","protected":false},"featured_media":47014,"template":"","meta":{"wds_primary_product_brand":0,"wds_primary_product_cat":0,"wds_primary_giftcard-category":0,"footnotes":"","_links_to":"","_links_to_target":""},"product_brand":[],"product_cat":[1007,904],"product_tag":[991,992,987,1067,1054,1056],"giftcard-category":[],"class_list":{"0":"post-46915","1":"product","2":"type-product","3":"status-publish","4":"has-post-thumbnail","6":"product_cat-shop","7":"product_cat-seaglass","8":"product_tag-for-her","9":"product_tag-gifts-for-her","10":"product_tag-under-300","11":"product_tag-under-400","12":"product_tag-platinum-micron-plating","13":"product_tag-silver","14":"pa_by-type-earrings","15":"pa_collection-seaglass","16":"pa_color-blazing-burgundy","17":"pa_color-jazzy-green","18":"pa_color-electric-blue","19":"pa_color-dote-red","20":"pa_color-thorne-black","21":"pa_material-925-sterling-silver","22":"pa_short-material-platinum-micron-plating","23":"pa_stone-seaglass","25":"first","26":"instock","27":"shipping-taxable","28":"purchasable","29":"product-type-variable","30":"has-default-attributes","31":"add-to-wishlist-before_image"},"_links":{"self":[{"href":"https:\/\/monicavarela.com\/es\/wp-json\/wp\/v2\/product\/46915","targetHints":{"allow":["GET"]}}],"collection":[{"href":"https:\/\/monicavarela.com\/es\/wp-json\/wp\/v2\/product"}],"about":[{"href":"https:\/\/monicavarela.com\/es\/wp-json\/wp\/v2\/types\/product"}],"version-history":[{"count":5,"href":"https:\/\/monicavarela.com\/es\/wp-json\/wp\/v2\/product\/46915\/revisions"}],"predecessor-version":[{"id":67656,"href":"https:\/\/monicavarela.com\/es\/wp-json\/wp\/v2\/product\/46915\/revisions\/67656"}],"wp:featuredmedia":[{"embeddable":true,"href":"https:\/\/monicavarela.com\/es\/wp-json\/wp\/v2\/media\/47014"}],"wp:attachment":[{"href":"https:\/\/monicavarela.com\/es\/wp-json\/wp\/v2\/media?parent=46915"}],"wp:term":[{"taxonomy":"product_brand","embeddable":true,"href":"https:\/\/monicavarela.com\/es\/wp-json\/wp\/v2\/product_brand?post=46915"},{"taxonomy":"product_cat","embeddable":true,"href":"https:\/\/monicavarela.com\/es\/wp-json\/wp\/v2\/product_cat?post=46915"},{"taxonomy":"product_tag","embeddable":true,"href":"https:\/\/monicavarela.com\/es\/wp-json\/wp\/v2\/product_tag?post=46915"},{"taxonomy":"giftcard-category","embeddable":true,"href":"https:\/\/monicavarela.com\/es\/wp-json\/wp\/v2\/giftcard-category?post=46915"}],"curies":[{"name":"wp","href":"https:\/\/api.w.org\/{rel}","templated":true}]}}