{"id":46906,"date":"2024-04-30T17:33:40","date_gmt":"2024-04-30T21:33:40","guid":{"rendered":"https:\/\/monicavarela.com\/?post_type=product&#038;p=46906"},"modified":"2026-03-08T21:27:28","modified_gmt":"2026-03-09T01:27:28","slug":"seaglass-shore-earrings","status":"publish","type":"product","link":"https:\/\/monicavarela.com\/es\/product\/seaglass-shore-earrings\/","title":{"rendered":"Pendientes de vidrio marino Shore"},"content":{"rendered":"<p><a class=\"confirm_avail2\" href=\"https:\/\/wa.me\/18093505622?text=Hi,I%20am%20interested%20in%20the%20Seaglass%20Shore%20Earrings\u2026https:\/\/monicavarela.com\/product\/seaglass-shore-earrings\/\" rel=\"noopener\" target=\"_blank\">CONTACTA UNA MVAJADORA<\/a><\/p>","protected":false},"excerpt":{"rendered":"<p>Sum\u00e9rgete en la delicada danza de los tonos del oc\u00e9ano con nuestros peque\u00f1os pendientes colgantes, donde cada una susurra historias de olas serenas y elegancia consciente.<\/p>\n<p class=\"second\"><em>Descubre la magia en esta pieza seleccionada por la energ\u00eda divina para conectarse con tu individualidad; ofreciendo una variedad de colores y formas limitadas del vidrio marino, asegurando que cada pieza sea tan \u00fanica como t\u00fa.<\/em><\/p>","protected":false},"featured_media":47008,"template":"","meta":{"wds_primary_product_brand":0,"wds_primary_product_cat":0,"wds_primary_giftcard-category":0,"footnotes":"","_links_to":"","_links_to_target":""},"product_brand":[],"product_cat":[1007,904],"product_tag":[1053,1010,991,992,987,1067,1055],"giftcard-category":[],"class_list":{"0":"post-46906","1":"product","2":"type-product","3":"status-publish","4":"has-post-thumbnail","6":"product_cat-shop","7":"product_cat-seaglass","8":"product_tag-18k-micron-plating","9":"product_tag-catalogo","10":"product_tag-for-her","11":"product_tag-gifts-for-her","12":"product_tag-under-300","13":"product_tag-under-400","14":"product_tag-gold","15":"pa_by-type-earrings","16":"pa_collection-seaglass","17":"pa_color-blazing-burgundy","18":"pa_color-jazzy-green","19":"pa_color-electric-blue","20":"pa_color-dote-red","21":"pa_color-thorne-black","22":"pa_material-18k-gold-micron-plating","23":"pa_short-material-18k-micron-plating","24":"pa_stone-seaglass","26":"first","27":"instock","28":"shipping-taxable","29":"purchasable","30":"product-type-variable","31":"has-default-attributes","32":"add-to-wishlist-before_image"},"_links":{"self":[{"href":"https:\/\/monicavarela.com\/es\/wp-json\/wp\/v2\/product\/46906","targetHints":{"allow":["GET"]}}],"collection":[{"href":"https:\/\/monicavarela.com\/es\/wp-json\/wp\/v2\/product"}],"about":[{"href":"https:\/\/monicavarela.com\/es\/wp-json\/wp\/v2\/types\/product"}],"version-history":[{"count":5,"href":"https:\/\/monicavarela.com\/es\/wp-json\/wp\/v2\/product\/46906\/revisions"}],"predecessor-version":[{"id":67654,"href":"https:\/\/monicavarela.com\/es\/wp-json\/wp\/v2\/product\/46906\/revisions\/67654"}],"wp:featuredmedia":[{"embeddable":true,"href":"https:\/\/monicavarela.com\/es\/wp-json\/wp\/v2\/media\/47008"}],"wp:attachment":[{"href":"https:\/\/monicavarela.com\/es\/wp-json\/wp\/v2\/media?parent=46906"}],"wp:term":[{"taxonomy":"product_brand","embeddable":true,"href":"https:\/\/monicavarela.com\/es\/wp-json\/wp\/v2\/product_brand?post=46906"},{"taxonomy":"product_cat","embeddable":true,"href":"https:\/\/monicavarela.com\/es\/wp-json\/wp\/v2\/product_cat?post=46906"},{"taxonomy":"product_tag","embeddable":true,"href":"https:\/\/monicavarela.com\/es\/wp-json\/wp\/v2\/product_tag?post=46906"},{"taxonomy":"giftcard-category","embeddable":true,"href":"https:\/\/monicavarela.com\/es\/wp-json\/wp\/v2\/giftcard-category?post=46906"}],"curies":[{"name":"wp","href":"https:\/\/api.w.org\/{rel}","templated":true}]}}