{"id":44332,"date":"2024-02-09T12:54:28","date_gmt":"2024-02-09T16:54:28","guid":{"rendered":"https:\/\/monicavarela.com\/product\/hislu-courage-pendant\/"},"modified":"2026-03-01T22:50:52","modified_gmt":"2026-03-02T02:50:52","slug":"hislu-courage-pendant","status":"publish","type":"product","link":"https:\/\/monicavarela.com\/es\/product\/hislu-courage-pendant\/","title":{"rendered":"HISL\u00da COURAGE PENDANT"},"content":{"rendered":"<p><a class=\"confirm_avail\" href=\"https:\/\/wa.me\/18093505622?text=Hi,I%20am%20interested%20in%20the%20Hisl\u00fa%20Courage%20Pendant\u2026https:\/\/monicavarela.com\/product\/hislu-courage-pendant\/\" rel=\"noopener\" target=\"_blank\">CONTACTA UNA MVAJADORA<\/a><\/p>","protected":false},"excerpt":{"rendered":"<p>Elaborada con artesan\u00eda distinguida, cada pieza de la joyer\u00eda fina de Monica Varela se convierte en una sinfon\u00eda de elegancia, invitando a llevar la esencia del amor duradero y la sofisticaci\u00f3n caribe\u00f1a.\u2028<\/p>\n<p>Embellece tus looks de d\u00eda y noche con destellos de elegancia, mientras que estos pares de aretes se convierten en un reflejo luminoso de tu propio encanto atemporal.<\/p>\n<p class=\"\u2018stone_vary\u2019\">La piedra puede variar en forma y tama\u00f1o.<\/p>","protected":false},"featured_media":44543,"template":"","meta":{"wds_primary_product_brand":0,"wds_primary_product_cat":0,"wds_primary_giftcard-category":0,"footnotes":"","_links_to":"","_links_to_target":""},"product_brand":[],"product_cat":[766],"product_tag":[991,749,980],"giftcard-category":[],"class_list":{"0":"post-44332","1":"product","2":"type-product","3":"status-publish","4":"has-post-thumbnail","6":"product_cat-fine-jewelry","7":"product_tag-for-her","8":"product_tag-preorder","9":"product_tag-yes","10":"pa_by-type-neckpieces","11":"pa_collection-hislu","12":"pa_material-18k-gold","13":"pa_short-material-18k-gold","14":"pa_stone-emerald","16":"first","17":"outofstock","18":"shipping-taxable","19":"purchasable","20":"product-type-simple","21":"add-to-wishlist-before_image"},"_links":{"self":[{"href":"https:\/\/monicavarela.com\/es\/wp-json\/wp\/v2\/product\/44332","targetHints":{"allow":["GET"]}}],"collection":[{"href":"https:\/\/monicavarela.com\/es\/wp-json\/wp\/v2\/product"}],"about":[{"href":"https:\/\/monicavarela.com\/es\/wp-json\/wp\/v2\/types\/product"}],"version-history":[{"count":5,"href":"https:\/\/monicavarela.com\/es\/wp-json\/wp\/v2\/product\/44332\/revisions"}],"predecessor-version":[{"id":67990,"href":"https:\/\/monicavarela.com\/es\/wp-json\/wp\/v2\/product\/44332\/revisions\/67990"}],"wp:featuredmedia":[{"embeddable":true,"href":"https:\/\/monicavarela.com\/es\/wp-json\/wp\/v2\/media\/44543"}],"wp:attachment":[{"href":"https:\/\/monicavarela.com\/es\/wp-json\/wp\/v2\/media?parent=44332"}],"wp:term":[{"taxonomy":"product_brand","embeddable":true,"href":"https:\/\/monicavarela.com\/es\/wp-json\/wp\/v2\/product_brand?post=44332"},{"taxonomy":"product_cat","embeddable":true,"href":"https:\/\/monicavarela.com\/es\/wp-json\/wp\/v2\/product_cat?post=44332"},{"taxonomy":"product_tag","embeddable":true,"href":"https:\/\/monicavarela.com\/es\/wp-json\/wp\/v2\/product_tag?post=44332"},{"taxonomy":"giftcard-category","embeddable":true,"href":"https:\/\/monicavarela.com\/es\/wp-json\/wp\/v2\/giftcard-category?post=44332"}],"curies":[{"name":"wp","href":"https:\/\/api.w.org\/{rel}","templated":true}]}}