{"id":44327,"date":"2024-02-09T12:54:26","date_gmt":"2024-02-09T16:54:26","guid":{"rendered":"https:\/\/monicavarela.com\/product\/fauli-bangle\/"},"modified":"2026-05-03T17:41:35","modified_gmt":"2026-05-03T21:41:35","slug":"fauli-bangle","status":"publish","type":"product","link":"https:\/\/monicavarela.com\/es\/product\/fauli-bangle\/","title":{"rendered":"FAULI BANGLE MEDIUM"},"content":{"rendered":"<\/p>","protected":false},"excerpt":{"rendered":"<p>Elaborada con artesan\u00eda distinguida, cada pieza de la joyer\u00eda fina de Monica Varela se convierte en una sinfon\u00eda de elegancia, invitando a llevar la esencia del amor duradero y la sofisticaci\u00f3n caribe\u00f1a.\u2028<\/p>\n<p>Envuelta en una artesan\u00eda atemporal, cada pulsera susurra la gracia de la tradici\u00f3n a trav\u00e9s de un encanto distintivo y armonioso, encapsulando historias \u00fanicas.<\/p>","protected":false},"featured_media":44536,"template":"","meta":{"wds_primary_product_brand":0,"wds_primary_product_cat":0,"wds_primary_giftcard-category":0,"footnotes":"","_links_to":"","_links_to_target":""},"product_brand":[],"product_cat":[766],"product_tag":[991,749],"giftcard-category":[],"class_list":{"0":"post-44327","1":"product","2":"type-product","3":"status-publish","4":"has-post-thumbnail","6":"product_cat-fine-jewelry","7":"product_tag-for-her","8":"product_tag-preorder","9":"pa_by-type-bracelets","10":"pa_collection-fauli","11":"pa_material-18k-gold","12":"pa_short-material-18k-gold","13":"pa_wrist-size-s","14":"pa_wrist-size-m","16":"first","17":"outofstock","18":"shipping-taxable","19":"purchasable","20":"product-type-variable","21":"has-default-attributes","22":"add-to-wishlist-before_image"},"_links":{"self":[{"href":"https:\/\/monicavarela.com\/es\/wp-json\/wp\/v2\/product\/44327","targetHints":{"allow":["GET"]}}],"collection":[{"href":"https:\/\/monicavarela.com\/es\/wp-json\/wp\/v2\/product"}],"about":[{"href":"https:\/\/monicavarela.com\/es\/wp-json\/wp\/v2\/types\/product"}],"version-history":[{"count":2,"href":"https:\/\/monicavarela.com\/es\/wp-json\/wp\/v2\/product\/44327\/revisions"}],"predecessor-version":[{"id":69294,"href":"https:\/\/monicavarela.com\/es\/wp-json\/wp\/v2\/product\/44327\/revisions\/69294"}],"wp:featuredmedia":[{"embeddable":true,"href":"https:\/\/monicavarela.com\/es\/wp-json\/wp\/v2\/media\/44536"}],"wp:attachment":[{"href":"https:\/\/monicavarela.com\/es\/wp-json\/wp\/v2\/media?parent=44327"}],"wp:term":[{"taxonomy":"product_brand","embeddable":true,"href":"https:\/\/monicavarela.com\/es\/wp-json\/wp\/v2\/product_brand?post=44327"},{"taxonomy":"product_cat","embeddable":true,"href":"https:\/\/monicavarela.com\/es\/wp-json\/wp\/v2\/product_cat?post=44327"},{"taxonomy":"product_tag","embeddable":true,"href":"https:\/\/monicavarela.com\/es\/wp-json\/wp\/v2\/product_tag?post=44327"},{"taxonomy":"giftcard-category","embeddable":true,"href":"https:\/\/monicavarela.com\/es\/wp-json\/wp\/v2\/giftcard-category?post=44327"}],"curies":[{"name":"wp","href":"https:\/\/api.w.org\/{rel}","templated":true}]}}