{"id":44322,"date":"2024-02-09T12:54:23","date_gmt":"2024-02-09T16:54:23","guid":{"rendered":"https:\/\/monicavarela.com\/product\/fauli-single-cloud-ring\/"},"modified":"2026-03-01T22:50:44","modified_gmt":"2026-03-02T02:50:44","slug":"fauli-single-cloud-ring","status":"publish","type":"product","link":"https:\/\/monicavarela.com\/es\/product\/fauli-single-cloud-ring\/","title":{"rendered":"FAULI SINGLE CLOUD RING"},"content":{"rendered":"<p><a class=\"ringsize\" href=\"https:\/\/monicavarela.com\/wp-content\/uploads\/mvbabes-ringsize-guide.pdf\" rel=\"noopener\" target=\"_blank\">\u00bfNecesitas ayuda con el tama\u00f1o?<\/a><\/p>\n<p class=\"stone_vary\" style=\"font-weight: 600;margin-bottom: 0\">La piedra puede variar en forma y tama\u00f1o.<\/p>\n<p><a class=\"confirm_avail\" href=\"https:\/\/wa.me\/18093505622?text=Hi,I%20am%20interested%20in%20the%20Fauli%20Single%20Cloud%20Ring\u2026https:\/\/monicavarela.com\/product\/fauli-single-cloud-ring\/\" rel=\"noopener\" target=\"_blank\">CONTACTA UNA MVAJADORA<\/a><\/p>","protected":false},"excerpt":{"rendered":"<p>Celebra el amor eterno con nuestros anillos de compromiso y boda. Cada pieza es una obra maestra de artesan\u00eda refinada, dise\u00f1ada para simbolizar la uni\u00f3n de dos corazones en un v\u00ednculo eterno. Con detalles meticulosamente elaborados y estilo incomparable, nuestros anillos capturan la esencia misma del romance y la devoci\u00f3n.<\/p>","protected":false},"featured_media":44511,"template":"","meta":{"wds_primary_product_brand":0,"wds_primary_product_cat":0,"wds_primary_giftcard-category":0,"footnotes":"","_links_to":"","_links_to_target":""},"product_brand":[],"product_cat":[766],"product_tag":[991,749,934,980],"giftcard-category":[],"class_list":{"0":"post-44322","1":"product","2":"type-product","3":"status-publish","4":"has-post-thumbnail","6":"product_cat-fine-jewelry","7":"product_tag-for-her","8":"product_tag-preorder","9":"product_tag-rings","10":"product_tag-yes","11":"pa_by-type-rings","12":"pa_collection-engagement-rings","13":"pa_material-18k-gold","14":"pa_ring-size-10-0","15":"pa_ring-size-221","16":"pa_ring-size-4-5","17":"pa_ring-size-223","18":"pa_ring-size-5-5","19":"pa_ring-size-225","20":"pa_ring-size-6-5","21":"pa_ring-size-227","22":"pa_ring-size-7-5","23":"pa_ring-size-229","24":"pa_ring-size-8-5","25":"pa_ring-size-231","26":"pa_ring-size-233","27":"pa_short-material-18k-gold","28":"pa_stone-diamond","30":"first","31":"outofstock","32":"shipping-taxable","33":"purchasable","34":"product-type-simple","35":"add-to-wishlist-before_image"},"_links":{"self":[{"href":"https:\/\/monicavarela.com\/es\/wp-json\/wp\/v2\/product\/44322","targetHints":{"allow":["GET"]}}],"collection":[{"href":"https:\/\/monicavarela.com\/es\/wp-json\/wp\/v2\/product"}],"about":[{"href":"https:\/\/monicavarela.com\/es\/wp-json\/wp\/v2\/types\/product"}],"version-history":[{"count":5,"href":"https:\/\/monicavarela.com\/es\/wp-json\/wp\/v2\/product\/44322\/revisions"}],"predecessor-version":[{"id":67983,"href":"https:\/\/monicavarela.com\/es\/wp-json\/wp\/v2\/product\/44322\/revisions\/67983"}],"wp:featuredmedia":[{"embeddable":true,"href":"https:\/\/monicavarela.com\/es\/wp-json\/wp\/v2\/media\/44511"}],"wp:attachment":[{"href":"https:\/\/monicavarela.com\/es\/wp-json\/wp\/v2\/media?parent=44322"}],"wp:term":[{"taxonomy":"product_brand","embeddable":true,"href":"https:\/\/monicavarela.com\/es\/wp-json\/wp\/v2\/product_brand?post=44322"},{"taxonomy":"product_cat","embeddable":true,"href":"https:\/\/monicavarela.com\/es\/wp-json\/wp\/v2\/product_cat?post=44322"},{"taxonomy":"product_tag","embeddable":true,"href":"https:\/\/monicavarela.com\/es\/wp-json\/wp\/v2\/product_tag?post=44322"},{"taxonomy":"giftcard-category","embeddable":true,"href":"https:\/\/monicavarela.com\/es\/wp-json\/wp\/v2\/giftcard-category?post=44322"}],"curies":[{"name":"wp","href":"https:\/\/api.w.org\/{rel}","templated":true}]}}