{"id":44321,"date":"2024-02-09T12:54:23","date_gmt":"2024-02-09T16:54:23","guid":{"rendered":"https:\/\/monicavarela.com\/product\/fauli-emerald-cut-ring-2\/"},"modified":"2026-05-03T17:38:30","modified_gmt":"2026-05-03T21:38:30","slug":"fauli-emerald-cut-ring-2","status":"publish","type":"product","link":"https:\/\/monicavarela.com\/es\/product\/fauli-emerald-cut-ring-2\/","title":{"rendered":"Anillo de corte de diamante Fauli"},"content":{"rendered":"<\/p>","protected":false},"excerpt":{"rendered":"<p>Celebra el amor eterno con nuestros anillos de compromiso y boda. Cada pieza es una obra maestra de artesan\u00eda refinada, dise\u00f1ada para simbolizar la uni\u00f3n de dos corazones en un v\u00ednculo eterno. Con detalles meticulosamente elaborados y estilo incomparable, nuestros anillos capturan la esencia misma del romance y la devoci\u00f3n.<\/p>","protected":false},"featured_media":44530,"template":"","meta":{"wds_primary_product_brand":0,"wds_primary_product_cat":0,"wds_primary_giftcard-category":0,"footnotes":"","_links_to":"","_links_to_target":""},"product_brand":[],"product_cat":[766],"product_tag":[991,749,934,980],"giftcard-category":[],"class_list":{"0":"post-44321","1":"product","2":"type-product","3":"status-publish","4":"has-post-thumbnail","6":"product_cat-fine-jewelry","7":"product_tag-for-her","8":"product_tag-preorder","9":"product_tag-rings","10":"product_tag-yes","11":"pa_by-type-rings","12":"pa_collection-engagement-rings","13":"pa_material-18k-gold","14":"pa_ring-size-9-9","15":"pa_ring-size-221","16":"pa_ring-size-4-5","17":"pa_ring-size-223","18":"pa_ring-size-5-5","19":"pa_ring-size-225","20":"pa_ring-size-6-5","21":"pa_ring-size-227","22":"pa_ring-size-7-5","23":"pa_ring-size-229","24":"pa_ring-size-8-5","25":"pa_ring-size-231","26":"pa_ring-size-233","27":"pa_short-material-18k-gold","28":"pa_stone-diamond","30":"first","31":"outofstock","32":"shipping-taxable","33":"purchasable","34":"product-type-simple","35":"add-to-wishlist-before_image"},"_links":{"self":[{"href":"https:\/\/monicavarela.com\/es\/wp-json\/wp\/v2\/product\/44321","targetHints":{"allow":["GET"]}}],"collection":[{"href":"https:\/\/monicavarela.com\/es\/wp-json\/wp\/v2\/product"}],"about":[{"href":"https:\/\/monicavarela.com\/es\/wp-json\/wp\/v2\/types\/product"}],"version-history":[{"count":2,"href":"https:\/\/monicavarela.com\/es\/wp-json\/wp\/v2\/product\/44321\/revisions"}],"predecessor-version":[{"id":69132,"href":"https:\/\/monicavarela.com\/es\/wp-json\/wp\/v2\/product\/44321\/revisions\/69132"}],"wp:featuredmedia":[{"embeddable":true,"href":"https:\/\/monicavarela.com\/es\/wp-json\/wp\/v2\/media\/44530"}],"wp:attachment":[{"href":"https:\/\/monicavarela.com\/es\/wp-json\/wp\/v2\/media?parent=44321"}],"wp:term":[{"taxonomy":"product_brand","embeddable":true,"href":"https:\/\/monicavarela.com\/es\/wp-json\/wp\/v2\/product_brand?post=44321"},{"taxonomy":"product_cat","embeddable":true,"href":"https:\/\/monicavarela.com\/es\/wp-json\/wp\/v2\/product_cat?post=44321"},{"taxonomy":"product_tag","embeddable":true,"href":"https:\/\/monicavarela.com\/es\/wp-json\/wp\/v2\/product_tag?post=44321"},{"taxonomy":"giftcard-category","embeddable":true,"href":"https:\/\/monicavarela.com\/es\/wp-json\/wp\/v2\/giftcard-category?post=44321"}],"curies":[{"name":"wp","href":"https:\/\/api.w.org\/{rel}","templated":true}]}}