{"id":44320,"date":"2024-02-09T12:54:22","date_gmt":"2024-02-09T16:54:22","guid":{"rendered":"https:\/\/monicavarela.com\/product\/fauli-emerald-cut-ring\/"},"modified":"2026-05-03T17:38:31","modified_gmt":"2026-05-03T21:38:31","slug":"fauli-emerald-cut-ring","status":"publish","type":"product","link":"https:\/\/monicavarela.com\/es\/product\/fauli-emerald-cut-ring\/","title":{"rendered":"FAULI EMERALD CUT RING"},"content":{"rendered":"<\/p>","protected":false},"excerpt":{"rendered":"<p>Elaborada con artesan\u00eda distinguida, cada pieza de la joyer\u00eda fina de Monica Varela se convierte en una sinfon\u00eda de elegancia, invitando a llevar la esencia del amor duradero y la sofisticaci\u00f3n caribe\u00f1a.\u2028<\/p>\n<p>Adorne sus looks de d\u00eda con susurros de elegancia, mientras estos pares de aretes se convierten en un reflejo luminoso de su propio encanto atemporal.<\/p>","protected":false},"featured_media":44465,"template":"","meta":{"wds_primary_product_brand":0,"wds_primary_product_cat":0,"wds_primary_giftcard-category":0,"footnotes":"","_links_to":"","_links_to_target":""},"product_brand":[],"product_cat":[766],"product_tag":[991,749,934,980],"giftcard-category":[],"class_list":{"0":"post-44320","1":"product","2":"type-product","3":"status-publish","4":"has-post-thumbnail","6":"product_cat-fine-jewelry","7":"product_tag-for-her","8":"product_tag-preorder","9":"product_tag-rings","10":"product_tag-yes","11":"pa_by-type-rings","12":"pa_collection-fauli","13":"pa_material-18k-gold","14":"pa_ring-size-9-8","15":"pa_ring-size-221","16":"pa_ring-size-4-5","17":"pa_ring-size-223","18":"pa_ring-size-5-5","19":"pa_ring-size-225","20":"pa_ring-size-6-5","21":"pa_ring-size-227","22":"pa_ring-size-7-5","23":"pa_ring-size-229","24":"pa_ring-size-8-5","25":"pa_ring-size-231","26":"pa_ring-size-233","27":"pa_short-material-18k-gold","28":"pa_stone-emerald","30":"first","31":"outofstock","32":"shipping-taxable","33":"purchasable","34":"product-type-simple","35":"add-to-wishlist-before_image"},"_links":{"self":[{"href":"https:\/\/monicavarela.com\/es\/wp-json\/wp\/v2\/product\/44320","targetHints":{"allow":["GET"]}}],"collection":[{"href":"https:\/\/monicavarela.com\/es\/wp-json\/wp\/v2\/product"}],"about":[{"href":"https:\/\/monicavarela.com\/es\/wp-json\/wp\/v2\/types\/product"}],"version-history":[{"count":2,"href":"https:\/\/monicavarela.com\/es\/wp-json\/wp\/v2\/product\/44320\/revisions"}],"predecessor-version":[{"id":69133,"href":"https:\/\/monicavarela.com\/es\/wp-json\/wp\/v2\/product\/44320\/revisions\/69133"}],"wp:featuredmedia":[{"embeddable":true,"href":"https:\/\/monicavarela.com\/es\/wp-json\/wp\/v2\/media\/44465"}],"wp:attachment":[{"href":"https:\/\/monicavarela.com\/es\/wp-json\/wp\/v2\/media?parent=44320"}],"wp:term":[{"taxonomy":"product_brand","embeddable":true,"href":"https:\/\/monicavarela.com\/es\/wp-json\/wp\/v2\/product_brand?post=44320"},{"taxonomy":"product_cat","embeddable":true,"href":"https:\/\/monicavarela.com\/es\/wp-json\/wp\/v2\/product_cat?post=44320"},{"taxonomy":"product_tag","embeddable":true,"href":"https:\/\/monicavarela.com\/es\/wp-json\/wp\/v2\/product_tag?post=44320"},{"taxonomy":"giftcard-category","embeddable":true,"href":"https:\/\/monicavarela.com\/es\/wp-json\/wp\/v2\/giftcard-category?post=44320"}],"curies":[{"name":"wp","href":"https:\/\/api.w.org\/{rel}","templated":true}]}}