{"id":44317,"date":"2024-02-09T12:54:21","date_gmt":"2024-02-09T16:54:21","guid":{"rendered":"https:\/\/monicavarela.com\/product\/petite-larimar-dangle\/"},"modified":"2026-05-03T17:39:11","modified_gmt":"2026-05-03T21:39:11","slug":"petite-larimar-dangle","status":"publish","type":"product","link":"https:\/\/monicavarela.com\/es\/product\/petite-larimar-dangle\/","title":{"rendered":"PETITE LARIMAR DANGLE"},"content":{"rendered":"<\/p>","protected":false},"excerpt":{"rendered":"<p>Elaborada con artesan\u00eda distinguida, cada pieza de la joyer\u00eda fina de Monica Varela se convierte en una sinfon\u00eda de elegancia, invitando a llevar la esencia del amor duradero y la sofisticaci\u00f3n caribe\u00f1a.\u2028<\/p>\n<p>Adorne sus looks de d\u00eda con susurros de elegancia, mientras estos pares de aretes se convierten en un reflejo luminoso de su propio encanto atemporal.<\/p>","protected":false},"featured_media":44464,"template":"","meta":{"wds_primary_product_brand":0,"wds_primary_product_cat":0,"wds_primary_giftcard-category":0,"footnotes":"","_links_to":"","_links_to_target":""},"product_brand":[],"product_cat":[766],"product_tag":[991,749,980],"giftcard-category":[],"class_list":{"0":"post-44317","1":"product","2":"type-product","3":"status-publish","4":"has-post-thumbnail","6":"product_cat-fine-jewelry","7":"product_tag-for-her","8":"product_tag-preorder","9":"product_tag-yes","10":"pa_by-type-earrings","11":"pa_collection-cauni","12":"pa_material-18k-gold","13":"pa_short-material-18k-gold","14":"pa_stone-larimar","16":"first","17":"outofstock","18":"shipping-taxable","19":"purchasable","20":"product-type-simple","21":"add-to-wishlist-before_image"},"_links":{"self":[{"href":"https:\/\/monicavarela.com\/es\/wp-json\/wp\/v2\/product\/44317","targetHints":{"allow":["GET"]}}],"collection":[{"href":"https:\/\/monicavarela.com\/es\/wp-json\/wp\/v2\/product"}],"about":[{"href":"https:\/\/monicavarela.com\/es\/wp-json\/wp\/v2\/types\/product"}],"version-history":[{"count":2,"href":"https:\/\/monicavarela.com\/es\/wp-json\/wp\/v2\/product\/44317\/revisions"}],"predecessor-version":[{"id":69172,"href":"https:\/\/monicavarela.com\/es\/wp-json\/wp\/v2\/product\/44317\/revisions\/69172"}],"wp:featuredmedia":[{"embeddable":true,"href":"https:\/\/monicavarela.com\/es\/wp-json\/wp\/v2\/media\/44464"}],"wp:attachment":[{"href":"https:\/\/monicavarela.com\/es\/wp-json\/wp\/v2\/media?parent=44317"}],"wp:term":[{"taxonomy":"product_brand","embeddable":true,"href":"https:\/\/monicavarela.com\/es\/wp-json\/wp\/v2\/product_brand?post=44317"},{"taxonomy":"product_cat","embeddable":true,"href":"https:\/\/monicavarela.com\/es\/wp-json\/wp\/v2\/product_cat?post=44317"},{"taxonomy":"product_tag","embeddable":true,"href":"https:\/\/monicavarela.com\/es\/wp-json\/wp\/v2\/product_tag?post=44317"},{"taxonomy":"giftcard-category","embeddable":true,"href":"https:\/\/monicavarela.com\/es\/wp-json\/wp\/v2\/giftcard-category?post=44317"}],"curies":[{"name":"wp","href":"https:\/\/api.w.org\/{rel}","templated":true}]}}