{"id":44311,"date":"2024-02-09T12:54:17","date_gmt":"2024-02-09T16:54:17","guid":{"rendered":"https:\/\/monicavarela.com\/product\/whisper-blue-topaz-studs\/"},"modified":"2026-03-01T22:50:58","modified_gmt":"2026-03-02T02:50:58","slug":"whisper-blue-topaz-studs","status":"publish","type":"product","link":"https:\/\/monicavarela.com\/es\/product\/whisper-blue-topaz-studs\/","title":{"rendered":"WHISPER BLUE TOPAZ STUDS"},"content":{"rendered":"<p class=\"stone_vary\" style=\"font-weight: 600;margin-bottom: 0\">La piedra puede variar en forma y tama\u00f1o.<\/p>\n<p><a class=\"confirm_avail\" href=\"https:\/\/wa.me\/18093505622?text=Hi,I%20am%20interested%20in%20the%20Whisper%20Blue%20Topaz%20Studs\u2026https:\/\/monicavarela.com\/product\/whisper-blue-topaz-studs\/\" rel=\"noopener\" target=\"_blank\">CONTACTA UNA MVAJADORA<\/a><\/p>","protected":false},"excerpt":{"rendered":"<p>Elaborada con artesan\u00eda distinguida, cada pieza de la joyer\u00eda fina de Monica Varela se convierte en una sinfon\u00eda de elegancia, invitando a llevar la esencia del amor duradero y la sofisticaci\u00f3n caribe\u00f1a.\u2028<\/p>\n<p>Adorne sus looks de d\u00eda con susurros de elegancia, mientras estos pares de aretes se convierten en un reflejo luminoso de su propio encanto atemporal.<\/p>","protected":false},"featured_media":44444,"template":"","meta":{"wds_primary_product_brand":0,"wds_primary_product_cat":0,"wds_primary_giftcard-category":0,"footnotes":"","_links_to":"","_links_to_target":""},"product_brand":[],"product_cat":[766],"product_tag":[991,749],"giftcard-category":[],"class_list":{"0":"post-44311","1":"product","2":"type-product","3":"status-publish","4":"has-post-thumbnail","6":"product_cat-fine-jewelry","7":"product_tag-for-her","8":"product_tag-preorder","9":"pa_by-type-earrings","10":"pa_collection-fauli","11":"pa_material-18k-gold","12":"pa_short-material-18k-gold","13":"pa_stone-blue-topaz","15":"first","16":"outofstock","17":"shipping-taxable","18":"purchasable","19":"product-type-simple","20":"add-to-wishlist-before_image"},"_links":{"self":[{"href":"https:\/\/monicavarela.com\/es\/wp-json\/wp\/v2\/product\/44311","targetHints":{"allow":["GET"]}}],"collection":[{"href":"https:\/\/monicavarela.com\/es\/wp-json\/wp\/v2\/product"}],"about":[{"href":"https:\/\/monicavarela.com\/es\/wp-json\/wp\/v2\/types\/product"}],"version-history":[{"count":5,"href":"https:\/\/monicavarela.com\/es\/wp-json\/wp\/v2\/product\/44311\/revisions"}],"predecessor-version":[{"id":67973,"href":"https:\/\/monicavarela.com\/es\/wp-json\/wp\/v2\/product\/44311\/revisions\/67973"}],"wp:featuredmedia":[{"embeddable":true,"href":"https:\/\/monicavarela.com\/es\/wp-json\/wp\/v2\/media\/44444"}],"wp:attachment":[{"href":"https:\/\/monicavarela.com\/es\/wp-json\/wp\/v2\/media?parent=44311"}],"wp:term":[{"taxonomy":"product_brand","embeddable":true,"href":"https:\/\/monicavarela.com\/es\/wp-json\/wp\/v2\/product_brand?post=44311"},{"taxonomy":"product_cat","embeddable":true,"href":"https:\/\/monicavarela.com\/es\/wp-json\/wp\/v2\/product_cat?post=44311"},{"taxonomy":"product_tag","embeddable":true,"href":"https:\/\/monicavarela.com\/es\/wp-json\/wp\/v2\/product_tag?post=44311"},{"taxonomy":"giftcard-category","embeddable":true,"href":"https:\/\/monicavarela.com\/es\/wp-json\/wp\/v2\/giftcard-category?post=44311"}],"curies":[{"name":"wp","href":"https:\/\/api.w.org\/{rel}","templated":true}]}}