{"id":43901,"date":"2026-02-16T11:51:58","date_gmt":"2026-02-16T15:51:58","guid":{"rendered":"https:\/\/monicavarela.com\/?post_type=product&#038;p=43901"},"modified":"2026-03-02T01:42:27","modified_gmt":"2026-03-02T05:42:27","slug":"infinity-petite-moonstone-bracelet-2","status":"publish","type":"product","link":"https:\/\/monicavarela.com\/es\/product\/infinity-petite-moonstone-bracelet-2\/","title":{"rendered":"Infinity Piedra Luna Pulsera"},"content":{"rendered":"<p><a class=\"confirm_avail2\" href=\"https:\/\/wa.me\/18093508629?text=Hi,I%20would%20like%20to%20confirm%20availability%20of%20the%20Infinity%20Petite%20Amber%20Bracelet\u2026https:\/\/monicavarela.com\/product\/infinity-petite-ambar-bracelet-2\" rel=\"noopener\" target=\"_blank\">Confirma Disponibilidad<\/a><\/p>","protected":false},"excerpt":{"rendered":"<p>Monica Varela Jewelry empodera al opulento en busca de piezas de arte, dise\u00f1adas con detalles vanguardistas e infundidos por una imaginaci\u00f3n evolutiva, lo abstracto y piedras semipreciosas nacionales. Hecho a mano con \u00e9tica por artesanos de la Rep\u00fablica Dominicana con una mezcla elevada de t\u00e9cnicas de joyer\u00eda tradicionales y materiales de origen sostenible.<\/p>\n<p><span class=\"sptitle\">Pulsera Infinity Petite Moonstone<\/span><\/p>","protected":false},"featured_media":43934,"template":"","meta":{"wds_primary_product_brand":0,"wds_primary_product_cat":0,"wds_primary_giftcard-category":0,"footnotes":"","_links_to":"","_links_to_target":""},"product_brand":[],"product_cat":[1049,1007,583],"product_tag":[991,1054,1056],"giftcard-category":[],"class_list":{"0":"post-43901","1":"product","2":"type-product","3":"status-publish","4":"has-post-thumbnail","6":"product_cat-moonstone","7":"product_cat-shop","8":"product_cat-infinity","9":"product_tag-for-her","10":"product_tag-platinum-micron-plating","11":"product_tag-silver","12":"pa_by-type-bracelets","13":"pa_collection-infinity","14":"pa_color-blazing-burgundy","15":"pa_color-jazzy-green","16":"pa_color-electric-blue","17":"pa_material-925-sterling-silver","18":"pa_shop-for-babes","19":"pa_short-material-18k-micron-plating","20":"pa_stone-moonstone","22":"first","23":"instock","24":"shipping-taxable","25":"purchasable","26":"product-type-variable","27":"has-default-attributes","28":"add-to-wishlist-before_image"},"_links":{"self":[{"href":"https:\/\/monicavarela.com\/es\/wp-json\/wp\/v2\/product\/43901","targetHints":{"allow":["GET"]}}],"collection":[{"href":"https:\/\/monicavarela.com\/es\/wp-json\/wp\/v2\/product"}],"about":[{"href":"https:\/\/monicavarela.com\/es\/wp-json\/wp\/v2\/types\/product"}],"version-history":[{"count":5,"href":"https:\/\/monicavarela.com\/es\/wp-json\/wp\/v2\/product\/43901\/revisions"}],"predecessor-version":[{"id":67803,"href":"https:\/\/monicavarela.com\/es\/wp-json\/wp\/v2\/product\/43901\/revisions\/67803"}],"wp:featuredmedia":[{"embeddable":true,"href":"https:\/\/monicavarela.com\/es\/wp-json\/wp\/v2\/media\/43934"}],"wp:attachment":[{"href":"https:\/\/monicavarela.com\/es\/wp-json\/wp\/v2\/media?parent=43901"}],"wp:term":[{"taxonomy":"product_brand","embeddable":true,"href":"https:\/\/monicavarela.com\/es\/wp-json\/wp\/v2\/product_brand?post=43901"},{"taxonomy":"product_cat","embeddable":true,"href":"https:\/\/monicavarela.com\/es\/wp-json\/wp\/v2\/product_cat?post=43901"},{"taxonomy":"product_tag","embeddable":true,"href":"https:\/\/monicavarela.com\/es\/wp-json\/wp\/v2\/product_tag?post=43901"},{"taxonomy":"giftcard-category","embeddable":true,"href":"https:\/\/monicavarela.com\/es\/wp-json\/wp\/v2\/giftcard-category?post=43901"}],"curies":[{"name":"wp","href":"https:\/\/api.w.org\/{rel}","templated":true}]}}