{"id":42278,"date":"2023-11-28T19:14:39","date_gmt":"2023-11-28T23:14:39","guid":{"rendered":"https:\/\/monicavarela.com\/?post_type=product&#038;p=42278"},"modified":"2026-03-12T17:22:46","modified_gmt":"2026-03-12T21:22:46","slug":"union-ring-s","status":"publish","type":"product","link":"https:\/\/monicavarela.com\/es\/product\/union-ring-s\/","title":{"rendered":"Union Ring"},"content":{"rendered":"<p>Este anillo simboliza la profunda conexi\u00f3n y la sinergia que existe entre padre e hija. Cada detalle de la pieza refleja la fuerza de su v\u00ednculo art\u00edstico y el amor compartido.<\/p>\n<h4 class=\"preorder\">Esta pieza estar\u00e1 disponible a partir del <strong>5 de diciembre<\/strong>.<\/h4>","protected":false},"excerpt":{"rendered":"<p>Este anillo simboliza la profunda conexi\u00f3n y la sinergia que existe entre padre e hija. Cada detalle de la pieza refleja la fuerza de su v\u00ednculo art\u00edstico y el amor compartido.<\/p>\n<h4 class=\"preorder\">Esta pieza estar\u00e1 disponible a partir del <strong>5 de diciembre<\/strong>.<\/h4>","protected":false},"featured_media":59580,"template":"","meta":{"wds_primary_product_brand":0,"wds_primary_product_cat":0,"wds_primary_giftcard-category":0,"footnotes":"","_links_to":"","_links_to_target":""},"product_brand":[],"product_cat":[1032,1007,735],"product_tag":[991,992,1054,1056],"giftcard-category":[],"class_list":{"0":"post-42278","1":"product","2":"type-product","3":"status-publish","4":"has-post-thumbnail","6":"product_cat-inspire","7":"product_cat-shop","8":"product_cat-forma-y-vacio","9":"product_tag-for-her","10":"product_tag-gifts-for-her","11":"product_tag-platinum-micron-plating","12":"product_tag-silver","13":"pa_by-type-rings","14":"pa_collection-forma-y-vacio","15":"pa_material-925-sterling-silver","16":"pa_ring-size-221","17":"pa_ring-size-4-5","18":"pa_ring-size-223","19":"pa_ring-size-5-5","20":"pa_ring-size-225","21":"pa_ring-size-6-5","22":"pa_ring-size-227","23":"pa_ring-size-7-5","24":"pa_ring-size-229","25":"pa_ring-size-8-5","26":"pa_ring-size-231","27":"pa_ring-size-9-5","28":"pa_ring-size-233","29":"pa_short-material-platinum-micron-plating","31":"first","32":"instock","33":"featured","34":"shipping-taxable","35":"purchasable","36":"product-type-variable","37":"has-default-attributes","38":"add-to-wishlist-before_image"},"_links":{"self":[{"href":"https:\/\/monicavarela.com\/es\/wp-json\/wp\/v2\/product\/42278","targetHints":{"allow":["GET"]}}],"collection":[{"href":"https:\/\/monicavarela.com\/es\/wp-json\/wp\/v2\/product"}],"about":[{"href":"https:\/\/monicavarela.com\/es\/wp-json\/wp\/v2\/types\/product"}],"version-history":[{"count":5,"href":"https:\/\/monicavarela.com\/es\/wp-json\/wp\/v2\/product\/42278\/revisions"}],"predecessor-version":[{"id":67610,"href":"https:\/\/monicavarela.com\/es\/wp-json\/wp\/v2\/product\/42278\/revisions\/67610"}],"wp:featuredmedia":[{"embeddable":true,"href":"https:\/\/monicavarela.com\/es\/wp-json\/wp\/v2\/media\/59580"}],"wp:attachment":[{"href":"https:\/\/monicavarela.com\/es\/wp-json\/wp\/v2\/media?parent=42278"}],"wp:term":[{"taxonomy":"product_brand","embeddable":true,"href":"https:\/\/monicavarela.com\/es\/wp-json\/wp\/v2\/product_brand?post=42278"},{"taxonomy":"product_cat","embeddable":true,"href":"https:\/\/monicavarela.com\/es\/wp-json\/wp\/v2\/product_cat?post=42278"},{"taxonomy":"product_tag","embeddable":true,"href":"https:\/\/monicavarela.com\/es\/wp-json\/wp\/v2\/product_tag?post=42278"},{"taxonomy":"giftcard-category","embeddable":true,"href":"https:\/\/monicavarela.com\/es\/wp-json\/wp\/v2\/giftcard-category?post=42278"}],"curies":[{"name":"wp","href":"https:\/\/api.w.org\/{rel}","templated":true}]}}