{"id":42273,"date":"2023-11-28T19:14:26","date_gmt":"2023-11-28T23:14:26","guid":{"rendered":"https:\/\/monicavarela.com\/?post_type=product&#038;p=42273"},"modified":"2026-03-01T22:50:43","modified_gmt":"2026-03-02T02:50:43","slug":"tribute-ring-s","status":"publish","type":"product","link":"https:\/\/monicavarela.com\/es\/product\/tribute-ring-s\/","title":{"rendered":"Tribute Ring"},"content":{"rendered":"<p><a class=\"confirm_avail2\" href=\"https:\/\/wa.me\/18093508629?text=Hi,I%20am%20interested%20in%20the%20Tribute%20Ring...https:\/\/monicavarela.com\/product\/tribute-ring-s\" rel=\"noopener\" target=\"_blank\">CONTACTA UNA MVAJADORA<\/a><\/p>","protected":false},"excerpt":{"rendered":"<p>Este anillo es un tributo al amor por la m\u00fasica cl\u00e1sica que los artistas comparten. Inspirado en la elegancia de una aria, a\u00f1ade un toque de magia musical, destacando la belleza y emotividad en cada detalle.<\/p>","protected":false},"featured_media":42417,"template":"","meta":{"wds_primary_product_brand":0,"wds_primary_product_cat":0,"wds_primary_giftcard-category":0,"footnotes":"","_links_to":"","_links_to_target":""},"product_brand":[],"product_cat":[1032,1007,735],"product_tag":[991,1054,1056,943],"giftcard-category":[],"class_list":{"0":"post-42273","1":"product","2":"type-product","3":"status-publish","4":"has-post-thumbnail","6":"product_cat-inspire","7":"product_cat-shop","8":"product_cat-forma-y-vacio","9":"product_tag-for-her","10":"product_tag-platinum-micron-plating","11":"product_tag-silver","12":"product_tag-designeredit","13":"product_shipping_class-y","14":"pa_by-type-rings","15":"pa_collection-forma-y-vacio","16":"pa_material-925-sterling-silver","17":"pa_ring-size-221","18":"pa_ring-size-4-5","19":"pa_ring-size-223","20":"pa_ring-size-5-5","21":"pa_ring-size-225","22":"pa_ring-size-6-5","23":"pa_ring-size-227","24":"pa_ring-size-7-5","25":"pa_ring-size-229","26":"pa_ring-size-8-5","27":"pa_ring-size-231","28":"pa_ring-size-9-5","29":"pa_ring-size-233","30":"pa_short-material-platinum-micron-plating","32":"first","33":"instock","34":"shipping-taxable","35":"purchasable","36":"product-type-variable","37":"has-default-attributes","38":"add-to-wishlist-before_image"},"_links":{"self":[{"href":"https:\/\/monicavarela.com\/es\/wp-json\/wp\/v2\/product\/42273","targetHints":{"allow":["GET"]}}],"collection":[{"href":"https:\/\/monicavarela.com\/es\/wp-json\/wp\/v2\/product"}],"about":[{"href":"https:\/\/monicavarela.com\/es\/wp-json\/wp\/v2\/types\/product"}],"version-history":[{"count":5,"href":"https:\/\/monicavarela.com\/es\/wp-json\/wp\/v2\/product\/42273\/revisions"}],"predecessor-version":[{"id":67606,"href":"https:\/\/monicavarela.com\/es\/wp-json\/wp\/v2\/product\/42273\/revisions\/67606"}],"wp:featuredmedia":[{"embeddable":true,"href":"https:\/\/monicavarela.com\/es\/wp-json\/wp\/v2\/media\/42417"}],"wp:attachment":[{"href":"https:\/\/monicavarela.com\/es\/wp-json\/wp\/v2\/media?parent=42273"}],"wp:term":[{"taxonomy":"product_brand","embeddable":true,"href":"https:\/\/monicavarela.com\/es\/wp-json\/wp\/v2\/product_brand?post=42273"},{"taxonomy":"product_cat","embeddable":true,"href":"https:\/\/monicavarela.com\/es\/wp-json\/wp\/v2\/product_cat?post=42273"},{"taxonomy":"product_tag","embeddable":true,"href":"https:\/\/monicavarela.com\/es\/wp-json\/wp\/v2\/product_tag?post=42273"},{"taxonomy":"giftcard-category","embeddable":true,"href":"https:\/\/monicavarela.com\/es\/wp-json\/wp\/v2\/giftcard-category?post=42273"}],"curies":[{"name":"wp","href":"https:\/\/api.w.org\/{rel}","templated":true}]}}