{"id":42256,"date":"2026-02-16T11:52:03","date_gmt":"2026-02-16T15:52:03","guid":{"rendered":"https:\/\/monicavarela.com\/?post_type=product&#038;p=42256"},"modified":"2026-03-13T03:05:10","modified_gmt":"2026-03-13T07:05:10","slug":"tribute-bracelet","status":"publish","type":"product","link":"https:\/\/monicavarela.com\/es\/product\/tribute-bracelet\/","title":{"rendered":"Tribute Bracelet"},"content":{"rendered":"<p><a class=\"confirm_avail2\" href=\"https:\/\/wa.me\/18093508629?text=Hi,I%20would%20like%20to%20confirm%20availability%20of%20the%20Tribute%20Bracelet...https:\/\/monicavarela.com\/product\/tribute-bracelet\" rel=\"noopener\" target=\"_blank\">Confirma Disponibilidad<\/a><\/p>","protected":false},"excerpt":{"rendered":"<p>Esta pulsera es un tributo al amor por la m\u00fasica cl\u00e1sica que los artistas comparten. Inspirado en la elegancia de una aria, a\u00f1ade un toque de magia musical, destacando la belleza y emotividad en cada detalle.<\/p>\n<h4 class=\"preorder\">Esta pieza estar\u00e1 disponible a partir del <strong>5 de diciembre<\/strong>.<\/h4>","protected":false},"featured_media":42680,"template":"","meta":{"wds_primary_product_brand":0,"wds_primary_product_cat":0,"wds_primary_giftcard-category":0,"footnotes":"","_links_to":"","_links_to_target":""},"product_brand":[],"product_cat":[1032,1007,735],"product_tag":[1053,991,1055,943],"giftcard-category":[],"class_list":{"0":"post-42256","1":"product","2":"type-product","3":"status-publish","4":"has-post-thumbnail","6":"product_cat-inspire","7":"product_cat-shop","8":"product_cat-forma-y-vacio","9":"product_tag-18k-micron-plating","10":"product_tag-for-her","11":"product_tag-gold","12":"product_tag-designeredit","13":"pa_by-type-bracelets","14":"pa_collection-forma-y-vacio","15":"pa_material-18k-gold-micron-plating","16":"pa_short-material-18k-micron-plating","17":"pa_wrist-size-s","18":"pa_wrist-size-m","20":"first","21":"instock","22":"shipping-taxable","23":"purchasable","24":"product-type-variable","25":"has-default-attributes","26":"add-to-wishlist-before_image"},"_links":{"self":[{"href":"https:\/\/monicavarela.com\/es\/wp-json\/wp\/v2\/product\/42256","targetHints":{"allow":["GET"]}}],"collection":[{"href":"https:\/\/monicavarela.com\/es\/wp-json\/wp\/v2\/product"}],"about":[{"href":"https:\/\/monicavarela.com\/es\/wp-json\/wp\/v2\/types\/product"}],"version-history":[{"count":6,"href":"https:\/\/monicavarela.com\/es\/wp-json\/wp\/v2\/product\/42256\/revisions"}],"predecessor-version":[{"id":67813,"href":"https:\/\/monicavarela.com\/es\/wp-json\/wp\/v2\/product\/42256\/revisions\/67813"}],"wp:featuredmedia":[{"embeddable":true,"href":"https:\/\/monicavarela.com\/es\/wp-json\/wp\/v2\/media\/42680"}],"wp:attachment":[{"href":"https:\/\/monicavarela.com\/es\/wp-json\/wp\/v2\/media?parent=42256"}],"wp:term":[{"taxonomy":"product_brand","embeddable":true,"href":"https:\/\/monicavarela.com\/es\/wp-json\/wp\/v2\/product_brand?post=42256"},{"taxonomy":"product_cat","embeddable":true,"href":"https:\/\/monicavarela.com\/es\/wp-json\/wp\/v2\/product_cat?post=42256"},{"taxonomy":"product_tag","embeddable":true,"href":"https:\/\/monicavarela.com\/es\/wp-json\/wp\/v2\/product_tag?post=42256"},{"taxonomy":"giftcard-category","embeddable":true,"href":"https:\/\/monicavarela.com\/es\/wp-json\/wp\/v2\/giftcard-category?post=42256"}],"curies":[{"name":"wp","href":"https:\/\/api.w.org\/{rel}","templated":true}]}}