{"id":42234,"date":"2023-11-28T18:32:01","date_gmt":"2023-11-28T22:32:01","guid":{"rendered":"https:\/\/monicavarela.com\/?post_type=product&#038;p=42234"},"modified":"2026-03-17T15:34:43","modified_gmt":"2026-03-17T19:34:43","slug":"union-ring","status":"publish","type":"product","link":"https:\/\/monicavarela.com\/es\/product\/union-ring\/","title":{"rendered":"Union Ring"},"content":{"rendered":"<p>Este anillo simboliza la profunda conexi\u00f3n y la sinergia que existe entre padre e hija. Cada detalle de la pieza refleja la fuerza de su v\u00ednculo art\u00edstico y el amor compartido.<\/p>\n<h4 class=\"preorder\">Esta pieza estar\u00e1 disponible a partir del <strong>5 de diciembre<\/strong>.<\/h4>","protected":false},"excerpt":{"rendered":"<p>Este anillo simboliza la profunda conexi\u00f3n y la sinergia que existe entre padre e hija. Cada detalle de la pieza refleja la fuerza de su v\u00ednculo art\u00edstico y el amor compartido.<\/p>\n<h4 class=\"preorder\">Esta pieza estar\u00e1 disponible a partir del <strong>5 de diciembre<\/strong>.<\/h4>","protected":false},"featured_media":59578,"template":"","meta":{"wds_primary_product_brand":0,"wds_primary_product_cat":0,"wds_primary_giftcard-category":0,"footnotes":"","_links_to":"","_links_to_target":""},"product_brand":[],"product_cat":[1032,1007,735,1043],"product_tag":[1053,1010,991,992,1055,1040],"giftcard-category":[],"class_list":{"0":"post-42234","1":"product","2":"type-product","3":"status-publish","4":"has-post-thumbnail","6":"product_cat-inspire","7":"product_cat-shop","8":"product_cat-forma-y-vacio","9":"product_cat-iconics","10":"product_tag-18k-micron-plating","11":"product_tag-catalogo","12":"product_tag-for-her","13":"product_tag-gifts-for-her","14":"product_tag-gold","15":"product_tag-iconic","16":"pa_by-type-rings","17":"pa_collection-forma-y-vacio","18":"pa_material-18k-gold-micron-plating","19":"pa_ring-size-n-a","20":"pa_ring-size-221","21":"pa_ring-size-4-5","22":"pa_ring-size-223","23":"pa_ring-size-5-5","24":"pa_ring-size-225","25":"pa_ring-size-6-5","26":"pa_ring-size-227","27":"pa_ring-size-7-5","28":"pa_ring-size-229","29":"pa_ring-size-8-5","30":"pa_ring-size-231","31":"pa_ring-size-9-5","32":"pa_ring-size-233","33":"pa_short-material-18k-micron-plating","35":"first","36":"instock","37":"featured","38":"shipping-taxable","39":"purchasable","40":"product-type-variable","41":"has-default-attributes","42":"add-to-wishlist-before_image"},"_links":{"self":[{"href":"https:\/\/monicavarela.com\/es\/wp-json\/wp\/v2\/product\/42234","targetHints":{"allow":["GET"]}}],"collection":[{"href":"https:\/\/monicavarela.com\/es\/wp-json\/wp\/v2\/product"}],"about":[{"href":"https:\/\/monicavarela.com\/es\/wp-json\/wp\/v2\/types\/product"}],"version-history":[{"count":5,"href":"https:\/\/monicavarela.com\/es\/wp-json\/wp\/v2\/product\/42234\/revisions"}],"predecessor-version":[{"id":67960,"href":"https:\/\/monicavarela.com\/es\/wp-json\/wp\/v2\/product\/42234\/revisions\/67960"}],"wp:featuredmedia":[{"embeddable":true,"href":"https:\/\/monicavarela.com\/es\/wp-json\/wp\/v2\/media\/59578"}],"wp:attachment":[{"href":"https:\/\/monicavarela.com\/es\/wp-json\/wp\/v2\/media?parent=42234"}],"wp:term":[{"taxonomy":"product_brand","embeddable":true,"href":"https:\/\/monicavarela.com\/es\/wp-json\/wp\/v2\/product_brand?post=42234"},{"taxonomy":"product_cat","embeddable":true,"href":"https:\/\/monicavarela.com\/es\/wp-json\/wp\/v2\/product_cat?post=42234"},{"taxonomy":"product_tag","embeddable":true,"href":"https:\/\/monicavarela.com\/es\/wp-json\/wp\/v2\/product_tag?post=42234"},{"taxonomy":"giftcard-category","embeddable":true,"href":"https:\/\/monicavarela.com\/es\/wp-json\/wp\/v2\/giftcard-category?post=42234"}],"curies":[{"name":"wp","href":"https:\/\/api.w.org\/{rel}","templated":true}]}}