{"id":42212,"date":"2023-11-28T18:15:59","date_gmt":"2023-11-28T22:15:59","guid":{"rendered":"https:\/\/monicavarela.com\/?post_type=product&#038;p=42212"},"modified":"2026-05-03T17:39:43","modified_gmt":"2026-05-03T21:39:43","slug":"tribute-necklace","status":"publish","type":"product","link":"https:\/\/monicavarela.com\/es\/product\/tribute-necklace\/","title":{"rendered":"Tribute Necklace Gold"},"content":{"rendered":"<\/p>","protected":false},"excerpt":{"rendered":"<p>Este collar es un tributo al amor por la m\u00fasica cl\u00e1sica que los artistas comparten. Inspirado en la elegancia de una aria, a\u00f1ade un toque de magia musical, destacando la belleza y emotividad en cada detalle.<\/p>\n<h4 class=\"preorder\">Esta pieza estar\u00e1 disponible a partir del <strong>5 de diciembre<\/strong>.<\/h4>","protected":false},"featured_media":42377,"template":"","meta":{"wds_primary_product_brand":0,"wds_primary_product_cat":0,"wds_primary_giftcard-category":0,"footnotes":"","_links_to":"","_links_to_target":""},"product_brand":[],"product_cat":[1032,1007,735],"product_tag":[1053,1010,991,1055],"giftcard-category":[],"class_list":{"0":"post-42212","1":"product","2":"type-product","3":"status-publish","4":"has-post-thumbnail","6":"product_cat-inspire","7":"product_cat-shop","8":"product_cat-forma-y-vacio","9":"product_tag-18k-micron-plating","10":"product_tag-catalogo","11":"product_tag-for-her","12":"product_tag-gold","13":"pa_material-18k-gold-micron-plating","14":"pa_short-material-18k-micron-plating","16":"first","17":"instock","18":"shipping-taxable","19":"purchasable","20":"product-type-simple","21":"add-to-wishlist-before_image"},"_links":{"self":[{"href":"https:\/\/monicavarela.com\/es\/wp-json\/wp\/v2\/product\/42212","targetHints":{"allow":["GET"]}}],"collection":[{"href":"https:\/\/monicavarela.com\/es\/wp-json\/wp\/v2\/product"}],"about":[{"href":"https:\/\/monicavarela.com\/es\/wp-json\/wp\/v2\/types\/product"}],"version-history":[{"count":2,"href":"https:\/\/monicavarela.com\/es\/wp-json\/wp\/v2\/product\/42212\/revisions"}],"predecessor-version":[{"id":69203,"href":"https:\/\/monicavarela.com\/es\/wp-json\/wp\/v2\/product\/42212\/revisions\/69203"}],"wp:featuredmedia":[{"embeddable":true,"href":"https:\/\/monicavarela.com\/es\/wp-json\/wp\/v2\/media\/42377"}],"wp:attachment":[{"href":"https:\/\/monicavarela.com\/es\/wp-json\/wp\/v2\/media?parent=42212"}],"wp:term":[{"taxonomy":"product_brand","embeddable":true,"href":"https:\/\/monicavarela.com\/es\/wp-json\/wp\/v2\/product_brand?post=42212"},{"taxonomy":"product_cat","embeddable":true,"href":"https:\/\/monicavarela.com\/es\/wp-json\/wp\/v2\/product_cat?post=42212"},{"taxonomy":"product_tag","embeddable":true,"href":"https:\/\/monicavarela.com\/es\/wp-json\/wp\/v2\/product_tag?post=42212"},{"taxonomy":"giftcard-category","embeddable":true,"href":"https:\/\/monicavarela.com\/es\/wp-json\/wp\/v2\/giftcard-category?post=42212"}],"curies":[{"name":"wp","href":"https:\/\/api.w.org\/{rel}","templated":true}]}}