{"id":42209,"date":"2023-11-28T18:15:49","date_gmt":"2023-11-28T22:15:49","guid":{"rendered":"https:\/\/monicavarela.com\/?post_type=product&#038;p=42209"},"modified":"2026-03-17T13:39:59","modified_gmt":"2026-03-17T17:39:59","slug":"heritage-earrings","status":"publish","type":"product","link":"https:\/\/monicavarela.com\/es\/product\/heritage-earrings\/","title":{"rendered":"Heritage Earrings Gold"},"content":{"rendered":"","protected":false},"excerpt":{"rendered":"<p>Esta pulsera es un tributo al amor por la m\u00fasica cl\u00e1sica que los artistas comparten. Inspirado en la elegancia de una aria, a\u00f1ade un toque de magia musical, destacando la belleza y emotividad en cada detalle.<\/p>","protected":false},"featured_media":42673,"template":"","meta":{"wds_primary_product_brand":0,"wds_primary_product_cat":0,"wds_primary_giftcard-category":0,"footnotes":"","_links_to":"","_links_to_target":""},"product_brand":[],"product_cat":[1032,1007,735,1041,1058],"product_tag":[1059],"giftcard-category":[],"class_list":{"0":"post-42209","1":"product","2":"type-product","3":"status-publish","4":"has-post-thumbnail","6":"product_cat-inspire","7":"product_cat-shop","8":"product_cat-forma-y-vacio","9":"product_cat-the-mv-edit","10":"product_cat-the-valentines-edit","11":"product_tag-valentines","12":"pa_by-type-earrings","13":"pa_collection-forma-y-vacio","14":"pa_material-18k-gold-micron-plating","15":"pa_short-material-18k-micron-plating","17":"first","18":"outofstock","19":"featured","20":"shipping-taxable","21":"purchasable","22":"product-type-simple","23":"add-to-wishlist-before_image"},"_links":{"self":[{"href":"https:\/\/monicavarela.com\/es\/wp-json\/wp\/v2\/product\/42209","targetHints":{"allow":["GET"]}}],"collection":[{"href":"https:\/\/monicavarela.com\/es\/wp-json\/wp\/v2\/product"}],"about":[{"href":"https:\/\/monicavarela.com\/es\/wp-json\/wp\/v2\/types\/product"}],"version-history":[{"count":5,"href":"https:\/\/monicavarela.com\/es\/wp-json\/wp\/v2\/product\/42209\/revisions"}],"predecessor-version":[{"id":68184,"href":"https:\/\/monicavarela.com\/es\/wp-json\/wp\/v2\/product\/42209\/revisions\/68184"}],"wp:featuredmedia":[{"embeddable":true,"href":"https:\/\/monicavarela.com\/es\/wp-json\/wp\/v2\/media\/42673"}],"wp:attachment":[{"href":"https:\/\/monicavarela.com\/es\/wp-json\/wp\/v2\/media?parent=42209"}],"wp:term":[{"taxonomy":"product_brand","embeddable":true,"href":"https:\/\/monicavarela.com\/es\/wp-json\/wp\/v2\/product_brand?post=42209"},{"taxonomy":"product_cat","embeddable":true,"href":"https:\/\/monicavarela.com\/es\/wp-json\/wp\/v2\/product_cat?post=42209"},{"taxonomy":"product_tag","embeddable":true,"href":"https:\/\/monicavarela.com\/es\/wp-json\/wp\/v2\/product_tag?post=42209"},{"taxonomy":"giftcard-category","embeddable":true,"href":"https:\/\/monicavarela.com\/es\/wp-json\/wp\/v2\/giftcard-category?post=42209"}],"curies":[{"name":"wp","href":"https:\/\/api.w.org\/{rel}","templated":true}]}}