{"id":41772,"date":"2023-11-20T11:40:02","date_gmt":"2023-11-20T15:40:02","guid":{"rendered":"https:\/\/monicavarela.com\/?post_type=product&#038;p=41772"},"modified":"2026-03-24T16:17:35","modified_gmt":"2026-03-24T20:17:35","slug":"tribute-earrings","status":"publish","type":"product","link":"https:\/\/monicavarela.com\/es\/product\/tribute-earrings\/","title":{"rendered":"Tribute Earrings Gold"},"content":{"rendered":"","protected":false},"excerpt":{"rendered":"<p>Estos aretes simbolizan la profunda conexi\u00f3n y la sinergia que existe entre padre e hija. Cada detalle de la pieza refleja la fuerza de su v\u00ednculo art\u00edstico y el amor compartido.<\/p>","protected":false},"featured_media":42354,"template":"","meta":{"wds_primary_product_brand":0,"wds_primary_product_cat":0,"wds_primary_giftcard-category":0,"footnotes":"","_links_to":"","_links_to_target":""},"product_brand":[],"product_cat":[1032,1007,735],"product_tag":[1053,1010,991,1055,943],"giftcard-category":[],"class_list":{"0":"post-41772","1":"product","2":"type-product","3":"status-publish","4":"has-post-thumbnail","6":"product_cat-inspire","7":"product_cat-shop","8":"product_cat-forma-y-vacio","9":"product_tag-18k-micron-plating","10":"product_tag-catalogo","11":"product_tag-for-her","12":"product_tag-gold","13":"product_tag-designeredit","14":"pa_by-type-earrings","15":"pa_collection-forma-y-vacio","16":"pa_material-18k-gold-micron-plating","17":"pa_short-material-18k-micron-plating","19":"first","20":"outofstock","21":"shipping-taxable","22":"purchasable","23":"product-type-simple","24":"add-to-wishlist-before_image"},"_links":{"self":[{"href":"https:\/\/monicavarela.com\/es\/wp-json\/wp\/v2\/product\/41772","targetHints":{"allow":["GET"]}}],"collection":[{"href":"https:\/\/monicavarela.com\/es\/wp-json\/wp\/v2\/product"}],"about":[{"href":"https:\/\/monicavarela.com\/es\/wp-json\/wp\/v2\/types\/product"}],"version-history":[{"count":5,"href":"https:\/\/monicavarela.com\/es\/wp-json\/wp\/v2\/product\/41772\/revisions"}],"predecessor-version":[{"id":68186,"href":"https:\/\/monicavarela.com\/es\/wp-json\/wp\/v2\/product\/41772\/revisions\/68186"}],"wp:featuredmedia":[{"embeddable":true,"href":"https:\/\/monicavarela.com\/es\/wp-json\/wp\/v2\/media\/42354"}],"wp:attachment":[{"href":"https:\/\/monicavarela.com\/es\/wp-json\/wp\/v2\/media?parent=41772"}],"wp:term":[{"taxonomy":"product_brand","embeddable":true,"href":"https:\/\/monicavarela.com\/es\/wp-json\/wp\/v2\/product_brand?post=41772"},{"taxonomy":"product_cat","embeddable":true,"href":"https:\/\/monicavarela.com\/es\/wp-json\/wp\/v2\/product_cat?post=41772"},{"taxonomy":"product_tag","embeddable":true,"href":"https:\/\/monicavarela.com\/es\/wp-json\/wp\/v2\/product_tag?post=41772"},{"taxonomy":"giftcard-category","embeddable":true,"href":"https:\/\/monicavarela.com\/es\/wp-json\/wp\/v2\/giftcard-category?post=41772"}],"curies":[{"name":"wp","href":"https:\/\/api.w.org\/{rel}","templated":true}]}}