{"id":41128,"date":"2023-07-27T10:14:25","date_gmt":"2023-07-27T14:14:25","guid":{"rendered":"https:\/\/monicavarela.com\/?post_type=product&#038;p=41128"},"modified":"2026-03-07T11:45:26","modified_gmt":"2026-03-07T15:45:26","slug":"teeny-circle-ambar-pendant","status":"publish","type":"product","link":"https:\/\/monicavarela.com\/es\/product\/teeny-circle-ambar-pendant\/","title":{"rendered":"Pendiente Teeny \u00c1mbar Circle"},"content":{"rendered":"<p><a class=\"confirm_avail2\" href=\"https:\/\/wa.me\/18093508629?text=Hi,I%20would%20like%20to%20confirm%20availability%20of%20the%20Teeny%20Circle%20Amber%20Pendant\u2026https:\/\/monicavarela.com\/product\/teeny-circle-ambar-pendant\" rel=\"noopener\" target=\"_blank\">Confirma Disponibilidad<\/a><\/p>","protected":false},"excerpt":{"rendered":"<p>Monica Varela Jewelry empodera al opulento en busca de piezas de arte, dise\u00f1adas con detalles vanguardistas e infundidos por una imaginaci\u00f3n evolutiva, lo abstracto y piedras semipreciosas nacionales. Hecho a mano con \u00e9tica por artesanos de la Rep\u00fablica Dominicana con una mezcla elevada de t\u00e9cnicas de joyer\u00eda tradicionales y materiales de origen sostenible.<\/p>\n<p><span class=\"sptitle\">Pendiente de \u00e1mbar de c\u00edrculo peque\u00f1o<\/span><\/p>","protected":false},"featured_media":44689,"template":"","meta":{"wds_primary_product_brand":0,"wds_primary_product_cat":0,"wds_primary_giftcard-category":0,"footnotes":"","_links_to":"","_links_to_target":""},"product_brand":[],"product_cat":[1007,236],"product_tag":[991,1054,1056,655],"giftcard-category":[],"class_list":{"0":"post-41128","1":"product","2":"type-product","3":"status-publish","4":"has-post-thumbnail","6":"product_cat-shop","7":"product_cat-minute","8":"product_tag-for-her","9":"product_tag-platinum-micron-plating","10":"product_tag-silver","11":"product_tag-meaningful","12":"pa_by-type-neckpieces","13":"pa_collection-minute-capsule","14":"pa_color-blazing-burgundy","15":"pa_color-jazzy-green","16":"pa_color-electric-blue","17":"pa_color-dote-red","18":"pa_color-thorne-black","19":"pa_material-925-sterling-silver","20":"pa_shop-for-babes","21":"pa_short-material-platinum-micron-plating","22":"pa_stone-ambar","24":"first","25":"instock","26":"shipping-taxable","27":"purchasable","28":"product-type-variable","29":"has-default-attributes","30":"add-to-wishlist-before_image"},"_links":{"self":[{"href":"https:\/\/monicavarela.com\/es\/wp-json\/wp\/v2\/product\/41128","targetHints":{"allow":["GET"]}}],"collection":[{"href":"https:\/\/monicavarela.com\/es\/wp-json\/wp\/v2\/product"}],"about":[{"href":"https:\/\/monicavarela.com\/es\/wp-json\/wp\/v2\/types\/product"}],"version-history":[{"count":5,"href":"https:\/\/monicavarela.com\/es\/wp-json\/wp\/v2\/product\/41128\/revisions"}],"predecessor-version":[{"id":67586,"href":"https:\/\/monicavarela.com\/es\/wp-json\/wp\/v2\/product\/41128\/revisions\/67586"}],"wp:featuredmedia":[{"embeddable":true,"href":"https:\/\/monicavarela.com\/es\/wp-json\/wp\/v2\/media\/44689"}],"wp:attachment":[{"href":"https:\/\/monicavarela.com\/es\/wp-json\/wp\/v2\/media?parent=41128"}],"wp:term":[{"taxonomy":"product_brand","embeddable":true,"href":"https:\/\/monicavarela.com\/es\/wp-json\/wp\/v2\/product_brand?post=41128"},{"taxonomy":"product_cat","embeddable":true,"href":"https:\/\/monicavarela.com\/es\/wp-json\/wp\/v2\/product_cat?post=41128"},{"taxonomy":"product_tag","embeddable":true,"href":"https:\/\/monicavarela.com\/es\/wp-json\/wp\/v2\/product_tag?post=41128"},{"taxonomy":"giftcard-category","embeddable":true,"href":"https:\/\/monicavarela.com\/es\/wp-json\/wp\/v2\/giftcard-category?post=41128"}],"curies":[{"name":"wp","href":"https:\/\/api.w.org\/{rel}","templated":true}]}}