{"id":40727,"date":"2023-06-18T18:12:03","date_gmt":"2023-06-18T22:12:03","guid":{"rendered":"https:\/\/monicavarela.com\/product\/hure-bracelet\/"},"modified":"2026-04-22T10:30:02","modified_gmt":"2026-04-22T14:30:02","slug":"hure-bracelet","status":"publish","type":"product","link":"https:\/\/monicavarela.com\/es\/product\/hure-bracelet\/","title":{"rendered":"Pulsera Hur\u00e9"},"content":{"rendered":"<p><a class=\"confirm_avail2\" href=\"https:\/\/wa.me\/18093508629?text=Hi,I%20would%20like%20to%20confirm%20availability%20of%20the%20Hur\u00e9%20Bracelet\u2026https:\/\/monicavarela.com\/product\/hure-bracelet\" rel=\"noopener\" target=\"_blank\">Confirma Disponibilidad<\/a><\/p>","protected":false},"excerpt":{"rendered":"<p>Monica Varela Jewelry empodera al opulento en busca de piezas de arte, dise\u00f1adas con detalles vanguardistas e infundidos por una imaginaci\u00f3n evolutiva y lo abstracto. Hecho a mano con \u00e9tica por artesanos de la Rep\u00fablica Dominicana con una mezcla elevada de t\u00e9cnicas de joyer\u00eda tradicionales y materiales de origen sostenible.<\/p>\n<p><span class=\"sptitle\">Pulsera Hur\u00e9<\/span><\/p>","protected":false},"featured_media":39510,"template":"","meta":{"wds_primary_product_brand":0,"wds_primary_product_cat":0,"wds_primary_giftcard-category":0,"footnotes":"","_links_to":"","_links_to_target":""},"product_brand":[],"product_cat":[1007,662],"product_tag":[1053,991,987,1067,1055],"giftcard-category":[],"class_list":{"0":"post-40727","1":"product","2":"type-product","3":"status-publish","4":"has-post-thumbnail","6":"product_cat-shop","7":"product_cat-hure","8":"product_tag-18k-micron-plating","9":"product_tag-for-her","10":"product_tag-under-300","11":"product_tag-under-400","12":"product_tag-gold","13":"pa_by-type-neckpieces","14":"pa_collection-hure","15":"pa_color-blazing-burgundy","16":"pa_color-jazzy-green","17":"pa_color-electric-blue","18":"pa_color-dote-red","19":"pa_color-thorne-black","20":"pa_letter-a","21":"pa_letter-b","22":"pa_letter-c","23":"pa_letter-d","24":"pa_letter-e","25":"pa_letter-f","26":"pa_letter-g","27":"pa_letter-h","28":"pa_letter-i","29":"pa_letter-j","30":"pa_letter-k","31":"pa_letter-l","32":"pa_letter-m","33":"pa_letter-n","34":"pa_letter-o","35":"pa_letter-p","36":"pa_letter-q","37":"pa_letter-r","38":"pa_letter-s","39":"pa_letter-t","40":"pa_letter-u","41":"pa_letter-v","42":"pa_letter-w","43":"pa_letter-x","44":"pa_letter-y","45":"pa_letter-z","46":"pa_material-18k-gold-micron-plating","47":"pa_shop-for-babes","48":"pa_short-material-18k-micron-plating","50":"first","51":"instock","52":"shipping-taxable","53":"purchasable","54":"product-type-variable","55":"has-default-attributes","56":"add-to-wishlist-before_image"},"_links":{"self":[{"href":"https:\/\/monicavarela.com\/es\/wp-json\/wp\/v2\/product\/40727","targetHints":{"allow":["GET"]}}],"collection":[{"href":"https:\/\/monicavarela.com\/es\/wp-json\/wp\/v2\/product"}],"about":[{"href":"https:\/\/monicavarela.com\/es\/wp-json\/wp\/v2\/types\/product"}],"version-history":[{"count":5,"href":"https:\/\/monicavarela.com\/es\/wp-json\/wp\/v2\/product\/40727\/revisions"}],"predecessor-version":[{"id":67582,"href":"https:\/\/monicavarela.com\/es\/wp-json\/wp\/v2\/product\/40727\/revisions\/67582"}],"wp:featuredmedia":[{"embeddable":true,"href":"https:\/\/monicavarela.com\/es\/wp-json\/wp\/v2\/media\/39510"}],"wp:attachment":[{"href":"https:\/\/monicavarela.com\/es\/wp-json\/wp\/v2\/media?parent=40727"}],"wp:term":[{"taxonomy":"product_brand","embeddable":true,"href":"https:\/\/monicavarela.com\/es\/wp-json\/wp\/v2\/product_brand?post=40727"},{"taxonomy":"product_cat","embeddable":true,"href":"https:\/\/monicavarela.com\/es\/wp-json\/wp\/v2\/product_cat?post=40727"},{"taxonomy":"product_tag","embeddable":true,"href":"https:\/\/monicavarela.com\/es\/wp-json\/wp\/v2\/product_tag?post=40727"},{"taxonomy":"giftcard-category","embeddable":true,"href":"https:\/\/monicavarela.com\/es\/wp-json\/wp\/v2\/giftcard-category?post=40727"}],"curies":[{"name":"wp","href":"https:\/\/api.w.org\/{rel}","templated":true}]}}