{"id":40420,"date":"2023-05-09T16:58:13","date_gmt":"2023-05-09T20:58:13","guid":{"rendered":"https:\/\/monicavarela.com\/?post_type=product&#038;p=40420"},"modified":"2026-04-14T09:12:03","modified_gmt":"2026-04-14T13:12:03","slug":"pirum-studs","status":"publish","type":"product","link":"https:\/\/monicavarela.com\/es\/product\/pirum-studs\/","title":{"rendered":"Pirum Stud"},"content":{"rendered":"<p><a class=\"confirm_avail2\" href=\"https:\/\/wa.me\/18093508629?text=Hi,I%20would%20like%20to%20confirm%20availability%20of%20the%20Pirum%20Studs\u2026https:\/\/monicavarela.com\/product\/pirum-studs\" rel=\"noopener\" target=\"_blank\">Confirma Disponibilidad<\/a><\/p>","protected":false},"excerpt":{"rendered":"<p>Monica Varela Jewelry empodera al opulento en busca de piezas de arte, dise\u00f1adas con detalles vanguardistas e infundidos por una imaginaci\u00f3n evolutiva y lo abstracto. Hecho a mano con \u00e9tica por artesanos de la Rep\u00fablica Dominicana con una mezcla elevada de t\u00e9cnicas de joyer\u00eda tradicionales y materiales de origen sostenible.<br \/>\n<span class=\"sptitle\">Aretes Pirum<\/span><\/p>","protected":false},"featured_media":40426,"template":"","meta":{"wds_primary_product_brand":0,"wds_primary_product_cat":0,"wds_primary_giftcard-category":0,"footnotes":"","_links_to":"","_links_to_target":""},"product_brand":[],"product_cat":[1007,728],"product_tag":[1053,991,1067,1055],"giftcard-category":[],"class_list":{"0":"post-40420","1":"product","2":"type-product","3":"status-publish","4":"has-post-thumbnail","6":"product_cat-shop","7":"product_cat-esli","8":"product_tag-18k-micron-plating","9":"product_tag-for-her","10":"product_tag-under-400","11":"product_tag-gold","12":"pa_by-type-earrings","13":"pa_collection-esli","14":"pa_color-blazing-burgundy","15":"pa_color-jazzy-green","16":"pa_color-electric-blue","17":"pa_color-dote-red","18":"pa_color-thorne-black","19":"pa_material-18k-gold-micron-plating","20":"pa_shop-for-babes","21":"pa_short-material-18k-micron-plating","23":"first","24":"instock","25":"shipping-taxable","26":"purchasable","27":"product-type-variable","28":"has-default-attributes","29":"add-to-wishlist-before_image"},"_links":{"self":[{"href":"https:\/\/monicavarela.com\/es\/wp-json\/wp\/v2\/product\/40420","targetHints":{"allow":["GET"]}}],"collection":[{"href":"https:\/\/monicavarela.com\/es\/wp-json\/wp\/v2\/product"}],"about":[{"href":"https:\/\/monicavarela.com\/es\/wp-json\/wp\/v2\/types\/product"}],"version-history":[{"count":5,"href":"https:\/\/monicavarela.com\/es\/wp-json\/wp\/v2\/product\/40420\/revisions"}],"predecessor-version":[{"id":67947,"href":"https:\/\/monicavarela.com\/es\/wp-json\/wp\/v2\/product\/40420\/revisions\/67947"}],"wp:featuredmedia":[{"embeddable":true,"href":"https:\/\/monicavarela.com\/es\/wp-json\/wp\/v2\/media\/40426"}],"wp:attachment":[{"href":"https:\/\/monicavarela.com\/es\/wp-json\/wp\/v2\/media?parent=40420"}],"wp:term":[{"taxonomy":"product_brand","embeddable":true,"href":"https:\/\/monicavarela.com\/es\/wp-json\/wp\/v2\/product_brand?post=40420"},{"taxonomy":"product_cat","embeddable":true,"href":"https:\/\/monicavarela.com\/es\/wp-json\/wp\/v2\/product_cat?post=40420"},{"taxonomy":"product_tag","embeddable":true,"href":"https:\/\/monicavarela.com\/es\/wp-json\/wp\/v2\/product_tag?post=40420"},{"taxonomy":"giftcard-category","embeddable":true,"href":"https:\/\/monicavarela.com\/es\/wp-json\/wp\/v2\/giftcard-category?post=40420"}],"curies":[{"name":"wp","href":"https:\/\/api.w.org\/{rel}","templated":true}]}}